{"id":873,"date":"2020-11-30T13:05:00","date_gmt":"2020-11-30T13:05:06","guid":{"rendered":"\/docs-mcloud\/hilfe\/regio\/auflage\/"},"modified":"2023-08-31T10:00:31","modified_gmt":"2023-08-31T10:00:31","slug":"auflagen","status":"publish","type":"page","link":"\/docs-mcloud\/hilfe\/regio\/auflagen\/","title":{"rendered":"Auflagen"},"content":{"rendered":"\n<p>In der Auswahl <em>Auflagen <\/em>wird die Verteilung der Auflagen eines Titels in den Gemeinden mit abgestufter Fl\u00e4chenf\u00e4rbung dargestellt.<\/p>\n\n\n\n<figure class=\"wp-block-image size-large\"><a href=\"\/docs-mcloud\/wp-content\/uploads\/sites\/4\/2020\/12\/regio-auflage.png\"><img loading=\"lazy\" decoding=\"async\" width=\"368\" height=\"93\" src=\"\/docs-mcloud\/wp-content\/uploads\/sites\/4\/2020\/12\/regio-auflage.png\" alt=\"\" class=\"wp-image-1027\" srcset=\"\/docs-mcloud\/wp-content\/uploads\/sites\/4\/2020\/12\/regio-auflage.png 368w, \/docs-mcloud\/wp-content\/uploads\/sites\/4\/2020\/12\/regio-auflage-300x76.png 300w\" sizes=\"auto, (max-width: 368px) 100vw, 368px\" \/><\/a><\/figure>\n\n\n\n<p>\u00dcber den Filter <em>Min. Auflage<\/em> kann das dargestellte Gebiet eingeschr\u00e4nkt werden.<\/p>\n\n\n\n<figure class=\"wp-block-image size-large\"><a href=\"\/docs-mcloud\/wp-content\/uploads\/sites\/4\/2020\/12\/regio-min-auflage.png\"><img loading=\"lazy\" decoding=\"async\" width=\"215\" height=\"65\" src=\"\/docs-mcloud\/wp-content\/uploads\/sites\/4\/2020\/12\/regio-min-auflage.png\" alt=\"\" class=\"wp-image-1031\" \/><\/a><\/figure>\n\n\n\n<p>F\u00fcr die farbliche Abstufung der Darstellung wird die Auflage des Titels \u00fcber alle Gebiete sortiert und in 5 gleiche Teile unterteilt. Die 20 % der Gebiete mit h\u00f6chster Auflage werden am st\u00e4rksten, die 20 % der Gebiete mit niedrigster Auflage am schw\u00e4chsten eingef\u00e4rbt. \u00dcber das <img decoding=\"async\" class=\"wp-image-1002\" style=\"width: 20px\" src=\"\/docs-mcloud\/wp-content\/uploads\/sites\/4\/2020\/11\/location_arrow.svg\" alt=\"\"> Icon neben dem Namen der Gemeinde kann gezielt auf diese Gemeinde auf der Karte gezoomt werden.<\/p>\n\n\n\n<figure class=\"wp-block-image size-large\"><a href=\"\/docs-mcloud\/wp-content\/uploads\/sites\/4\/2020\/12\/regio-auflagen-karte.png\"><img loading=\"lazy\" decoding=\"async\" width=\"835\" height=\"264\" src=\"\/docs-mcloud\/wp-content\/uploads\/sites\/4\/2020\/12\/regio-auflagen-karte.png\" alt=\"\" class=\"wp-image-1030\" srcset=\"\/docs-mcloud\/wp-content\/uploads\/sites\/4\/2020\/12\/regio-auflagen-karte.png 835w, \/docs-mcloud\/wp-content\/uploads\/sites\/4\/2020\/12\/regio-auflagen-karte-300x95.png 300w, \/docs-mcloud\/wp-content\/uploads\/sites\/4\/2020\/12\/regio-auflagen-karte-768x243.png 768w\" sizes=\"auto, (max-width: 835px) 100vw, 835px\" \/><\/a><\/figure>\n","protected":false},"excerpt":{"rendered":"<p>In der Auswahl Auflagen wird die Verteilung der Auflagen eines Titels in den Gemeinden mit abgestufter Fl\u00e4chenf\u00e4rbung dargestellt. \u00dcber den Filter Min. Auflage kann das dargestellte Gebiet eingeschr\u00e4nkt werden. F\u00fcr die farbliche Abstufung der Darstellung wird die Auflage des Titels \u00fcber alle Gebiete sortiert und in 5 gleiche Teile unterteilt. Die 20 % der Gebiete [&hellip;]<\/p>\n","protected":false},"author":1,"featured_media":0,"parent":663,"menu_order":2,"comment_status":"closed","ping_status":"closed","template":"","meta":{"_acf_changed":false,"inline_featured_image":false,"footnotes":""},"class_list":["post-873","page","type-page","status-publish","hentry"],"acf":[],"_links":{"self":[{"href":"\/docs-mcloud\/wp-json\/wp\/v2\/pages\/873","targetHints":{"allow":["GET"]}}],"collection":[{"href":"\/docs-mcloud\/wp-json\/wp\/v2\/pages"}],"about":[{"href":"\/docs-mcloud\/wp-json\/wp\/v2\/types\/page"}],"author":[{"embeddable":true,"href":"\/docs-mcloud\/wp-json\/wp\/v2\/users\/1"}],"replies":[{"embeddable":true,"href":"\/docs-mcloud\/wp-json\/wp\/v2\/comments?post=873"}],"version-history":[{"count":7,"href":"\/docs-mcloud\/wp-json\/wp\/v2\/pages\/873\/revisions"}],"predecessor-version":[{"id":2115,"href":"\/docs-mcloud\/wp-json\/wp\/v2\/pages\/873\/revisions\/2115"}],"up":[{"embeddable":true,"href":"\/docs-mcloud\/wp-json\/wp\/v2\/pages\/663"}],"wp:attachment":[{"href":"\/docs-mcloud\/wp-json\/wp\/v2\/media?parent=873"}],"curies":[{"name":"wp","href":"https:\/\/api.w.org\/{rel}","templated":true}]}}