{"id":869,"date":"2020-11-30T13:04:21","date_gmt":"2020-11-30T13:04:21","guid":{"rendered":"\/docs-mcloud\/hilfe\/regio\/region-definieren\/suche-ueber-den-finder\/"},"modified":"2023-08-31T10:00:31","modified_gmt":"2023-08-31T10:00:31","slug":"suche-ueber-den-finder","status":"publish","type":"page","link":"\/docs-mcloud\/hilfe\/regio\/region-definieren\/suche-ueber-den-finder\/","title":{"rendered":"Suche \u00fcber den Finder"},"content":{"rendered":"\n<div class=\"wp-block-columns is-layout-flex wp-container-core-columns-is-layout-9d6595d7 wp-block-columns-is-layout-flex\">\n<div class=\"wp-block-column is-layout-flow wp-block-column-is-layout-flow\">\n<figure class=\"wp-block-image size-large\"><a href=\"\/docs-mcloud\/wp-content\/uploads\/sites\/4\/2020\/11\/regio-gebiete-finder.png\"><img loading=\"lazy\" decoding=\"async\" width=\"232\" height=\"170\" src=\"\/docs-mcloud\/wp-content\/uploads\/sites\/4\/2020\/11\/regio-gebiete-finder.png\" alt=\"\" class=\"wp-image-990\"\/><\/a><\/figure>\n<\/div>\n\n\n\n<div class=\"wp-block-column is-layout-flow wp-block-column-is-layout-flow\">\n<p>Der Finder hilft beim schnellen Auffinden eines Belegungsgebietes, eines Ortes oder einer Belegungseinheit.<\/p>\n\n\n\n<p>Die Hintergrundfarbe der aufgef\u00fchrten Suchergebnisses zeigt an, in welchem Ordner der gesuchte Text gefunden wurde: lila f\u00fcr Gebiete und t\u00fcrkis f\u00fcr Medien.<\/p>\n\n\n\n<p>Bei der Eingabe von zwei und mehreren Suchworten werden diese innerhalb eines Textstrings gesucht. Gro\u00df- und Kleinschreibung werden ignoriert.<\/p>\n<\/div>\n<\/div>\n","protected":false},"excerpt":{"rendered":"<p>Der Finder hilft beim schnellen Auffinden eines Belegungsgebietes, eines Ortes oder einer Belegungseinheit. Die Hintergrundfarbe der aufgef\u00fchrten Suchergebnisses zeigt an, in welchem Ordner der gesuchte Text gefunden wurde: lila f\u00fcr Gebiete und t\u00fcrkis f\u00fcr Medien. Bei der Eingabe von zwei und mehreren Suchworten werden diese innerhalb eines Textstrings gesucht. Gro\u00df- und Kleinschreibung werden ignoriert.<\/p>\n","protected":false},"author":1,"featured_media":0,"parent":863,"menu_order":2,"comment_status":"closed","ping_status":"closed","template":"","meta":{"_acf_changed":false,"inline_featured_image":false,"footnotes":""},"class_list":["post-869","page","type-page","status-publish","hentry"],"acf":[],"_links":{"self":[{"href":"\/docs-mcloud\/wp-json\/wp\/v2\/pages\/869","targetHints":{"allow":["GET"]}}],"collection":[{"href":"\/docs-mcloud\/wp-json\/wp\/v2\/pages"}],"about":[{"href":"\/docs-mcloud\/wp-json\/wp\/v2\/types\/page"}],"author":[{"embeddable":true,"href":"\/docs-mcloud\/wp-json\/wp\/v2\/users\/1"}],"replies":[{"embeddable":true,"href":"\/docs-mcloud\/wp-json\/wp\/v2\/comments?post=869"}],"version-history":[{"count":1,"href":"\/docs-mcloud\/wp-json\/wp\/v2\/pages\/869\/revisions"}],"predecessor-version":[{"id":991,"href":"\/docs-mcloud\/wp-json\/wp\/v2\/pages\/869\/revisions\/991"}],"up":[{"embeddable":true,"href":"\/docs-mcloud\/wp-json\/wp\/v2\/pages\/863"}],"wp:attachment":[{"href":"\/docs-mcloud\/wp-json\/wp\/v2\/media?parent=869"}],"curies":[{"name":"wp","href":"https:\/\/api.w.org\/{rel}","templated":true}]}}