{"id":867,"date":"2020-11-30T13:04:10","date_gmt":"2020-11-30T13:04:10","guid":{"rendered":"\/docs-mcloud\/hilfe\/regio\/region-definieren\/umkreis-standorte-festlegen\/"},"modified":"2023-08-31T10:00:30","modified_gmt":"2023-08-31T10:00:30","slug":"umkreis-standorte-festlegen","status":"publish","type":"page","link":"\/docs-mcloud\/hilfe\/regio\/region-definieren\/umkreis-standorte-festlegen\/","title":{"rendered":"Umkreis + Standorte festlegen"},"content":{"rendered":"\n<h2 class=\"wp-block-heading\">Standorte bearbeiten<\/h2>\n\n\n\n<div class=\"wp-block-columns is-layout-flex wp-container-core-columns-is-layout-9d6595d7 wp-block-columns-is-layout-flex\">\n<div class=\"wp-block-column is-layout-flow wp-block-column-is-layout-flow\">\n<figure class=\"wp-block-image size-large\"><a href=\"\/docs-mcloud\/wp-content\/uploads\/sites\/4\/2020\/11\/regio-gebiete-standort-hinzufuegen.png\"><img loading=\"lazy\" decoding=\"async\" width=\"286\" height=\"116\" src=\"\/docs-mcloud\/wp-content\/uploads\/sites\/4\/2020\/11\/regio-gebiete-standort-hinzufuegen.png\" alt=\"\" class=\"wp-image-937\" \/><\/a><\/figure>\n<\/div>\n\n\n\n<div class=\"wp-block-column is-layout-flow wp-block-column-is-layout-flow\">\n<p>Auf der Karte kann \u00fcber das Kontextmen\u00fc der rechten Maustaste eine Standortmarke gesetzt werden.<\/p>\n<\/div>\n<\/div>\n\n\n\n<div class=\"wp-block-columns is-layout-flex wp-container-core-columns-is-layout-9d6595d7 wp-block-columns-is-layout-flex\">\n<div class=\"wp-block-column is-layout-flow wp-block-column-is-layout-flow\">\n<figure class=\"wp-block-image size-large\"><a href=\"\/docs-mcloud\/wp-content\/uploads\/sites\/4\/2020\/11\/regio-gebiete-standort-bearbeiten.png\"><img loading=\"lazy\" decoding=\"async\" width=\"294\" height=\"170\" src=\"\/docs-mcloud\/wp-content\/uploads\/sites\/4\/2020\/11\/regio-gebiete-standort-bearbeiten.png\" alt=\"\" class=\"wp-image-943\" \/><\/a><\/figure>\n<\/div>\n\n\n\n<div class=\"wp-block-column is-layout-flow wp-block-column-is-layout-flow\">\n<p>Die Standortmarke kann auf der Karte bewegt oder \u00fcber die Option im Mausmen\u00fc auf der Karte fixiert werden.<\/p>\n\n\n\n<p>Der Standortname wird \u00fcber ein Textfenster eingegeben. Bezeichnung und Farbe k\u00f6nnen nachtr\u00e4glich ge\u00e4ndert werden.<\/p>\n\n\n\n<p>Standorte werden automatisch f\u00fcr den Benutzer gespeichert und gelten Studien-\u00fcbergreifend.<\/p>\n\n\n\n<p>Sie bleiben solange auf der Karte, bis sie vom Anwender gel\u00f6scht werden.<\/p>\n<\/div>\n<\/div>\n\n\n\n<div class=\"wp-block-columns is-layout-flex wp-container-core-columns-is-layout-9d6595d7 wp-block-columns-is-layout-flex\">\n<div class=\"wp-block-column is-layout-flow wp-block-column-is-layout-flow\">\n<figure class=\"wp-block-image size-large\"><a href=\"\/docs-mcloud\/wp-content\/uploads\/sites\/4\/2020\/11\/regio-gebiete-gehe-zu-standort.png\"><img loading=\"lazy\" decoding=\"async\" width=\"409\" height=\"267\" src=\"\/docs-mcloud\/wp-content\/uploads\/sites\/4\/2020\/11\/regio-gebiete-gehe-zu-standort.png\" alt=\"\" class=\"wp-image-951\" srcset=\"\/docs-mcloud\/wp-content\/uploads\/sites\/4\/2020\/11\/regio-gebiete-gehe-zu-standort.png 409w, \/docs-mcloud\/wp-content\/uploads\/sites\/4\/2020\/11\/regio-gebiete-gehe-zu-standort-300x196.png 300w\" sizes=\"auto, (max-width: 409px) 100vw, 409px\" \/><\/a><\/figure>\n<\/div>\n\n\n\n<div class=\"wp-block-column is-layout-flow wp-block-column-is-layout-flow\">\n<p>Ist ein Standort definiert, gibt es in der Infoleiste die Option <em>Gehe zu<\/em>.<\/p>\n\n\n\n<p>Hiermit kann man gezielt den aktuellen Kartenausschnitt auf den dort gew\u00e4hlten Standort zentrieren.<\/p>\n<\/div>\n<\/div>\n\n\n\n<h2 class=\"wp-block-heading\">Umkreis definieren<\/h2>\n\n\n\n<p>Neben der Verwendung eines definierten Verbreitungsgebiets aus dem Selektionsbaum besteht die M\u00f6glichkeit, ein Gebiet \u00fcber das Zeichnen eines Kreises zu definieren.<\/p>\n\n\n\n<div class=\"wp-block-columns is-layout-flex wp-container-core-columns-is-layout-9d6595d7 wp-block-columns-is-layout-flex\">\n<div class=\"wp-block-column is-layout-flow wp-block-column-is-layout-flow\">\n<figure class=\"wp-block-image size-large\"><a href=\"\/docs-mcloud\/wp-content\/uploads\/sites\/4\/2020\/11\/regio-gebiete-umkreis-hinzufuegen.png\"><img loading=\"lazy\" decoding=\"async\" width=\"272\" height=\"113\" src=\"\/docs-mcloud\/wp-content\/uploads\/sites\/4\/2020\/11\/regio-gebiete-umkreis-hinzufuegen.png\" alt=\"\" class=\"wp-image-967\" \/><\/a><\/figure>\n<\/div>\n\n\n\n<div class=\"wp-block-column is-layout-flow wp-block-column-is-layout-flow\">\n<figure class=\"wp-block-image size-large\"><a href=\"\/docs-mcloud\/wp-content\/uploads\/sites\/4\/2020\/11\/regio-gebiete-umkreis-hinzufuegen-standort.png\"><img loading=\"lazy\" decoding=\"async\" width=\"285\" height=\"162\" src=\"\/docs-mcloud\/wp-content\/uploads\/sites\/4\/2020\/11\/regio-gebiete-umkreis-hinzufuegen-standort.png\" alt=\"\" class=\"wp-image-973\" \/><\/a><\/figure>\n<\/div>\n<\/div>\n\n\n\n<p>Abh\u00e4ngig vom Modus Regionen hinzuf\u00fcgen oder Regionen entfernen l\u00e4sst sich von dem Punkt beim \u00d6ffnen des Kontextmenus ein Kreis ziehen.<\/p>\n\n\n\n<figure class=\"wp-block-image size-large\"><a href=\"\/docs-mcloud\/wp-content\/uploads\/sites\/4\/2020\/11\/regio-gebiete-umkreis-definieren.png\"><img loading=\"lazy\" decoding=\"async\" width=\"459\" height=\"380\" src=\"\/docs-mcloud\/wp-content\/uploads\/sites\/4\/2020\/11\/regio-gebiete-umkreis-definieren.png\" alt=\"\" class=\"wp-image-970\" srcset=\"\/docs-mcloud\/wp-content\/uploads\/sites\/4\/2020\/11\/regio-gebiete-umkreis-definieren.png 459w, \/docs-mcloud\/wp-content\/uploads\/sites\/4\/2020\/11\/regio-gebiete-umkreis-definieren-300x248.png 300w\" sizes=\"auto, (max-width: 459px) 100vw, 459px\" \/><\/a><\/figure>\n\n\n\n<p>Der Radius des Kreises wird im Kreismittelpunkt angezeigt. Bei einem nachfolgenden Linksklick werden alle Gemeinden, deren Mittelpunkt sich innerhalb des gezeichneten Kreises befindet zu der aktuellen Auswahl hinzugef\u00fcgt bzw. entfernt.<\/p>\n","protected":false},"excerpt":{"rendered":"<p>Standorte bearbeiten Auf der Karte kann \u00fcber das Kontextmen\u00fc der rechten Maustaste eine Standortmarke gesetzt werden. Die Standortmarke kann auf der Karte bewegt oder \u00fcber die Option im Mausmen\u00fc auf der Karte fixiert werden. Der Standortname wird \u00fcber ein Textfenster eingegeben. Bezeichnung und Farbe k\u00f6nnen nachtr\u00e4glich ge\u00e4ndert werden. Standorte werden automatisch f\u00fcr den Benutzer gespeichert [&hellip;]<\/p>\n","protected":false},"author":1,"featured_media":0,"parent":863,"menu_order":1,"comment_status":"closed","ping_status":"closed","template":"","meta":{"_acf_changed":false,"inline_featured_image":false,"footnotes":""},"class_list":["post-867","page","type-page","status-publish","hentry"],"acf":[],"_links":{"self":[{"href":"\/docs-mcloud\/wp-json\/wp\/v2\/pages\/867","targetHints":{"allow":["GET"]}}],"collection":[{"href":"\/docs-mcloud\/wp-json\/wp\/v2\/pages"}],"about":[{"href":"\/docs-mcloud\/wp-json\/wp\/v2\/types\/page"}],"author":[{"embeddable":true,"href":"\/docs-mcloud\/wp-json\/wp\/v2\/users\/1"}],"replies":[{"embeddable":true,"href":"\/docs-mcloud\/wp-json\/wp\/v2\/comments?post=867"}],"version-history":[{"count":9,"href":"\/docs-mcloud\/wp-json\/wp\/v2\/pages\/867\/revisions"}],"predecessor-version":[{"id":2111,"href":"\/docs-mcloud\/wp-json\/wp\/v2\/pages\/867\/revisions\/2111"}],"up":[{"embeddable":true,"href":"\/docs-mcloud\/wp-json\/wp\/v2\/pages\/863"}],"wp:attachment":[{"href":"\/docs-mcloud\/wp-json\/wp\/v2\/media?parent=867"}],"curies":[{"name":"wp","href":"https:\/\/api.w.org\/{rel}","templated":true}]}}