{"id":662,"date":"2020-11-27T13:17:00","date_gmt":"2020-11-27T13:17:09","guid":{"rendered":"\/docs-mcloud\/zielgruppendefinition\/"},"modified":"2026-04-24T06:16:40","modified_gmt":"2026-04-24T06:16:40","slug":"zielgruppe","status":"publish","type":"page","link":"\/docs-mcloud\/hilfe\/zielgruppe\/","title":{"rendered":"Zielgruppe"},"content":{"rendered":"\n<p>Das Modul <em>Zielgruppe<\/em> ist f\u00fcr die Erstellung komplexer Zielgruppendefinitionen vorgesehen, die direkt in der Tabelle nur aufwendig erstellt werden k\u00f6nnen.<\/p>\n\n\n\n<p>Die hier definierten Zielgruppen stehen automatisch im Ordner <em>Tempor\u00e4re Zielgruppen<\/em> im Codeplan f\u00fcr alle Auswertungen zur Verf\u00fcgung.<\/p>\n\n\n\n<p>Werden Zielgruppen aktiv gespeichert, verschwinden diese aus dem Arbeitsbereich, sodass unter dem Reiter <em>Tempor\u00e4re Zielgruppen<\/em> immer nur tempor\u00e4r angelegte Zielgruppen sichtbar sind.<\/p>\n\n\n\n<figure class=\"wp-block-image size-full\"><img loading=\"lazy\" decoding=\"async\" width=\"604\" height=\"252\" src=\"\/docs-mcloud\/wp-content\/uploads\/sites\/4\/2026\/04\/image-10.png\" alt=\"\" class=\"wp-image-3223\" srcset=\"\/docs-mcloud\/wp-content\/uploads\/sites\/4\/2026\/04\/image-10.png 604w, \/docs-mcloud\/wp-content\/uploads\/sites\/4\/2026\/04\/image-10-300x125.png 300w\" sizes=\"auto, (max-width: 604px) 100vw, 604px\" \/><\/figure>\n\n\n\n<p>Per Drag &amp; Drop ziehen Sie Ihre Zielgruppe direkt aus dem Codeplan der Studie auf den Arbeitsbereich. Das Potenzial wird sofort angezeigt, bei verkn\u00fcpften Zielgruppen das Potenzial der Gesamtzielgruppe, wie auch das jeder Teilzielgruppe.<\/p>\n\n\n\n<figure class=\"wp-block-image size-large\"><a href=\"\/docs-mcloud\/wp-content\/uploads\/sites\/4\/2020\/11\/ZG2.png\"><img loading=\"lazy\" decoding=\"async\" width=\"808\" height=\"270\" src=\"\/docs-mcloud\/wp-content\/uploads\/sites\/4\/2020\/11\/ZG2.png\" alt=\"\" class=\"wp-image-834\" srcset=\"\/docs-mcloud\/wp-content\/uploads\/sites\/4\/2020\/11\/ZG2.png 808w, \/docs-mcloud\/wp-content\/uploads\/sites\/4\/2020\/11\/ZG2-300x100.png 300w, \/docs-mcloud\/wp-content\/uploads\/sites\/4\/2020\/11\/ZG2-768x257.png 768w\" sizes=\"auto, (max-width: 808px) 100vw, 808px\" \/><\/a><\/figure>\n\n\n\n<p>Die Zielgruppe wird als Box, bestehend aus Titelzeile und Definitionsbereich, dargestellt.<\/p>\n\n\n\n<p>Per Doppelklick auf die Zielgruppen\u00fcberschrift wird sie als Filterzielgruppe in alle Auswertungen geladen.<\/p>\n\n\n\n<p>Mit einem Klick auf den Excel-Button werden alle vorhandenen Zielgruppen in einer Strukturansicht zu exportiert. Befinden sich zwei oder mehrere definierte Zielgruppen im Modul Zielgruppe wird f\u00fcr diese jeweils ein <strong>eigenes Excel-Sheet<\/strong> erzeugt. Dabei orientiert sich das Sheet-Label am vergebenen (individuellen) Zielgruppennamen &#8211; nicht nach der Benennung der Zielgruppendatei bei der Speicherung.<\/p>\n\n\n\n<p><\/p>\n","protected":false},"excerpt":{"rendered":"<p>Das Modul Zielgruppe ist f\u00fcr die Erstellung komplexer Zielgruppendefinitionen vorgesehen, die direkt in der Tabelle nur aufwendig erstellt werden k\u00f6nnen. Die hier definierten Zielgruppen stehen automatisch im Ordner Tempor\u00e4re Zielgruppen im Codeplan f\u00fcr alle Auswertungen zur Verf\u00fcgung. Werden Zielgruppen aktiv gespeichert, verschwinden diese aus dem Arbeitsbereich, sodass unter dem Reiter Tempor\u00e4re Zielgruppen immer nur tempor\u00e4r [&hellip;]<\/p>\n","protected":false},"author":1,"featured_media":0,"parent":5,"menu_order":5,"comment_status":"closed","ping_status":"closed","template":"","meta":{"_acf_changed":false,"inline_featured_image":false,"footnotes":""},"class_list":["post-662","page","type-page","status-publish","hentry"],"acf":[],"_links":{"self":[{"href":"\/docs-mcloud\/wp-json\/wp\/v2\/pages\/662","targetHints":{"allow":["GET"]}}],"collection":[{"href":"\/docs-mcloud\/wp-json\/wp\/v2\/pages"}],"about":[{"href":"\/docs-mcloud\/wp-json\/wp\/v2\/types\/page"}],"author":[{"embeddable":true,"href":"\/docs-mcloud\/wp-json\/wp\/v2\/users\/1"}],"replies":[{"embeddable":true,"href":"\/docs-mcloud\/wp-json\/wp\/v2\/comments?post=662"}],"version-history":[{"count":4,"href":"\/docs-mcloud\/wp-json\/wp\/v2\/pages\/662\/revisions"}],"predecessor-version":[{"id":3226,"href":"\/docs-mcloud\/wp-json\/wp\/v2\/pages\/662\/revisions\/3226"}],"up":[{"embeddable":true,"href":"\/docs-mcloud\/wp-json\/wp\/v2\/pages\/5"}],"wp:attachment":[{"href":"\/docs-mcloud\/wp-json\/wp\/v2\/media?parent=662"}],"curies":[{"name":"wp","href":"https:\/\/api.w.org\/{rel}","templated":true}]}}