{"id":660,"date":"2020-11-27T13:17:09","date_gmt":"2020-11-27T13:17:09","guid":{"rendered":"\/docs-mcloud\/streuplan\/"},"modified":"2023-08-31T10:00:30","modified_gmt":"2023-08-31T10:00:30","slug":"streuplan","status":"publish","type":"page","link":"\/docs-mcloud\/hilfe\/streuplan\/","title":{"rendered":"Streuplan"},"content":{"rendered":"\n<p>Der Streuplan ist Teil der Mediaplanung. Er stellt eine \u00dcbersicht \u00fcber die Verteilung und den zeitlichen Einsatz von Werbema\u00dfnahmen dar und ist damit das Kernst\u00fcck im Konzept einer Werbekampagne. Ziel ist ein optimaler Einsatz von Medien und die Vermeidung von Streuverlusten.<\/p>\n\n\n\n<figure class=\"wp-block-image size-large\"><a href=\"\/docs-mcloud\/wp-content\/uploads\/sites\/4\/2020\/12\/streuplan-ui.png\"><img loading=\"lazy\" decoding=\"async\" width=\"1007\" height=\"482\" src=\"\/docs-mcloud\/wp-content\/uploads\/sites\/4\/2020\/12\/streuplan-ui.png\" alt=\"\" class=\"wp-image-1123\" srcset=\"\/docs-mcloud\/wp-content\/uploads\/sites\/4\/2020\/12\/streuplan-ui.png 1007w, \/docs-mcloud\/wp-content\/uploads\/sites\/4\/2020\/12\/streuplan-ui-300x144.png 300w, \/docs-mcloud\/wp-content\/uploads\/sites\/4\/2020\/12\/streuplan-ui-768x368.png 768w\" sizes=\"auto, (max-width: 1007px) 100vw, 1007px\" \/><\/a><\/figure>\n\n\n\n<p>Allgemeine Vorgaben, wie Tarif <span class=\"has-inline-color has-vivid-red-color\">(1)<\/span>, Netto \/ Brutto <span class=\"has-inline-color has-vivid-red-color\">(2)<\/span>, Anzeigenformat <span class=\"has-inline-color has-vivid-red-color\">(3 + 4)<\/span>, Planungszeitraum <span class=\"has-inline-color has-vivid-red-color\">(5)<\/span>, Verkaufte Auflage <span class=\"has-inline-color has-vivid-red-color\">(7)<\/span>, Gewichtung <span class=\"has-inline-color has-vivid-red-color\">(8)<\/span> und Preisoptimierung <span class=\"has-inline-color has-vivid-red-color\">(9)<\/span> werden in der Infobar des Streuplans festgelegt und dokumentiert. Die verf\u00fcgbaren Optionen wechseln je nach gew\u00e4hlter Mediengattung und gew\u00e4hlter Leistungswerte &#8211; siehe <a href=\"\/docs-mcloud\/hilfe\/streuplan\/optionen\/\" data-type=\"page\" data-id=\"1280\">Streuplan Optionen<\/a>.<\/p>\n\n\n\n<h2 class=\"wp-block-heading\">Medien<\/h2>\n\n\n\n<p>In der Streuplananalyse und der Rangreihenz\u00e4hlung wird auf dieselbe Medienauswahl zugegriffen. Die Medien der Rangreihe werden als Plankandidaten inkl. medienspezifischer Vorgaben f\u00fcr die Streuplananalyse \u00fcbernommen. Das bedeutet auch, dass ein belegtes Medium aus dem Streuplan entfernt wird, wenn dieses aus der Rangreihe gel\u00f6scht wird.<\/p>\n\n\n\n<p>Weitere Medien k\u00f6nnen per Drag &amp; Drop aus dem Datenpanel in die Vorspalte des Arbeitsbereichs gezogen werden.<\/p>\n\n\n\n<figure class=\"wp-block-image size-large\"><a href=\"\/docs-mcloud\/wp-content\/uploads\/sites\/4\/2020\/12\/streuplan-dnd.png\"><img loading=\"lazy\" decoding=\"async\" width=\"737\" height=\"403\" src=\"\/docs-mcloud\/wp-content\/uploads\/sites\/4\/2020\/12\/streuplan-dnd.png\" alt=\"\" class=\"wp-image-1135\" srcset=\"\/docs-mcloud\/wp-content\/uploads\/sites\/4\/2020\/12\/streuplan-dnd.png 737w, \/docs-mcloud\/wp-content\/uploads\/sites\/4\/2020\/12\/streuplan-dnd-300x164.png 300w\" sizes=\"auto, (max-width: 737px) 100vw, 737px\" \/><\/a><\/figure>\n\n\n\n<h2 class=\"wp-block-heading\">Leistungswerte<\/h2>\n\n\n\n<figure class=\"wp-block-image size-large\"><a href=\"\/docs-mcloud\/wp-content\/uploads\/sites\/4\/2020\/12\/streuplan-dnd-leistungswerte.png\"><img loading=\"lazy\" decoding=\"async\" width=\"856\" height=\"380\" src=\"\/docs-mcloud\/wp-content\/uploads\/sites\/4\/2020\/12\/streuplan-dnd-leistungswerte.png\" alt=\"\" class=\"wp-image-1138\" srcset=\"\/docs-mcloud\/wp-content\/uploads\/sites\/4\/2020\/12\/streuplan-dnd-leistungswerte.png 856w, \/docs-mcloud\/wp-content\/uploads\/sites\/4\/2020\/12\/streuplan-dnd-leistungswerte-300x133.png 300w, \/docs-mcloud\/wp-content\/uploads\/sites\/4\/2020\/12\/streuplan-dnd-leistungswerte-768x341.png 768w\" sizes=\"auto, (max-width: 856px) 100vw, 856px\" \/><\/a><\/figure>\n\n\n\n<p>Leistungswerte k\u00f6nnen ebenfalls mittels Drag &amp; Drop aus dem Datenpanel in den Kopf des Arbeitsbereichs gezogen werden.<\/p>\n\n\n\n<h2 class=\"wp-block-heading\">L\u00f6schen von Medien oder Leistungswerten<\/h2>\n\n\n\n<figure class=\"wp-block-image size-large\"><a href=\"\/docs-mcloud\/wp-content\/uploads\/sites\/4\/2020\/12\/streuplan-dnd-delete.png\"><img loading=\"lazy\" decoding=\"async\" width=\"925\" height=\"360\" src=\"\/docs-mcloud\/wp-content\/uploads\/sites\/4\/2020\/12\/streuplan-dnd-delete.png\" alt=\"\" class=\"wp-image-1154\" srcset=\"\/docs-mcloud\/wp-content\/uploads\/sites\/4\/2020\/12\/streuplan-dnd-delete.png 925w, \/docs-mcloud\/wp-content\/uploads\/sites\/4\/2020\/12\/streuplan-dnd-delete-300x117.png 300w, \/docs-mcloud\/wp-content\/uploads\/sites\/4\/2020\/12\/streuplan-dnd-delete-768x299.png 768w\" sizes=\"auto, (max-width: 925px) 100vw, 925px\" \/><\/a><\/figure>\n\n\n\n<p>Ein Zeile oder Spalte kann auf die M\u00fclltonne <span class=\"has-inline-color has-vivid-red-color\">(1)<\/span> gezogen werden, wodurch das Element aus dem Arbeitsbereich entfernt wird.<\/p>\n\n\n\n<p>Die Reihenfolge der Spalten kann, wie in <span class=\"has-inline-color has-vivid-red-color\">(2)<\/span> gezeigt, angepasst werden. Kommastellen und Layoutprofile werden unter <span class=\"has-inline-color has-vivid-red-color\">(3)<\/span> verwaltet.<\/p>\n","protected":false},"excerpt":{"rendered":"<p>Der Streuplan ist Teil der Mediaplanung. Er stellt eine \u00dcbersicht \u00fcber die Verteilung und den zeitlichen Einsatz von Werbema\u00dfnahmen dar und ist damit das Kernst\u00fcck im Konzept einer Werbekampagne. Ziel ist ein optimaler Einsatz von Medien und die Vermeidung von Streuverlusten. Allgemeine Vorgaben, wie Tarif (1), Netto \/ Brutto (2), Anzeigenformat (3 + 4), Planungszeitraum [&hellip;]<\/p>\n","protected":false},"author":1,"featured_media":0,"parent":5,"menu_order":4,"comment_status":"closed","ping_status":"closed","template":"","meta":{"_acf_changed":false,"inline_featured_image":false,"footnotes":""},"class_list":["post-660","page","type-page","status-publish","hentry"],"acf":[],"_links":{"self":[{"href":"\/docs-mcloud\/wp-json\/wp\/v2\/pages\/660","targetHints":{"allow":["GET"]}}],"collection":[{"href":"\/docs-mcloud\/wp-json\/wp\/v2\/pages"}],"about":[{"href":"\/docs-mcloud\/wp-json\/wp\/v2\/types\/page"}],"author":[{"embeddable":true,"href":"\/docs-mcloud\/wp-json\/wp\/v2\/users\/1"}],"replies":[{"embeddable":true,"href":"\/docs-mcloud\/wp-json\/wp\/v2\/comments?post=660"}],"version-history":[{"count":15,"href":"\/docs-mcloud\/wp-json\/wp\/v2\/pages\/660\/revisions"}],"predecessor-version":[{"id":1852,"href":"\/docs-mcloud\/wp-json\/wp\/v2\/pages\/660\/revisions\/1852"}],"up":[{"embeddable":true,"href":"\/docs-mcloud\/wp-json\/wp\/v2\/pages\/5"}],"wp:attachment":[{"href":"\/docs-mcloud\/wp-json\/wp\/v2\/media?parent=660"}],"curies":[{"name":"wp","href":"https:\/\/api.w.org\/{rel}","templated":true}]}}