{"id":658,"date":"2020-11-27T13:17:09","date_gmt":"2020-11-27T13:17:09","guid":{"rendered":"\/docs-mcloud\/zeitreihe\/"},"modified":"2023-08-31T10:00:30","modified_gmt":"2023-08-31T10:00:30","slug":"zeitreihe","status":"publish","type":"page","link":"\/docs-mcloud\/hilfe\/tabellierung\/zeitreihe\/","title":{"rendered":"Zeitreihe"},"content":{"rendered":"\n<p>Die Funktion Zeitreihe erm\u00f6glicht den Vergleich mehrerer Jahrg\u00e4nge einer Studie. Verwenden Sie diese Funktion, um Trendanalysen f\u00fcr Medienreichweiten und demographische\/ qualitative Merkmale.<\/p>\n\n\n\n<div class=\"wp-block-media-text alignwide is-stacked-on-mobile\" style=\"grid-template-columns:47% auto\"><figure class=\"wp-block-media-text__media\"><a href=\"\/docs-mcloud\/wp-content\/uploads\/sites\/4\/2020\/12\/Zeitreihe1.png\"><img loading=\"lazy\" decoding=\"async\" width=\"479\" height=\"72\" src=\"\/docs-mcloud\/wp-content\/uploads\/sites\/4\/2020\/12\/Zeitreihe1.png\" alt=\"\" class=\"wp-image-1926\" srcset=\"\/docs-mcloud\/wp-content\/uploads\/sites\/4\/2020\/12\/Zeitreihe1.png 479w, \/docs-mcloud\/wp-content\/uploads\/sites\/4\/2020\/12\/Zeitreihe1-300x45.png 300w\" sizes=\"auto, (max-width: 479px) 100vw, 479px\" \/><\/a><\/figure><div class=\"wp-block-media-text__content\">\n<p>\u00dcber den Button <strong>Zeitreihe<\/strong> \u00f6ffnen Sie das Auswahlfenster mit den m\u00f6glichen Studienjahrg\u00e4ngen.<\/p>\n<\/div><\/div>\n\n\n\n<p>Im Auswahlfenster w\u00e4hlen Sie die gew\u00fcnschten Jahrg\u00e4nge und die Reihenfolge der Darstellung in den Spalten aus. Die Reihenfolge der Studienjahrg\u00e4nge beeinflusst die Berechnung von <a href=\"#Trend-Indices\">Trend-Indices<\/a>.<\/p>\n\n\n\n<figure class=\"wp-block-image size-large\"><a href=\"\/docs-mcloud\/wp-content\/uploads\/sites\/4\/2020\/12\/Zeitreihe2.png\"><img loading=\"lazy\" decoding=\"async\" width=\"469\" height=\"333\" src=\"\/docs-mcloud\/wp-content\/uploads\/sites\/4\/2020\/12\/Zeitreihe2.png\" alt=\"\" class=\"wp-image-1927\" srcset=\"\/docs-mcloud\/wp-content\/uploads\/sites\/4\/2020\/12\/Zeitreihe2.png 469w, \/docs-mcloud\/wp-content\/uploads\/sites\/4\/2020\/12\/Zeitreihe2-300x213.png 300w\" sizes=\"auto, (max-width: 469px) 100vw, 469px\" \/><\/a><\/figure>\n\n\n\n<h2 class=\"wp-block-heading\" id=\"Trend-Indices\">Trend-Indices<\/h2>\n\n\n\n<p>F\u00fcr Trendanalysen stehen eigene Leistungswerte im <a href=\"\/docs-mcloud\/hilfe\/tabellierung\/tabellenlayout\/auswahl-der-leistungswerte\/\">Tabellenlayout<\/a> zur Verf\u00fcgung. Sie erm\u00f6glichen einen schnellen \u00dcberblick \u00fcber Ver\u00e4nderungen der Ergebnisse im Vergleich zur Ausgangsstudie. <\/p>\n\n\n\n<p>Im Fall des Vergleichs mehrerer Jahrg\u00e4nge, erfolgt der Vergleich zu dem Jahrgang links in der Tabelle: Bei aufsteigender Reihenfolge wird der \u00e4ltere, bei absteigender Reihenfolge der j\u00fcngere Jahrgang als Basis gesetzt. <\/p>\n\n\n\n<p>Im Beispiel unten mit aufsteigender Reihenfolge ist die b4p 2017 III die Basis f\u00fcr die b4p 2018 III, welche die Basis f\u00fcr die b4p 2019 III darstellt. F\u00fcr die b4p 2017 III ist kein entsprechender Vergleich m\u00f6glich, sodass keine Ausweisung erfolgt.<\/p>\n\n\n\n<figure class=\"wp-block-image size-large\"><a href=\"\/docs-mcloud\/wp-content\/uploads\/sites\/4\/2020\/12\/Zeitreihe3.png\"><img loading=\"lazy\" decoding=\"async\" width=\"744\" height=\"261\" src=\"\/docs-mcloud\/wp-content\/uploads\/sites\/4\/2020\/12\/Zeitreihe3.png\" alt=\"\" class=\"wp-image-1908\" srcset=\"\/docs-mcloud\/wp-content\/uploads\/sites\/4\/2020\/12\/Zeitreihe3.png 744w, \/docs-mcloud\/wp-content\/uploads\/sites\/4\/2020\/12\/Zeitreihe3-300x105.png 300w\" sizes=\"auto, (max-width: 744px) 100vw, 744px\" \/><\/a><\/figure>\n\n\n\n<p>Bei der Trendberechnung werden mehr Dezimalstellen verrechnet, als in der Auswertung dargestellt werden. Die Anzahl der dargestellten Dezimalstellen kann im <a href=\"\/docs-mcloud\/hilfe\/tabellierung\/tabellenlayout\/auswahl-der-leistungswerte\/\">Tabellenlayout<\/a> angepasst werden.<\/p>\n\n\n\n<p>Erl\u00e4uterungen zu den einzelnen Trend-Indices finden Sie unter <a href=\"\/docs-mcloud\/hilfe\/leistungswerte\/\">Definition Leistungswerte<\/a>.<\/p>\n","protected":false},"excerpt":{"rendered":"<p>Die Funktion Zeitreihe erm\u00f6glicht den Vergleich mehrerer Jahrg\u00e4nge einer Studie. Verwenden Sie diese Funktion, um Trendanalysen f\u00fcr Medienreichweiten und demographische\/ qualitative Merkmale. \u00dcber den Button Zeitreihe \u00f6ffnen Sie das Auswahlfenster mit den m\u00f6glichen Studienjahrg\u00e4ngen. Im Auswahlfenster w\u00e4hlen Sie die gew\u00fcnschten Jahrg\u00e4nge und die Reihenfolge der Darstellung in den Spalten aus. Die Reihenfolge der Studienjahrg\u00e4nge beeinflusst [&hellip;]<\/p>\n","protected":false},"author":1,"featured_media":0,"parent":656,"menu_order":11,"comment_status":"closed","ping_status":"closed","template":"","meta":{"_acf_changed":false,"inline_featured_image":false,"footnotes":""},"class_list":["post-658","page","type-page","status-publish","hentry"],"acf":[],"_links":{"self":[{"href":"\/docs-mcloud\/wp-json\/wp\/v2\/pages\/658","targetHints":{"allow":["GET"]}}],"collection":[{"href":"\/docs-mcloud\/wp-json\/wp\/v2\/pages"}],"about":[{"href":"\/docs-mcloud\/wp-json\/wp\/v2\/types\/page"}],"author":[{"embeddable":true,"href":"\/docs-mcloud\/wp-json\/wp\/v2\/users\/1"}],"replies":[{"embeddable":true,"href":"\/docs-mcloud\/wp-json\/wp\/v2\/comments?post=658"}],"version-history":[{"count":2,"href":"\/docs-mcloud\/wp-json\/wp\/v2\/pages\/658\/revisions"}],"predecessor-version":[{"id":1929,"href":"\/docs-mcloud\/wp-json\/wp\/v2\/pages\/658\/revisions\/1929"}],"up":[{"embeddable":true,"href":"\/docs-mcloud\/wp-json\/wp\/v2\/pages\/656"}],"wp:attachment":[{"href":"\/docs-mcloud\/wp-json\/wp\/v2\/media?parent=658"}],"curies":[{"name":"wp","href":"https:\/\/api.w.org\/{rel}","templated":true}]}}