{"id":650,"date":"2020-11-27T13:13:35","date_gmt":"2020-11-27T13:13:35","guid":{"rendered":"\/docs-mcloud\/ausgabe-der-ergebnisse\/"},"modified":"2026-04-24T05:52:09","modified_gmt":"2026-04-24T05:52:09","slug":"ausgabe-der-ergebnisse","status":"publish","type":"page","link":"\/docs-mcloud\/hilfe\/programmoberflaeche\/ausgabe-der-ergebnisse\/","title":{"rendered":"Ausgabe der Ergebnisse"},"content":{"rendered":"\n<p>F\u00fcr die Ausgabe der Ergebnisse stehen je nach Auswertungsmodul oder Feature unterschiedliche Exportfunktionen zur Verf\u00fcgung.<\/p>\n\n\n\n<figure class=\"wp-block-table is-style-stripes\"><table><tbody><tr><td>Tabellenauswertungen<\/td><td>PowerPoint, Excel oder CSV-Datei (unformatiert)<\/td><\/tr><tr><td>Targeting<\/td><td>PowerPoint, Excel<\/td><\/tr><tr><td>Charts<\/td><td>PowerPoint, Excel oder Grafik (jpeg,png,gif)<\/td><\/tr><\/tbody><\/table><\/figure>\n\n\n\n<p><\/p>\n\n\n\n<h2 class=\"wp-block-heading\">Exportoptionen (Excel oder CSV):<\/h2>\n\n\n\n<p><strong>Header:<\/strong><\/p>\n\n\n\n<p>Beim Export (Excel oder CSV) in der Rangreihe, Streuplan oder Tabellierung kann ausgew\u00e4hlt werden, welche Informationen aus dem Header in der Datei angezeigt werden sollen.<br>Die gew\u00e4hlten Optionen werden gemerkt und k\u00f6nnen durch das <a href=\"\/docs-mcloud\/hilfe\/projekte\/\" data-type=\"page\" data-id=\"2821\">Projekt speichern<\/a> festgehalten werden.<\/p>\n\n\n\n<p><strong>Dateiname:<\/strong><\/p>\n\n\n\n<p>Namen der herunterladbaren Datei vorher im Fenster festlegen. Beim Freilassen dieses Felds wird der Standard-Downloadname (z.B. Tabellierung&#8230;.) verwendet.<\/p>\n\n\n\n<figure class=\"wp-block-image size-full\"><img loading=\"lazy\" decoding=\"async\" width=\"349\" height=\"192\" src=\"\/docs-mcloud\/wp-content\/uploads\/sites\/4\/2026\/04\/image-6.png\" alt=\"\" class=\"wp-image-3213\" srcset=\"\/docs-mcloud\/wp-content\/uploads\/sites\/4\/2026\/04\/image-6.png 349w, \/docs-mcloud\/wp-content\/uploads\/sites\/4\/2026\/04\/image-6-300x165.png 300w\" sizes=\"auto, (max-width: 349px) 100vw, 349px\" \/><\/figure>\n\n\n\n<h2 class=\"wp-block-heading\">Einstellungen<\/h2>\n\n\n\n<p>\u00dcber den Button <em>Einstellungen<\/em> kann im Dialog das Layout der Excel-Ausgabe festgelegt werden (siehe <a href=\"\/docs-mcloud\/hilfe\/allgemeine-einstellungen\/layout-der-excel-ausgabe\/\" data-type=\"page\" data-id=\"19\">Layout der Excel Ausgabe<\/a> im Abschnitt <a href=\"\/docs-mcloud\/hilfe\/allgemeine-einstellungen\/\" data-type=\"page\" data-id=\"11\">Allgemeine Einstellungen<\/a>).<\/p>\n\n\n\n<figure class=\"wp-block-image size-large\"><a href=\"\/docs-mcloud\/wp-content\/uploads\/sites\/4\/2020\/11\/excel.png\"><img loading=\"lazy\" decoding=\"async\" width=\"432\" height=\"106\" src=\"\/docs-mcloud\/wp-content\/uploads\/sites\/4\/2020\/11\/excel.png\" alt=\"\" class=\"wp-image-712\" srcset=\"\/docs-mcloud\/wp-content\/uploads\/sites\/4\/2020\/11\/excel.png 432w, \/docs-mcloud\/wp-content\/uploads\/sites\/4\/2020\/11\/excel-300x74.png 300w\" sizes=\"auto, (max-width: 432px) 100vw, 432px\" \/><\/a><\/figure>\n\n\n\n<p><\/p>\n\n\n\n<p><\/p>\n","protected":false},"excerpt":{"rendered":"<p>F\u00fcr die Ausgabe der Ergebnisse stehen je nach Auswertungsmodul oder Feature unterschiedliche Exportfunktionen zur Verf\u00fcgung. Tabellenauswertungen PowerPoint, Excel oder CSV-Datei (unformatiert) Targeting PowerPoint, Excel Charts PowerPoint, Excel oder Grafik (jpeg,png,gif) Exportoptionen (Excel oder CSV): Header: Beim Export (Excel oder CSV) in der Rangreihe, Streuplan oder Tabellierung kann ausgew\u00e4hlt werden, welche Informationen aus dem Header in [&hellip;]<\/p>\n","protected":false},"author":1,"featured_media":0,"parent":13,"menu_order":12,"comment_status":"closed","ping_status":"closed","template":"","meta":{"_acf_changed":false,"inline_featured_image":false,"footnotes":""},"class_list":["post-650","page","type-page","status-publish","hentry"],"acf":[],"_links":{"self":[{"href":"\/docs-mcloud\/wp-json\/wp\/v2\/pages\/650","targetHints":{"allow":["GET"]}}],"collection":[{"href":"\/docs-mcloud\/wp-json\/wp\/v2\/pages"}],"about":[{"href":"\/docs-mcloud\/wp-json\/wp\/v2\/types\/page"}],"author":[{"embeddable":true,"href":"\/docs-mcloud\/wp-json\/wp\/v2\/users\/1"}],"replies":[{"embeddable":true,"href":"\/docs-mcloud\/wp-json\/wp\/v2\/comments?post=650"}],"version-history":[{"count":4,"href":"\/docs-mcloud\/wp-json\/wp\/v2\/pages\/650\/revisions"}],"predecessor-version":[{"id":3214,"href":"\/docs-mcloud\/wp-json\/wp\/v2\/pages\/650\/revisions\/3214"}],"up":[{"embeddable":true,"href":"\/docs-mcloud\/wp-json\/wp\/v2\/pages\/13"}],"wp:attachment":[{"href":"\/docs-mcloud\/wp-json\/wp\/v2\/media?parent=650"}],"curies":[{"name":"wp","href":"https:\/\/api.w.org\/{rel}","templated":true}]}}