{"id":648,"date":"2020-11-27T13:13:35","date_gmt":"2020-11-27T13:13:35","guid":{"rendered":"\/docs-mcloud\/laden-und-speichern\/"},"modified":"2023-09-01T04:48:12","modified_gmt":"2023-09-01T04:48:12","slug":"laden-und-speichern","status":"publish","type":"page","link":"\/docs-mcloud\/hilfe\/programmoberflaeche\/laden-und-speichern\/","title":{"rendered":"Laden und Speichern"},"content":{"rendered":"\n<p>Gesamte Auswertungen werden \u00fcber das Icon in der Symbolleiste gespeichert und geladen.<\/p>\n\n\n\n<figure class=\"wp-block-image size-large is-resized\"><a href=\"\/docs-mcloud\/wp-content\/uploads\/sites\/4\/2020\/11\/laden-speichern.png\"><img loading=\"lazy\" decoding=\"async\" src=\"\/docs-mcloud\/wp-content\/uploads\/sites\/4\/2020\/11\/laden-speichern.png\" alt=\"\" class=\"wp-image-698\" style=\"width:580px;height:25px\" width=\"580\" height=\"25\" srcset=\"\/docs-mcloud\/wp-content\/uploads\/sites\/4\/2020\/11\/laden-speichern.png 692w, \/docs-mcloud\/wp-content\/uploads\/sites\/4\/2020\/11\/laden-speichern-300x13.png 300w\" sizes=\"auto, (max-width: 580px) 100vw, 580px\" \/><\/a><\/figure>\n\n\n\n<p>Spalten und Zeilen einer Tabelle speichern Sie \u00fcber das Feld <em>Tabellierung<\/em> bzw.<em> Medientitel<\/em> (in <a href=\"\/docs-mcloud\/hilfe\/rangreihe\/\">Rangreihe<\/a> und <a href=\"\/docs-mcloud\/hilfe\/streuplan\/\">Streuplan<\/a>) im Tabellenkopf.<\/p>\n\n\n\n<figure class=\"wp-block-image size-large\"><a href=\"\/docs-mcloud\/wp-content\/uploads\/sites\/4\/2020\/11\/struktur-speichern.png\"><img loading=\"lazy\" decoding=\"async\" width=\"345\" height=\"155\" src=\"\/docs-mcloud\/wp-content\/uploads\/sites\/4\/2020\/11\/struktur-speichern.png\" alt=\"\" class=\"wp-image-749\" srcset=\"\/docs-mcloud\/wp-content\/uploads\/sites\/4\/2020\/11\/struktur-speichern.png 345w, \/docs-mcloud\/wp-content\/uploads\/sites\/4\/2020\/11\/struktur-speichern-300x135.png 300w\" sizes=\"auto, (max-width: 345px) 100vw, 345px\" \/><\/a><\/figure>\n\n\n\n<p>Medienlisten speichern Sie in der Rangreihe oder im Streuplan \u00fcber einen rechten Mausklick auf den Tabellenkopf.<\/p>\n\n\n\n<figure class=\"wp-block-image size-large\"><a href=\"\/docs-mcloud\/wp-content\/uploads\/sites\/4\/2020\/11\/medienliste-speichern.png\"><img loading=\"lazy\" decoding=\"async\" width=\"350\" height=\"137\" src=\"\/docs-mcloud\/wp-content\/uploads\/sites\/4\/2020\/11\/medienliste-speichern.png\" alt=\"\" class=\"wp-image-746\" srcset=\"\/docs-mcloud\/wp-content\/uploads\/sites\/4\/2020\/11\/medienliste-speichern.png 350w, \/docs-mcloud\/wp-content\/uploads\/sites\/4\/2020\/11\/medienliste-speichern-300x117.png 300w\" sizes=\"auto, (max-width: 350px) 100vw, 350px\" \/><\/a><\/figure>\n\n\n\n<p>Es \u00f6ffnet sich jeweils ein Dialogfenster, in dem Sie angeben k\u00f6nnen wo und unter welchen Namen Sie Ihre Definition speichern m\u00f6chten. <\/p>\n\n\n\n<p>Im linken Fenster befindet sich die Verzeichnisstruktur, im rechten die bereits gespeicherten Definitionen. Der Dateiname wird rechts in der unteren Zeile eingegeben.<\/p>\n\n\n\n<figure class=\"wp-block-image size-large is-resized\"><a href=\"\/docs-mcloud\/wp-content\/uploads\/sites\/4\/2020\/11\/medienliste-speichern-dialog.png\"><img loading=\"lazy\" decoding=\"async\" src=\"\/docs-mcloud\/wp-content\/uploads\/sites\/4\/2020\/11\/medienliste-speichern-dialog.png\" alt=\"\" class=\"wp-image-751\" style=\"width:473px;height:459px\" width=\"473\" height=\"459\"\/><\/a><\/figure>\n\n\n\n<p>Unter <em>Private Dateien<\/em> speichern Sie Dateien, auf die nur Sie (\u00fcber Ihre pers\u00f6nliche Nutzerkennung) Zugriff haben.<\/p>\n\n\n\n<p id=\"\u00f6ffentlicheHalde\">Die unter <em>\u00d6ffentliche Halde<\/em> gespeicherten Dateien stehen allen Nutzern Ihres Unternehmens zur Verf\u00fcgung. <\/p>\n\n\n\n<p>Als Speicherort wird standardm\u00e4\u00dfig das Verzeichnis der ge\u00f6ffneten Studie gesetzt \u2013 zu erkennen am Sternchen.<\/p>\n\n\n\n<p>Es ist m\u00f6glich, neue Ordner einzurichten und bereits gespeicherte Dateien dorthin zu kopieren oder zu verschieben.<\/p>\n\n\n\n<figure class=\"wp-block-table is-style-stripes\"><table><tbody><tr><td>Dateien <em>kopieren<\/em><\/td><td>[STRG] + per Drag &amp; Drop auf den Ziel-Ordner ziehen<\/td><\/tr><tr><td>Dateien <em>verschieben<\/em><\/td><td>per Drag &amp; Drop auf den Ziel-Ordner ziehen<\/td><\/tr><\/tbody><\/table><\/figure>\n\n\n\n<p>Um in der Auswertung auf ein Verzeichnis zugreifen zu k\u00f6nnen, deklarieren Sie es als <em>Standard-Verzeichnis<\/em>.<\/p>\n\n\n\n<h2 class=\"wp-block-heading\">Verzeichnisstruktur<\/h2>\n\n\n\n<p>\u00dcber das <em>Men\u00fc der rechten Maustaste<\/em> stehen folgende Optionen zur Verf\u00fcgung:<\/p>\n\n\n\n<figure class=\"wp-block-image size-large\"><a href=\"\/docs-mcloud\/wp-content\/uploads\/sites\/4\/2020\/11\/laden5a.png\"><img loading=\"lazy\" decoding=\"async\" width=\"625\" height=\"253\" src=\"\/docs-mcloud\/wp-content\/uploads\/sites\/4\/2020\/11\/laden5a.png\" alt=\"\" class=\"wp-image-704\" srcset=\"\/docs-mcloud\/wp-content\/uploads\/sites\/4\/2020\/11\/laden5a.png 625w, \/docs-mcloud\/wp-content\/uploads\/sites\/4\/2020\/11\/laden5a-300x121.png 300w\" sizes=\"auto, (max-width: 625px) 100vw, 625px\" \/><\/a><\/figure>\n\n\n\n<h3 class=\"wp-block-heading\">Verzeichnis umbenennen<\/h3>\n\n\n\n<p>Bereits vorhandenen Verzeichnisse k\u00f6nnen hier umbenannt werden.<\/p>\n\n\n\n<h3 class=\"wp-block-heading\">Verzeichnis erstellen<\/h3>\n\n\n\n<p>Dateien werden standardm\u00e4\u00dfig im Standard-Verzeichnis abgelegt. Es ist jedoch m\u00f6glich, eigene Verzeichnisse zu erstellen und diese als Speicherort zu verwenden.<\/p>\n\n\n\n<h3 class=\"wp-block-heading\">Verzeichnis l\u00f6schen<\/h3>\n\n\n\n<p>Bereits vorhandene Verzeichnisse k\u00f6nnen gel\u00f6scht werden. Die Dateien, die sich im Verzeichnis befinden, werden ebenfalls gel\u00f6scht.<\/p>\n\n\n\n<h3 class=\"wp-block-heading\">Standard-Verzeichnis<\/h3>\n\n\n\n<p>Jedes Verzeichnis kann als Standard-Verzeichnis deklariert werden. Das mit einem Sternchen gekennzeichnete Verzeichnis wird zum aktuellen Speicherort und wird damit auf der Programmoberfl\u00e4che angezeigt.<\/p>\n\n\n\n<h3 class=\"wp-block-heading\" id=\"Inbox\">Inbox<\/h3>\n\n\n\n<p>Das Verzeichnis dient als Postkasten f\u00fcr zugesandte Dateien. Von hier aus k\u00f6nnen Dateien in jedes beliebige Verzeichnis verschoben oder kopiert werden.<\/p>\n\n\n\n<h2 class=\"wp-block-heading\">Gespeicherte Dateien<\/h2>\n\n\n\n<p>Wenn Sie mit der Maus \u00fcber eine gespeicherte Datei hovern, werden Ihnen verschiedene Optionen angezeigt:<\/p>\n\n\n\n<figure class=\"wp-block-image size-large\"><a href=\"\/docs-mcloud\/wp-content\/uploads\/sites\/4\/2020\/11\/laden5b.png\"><img loading=\"lazy\" decoding=\"async\" width=\"362\" height=\"142\" src=\"\/docs-mcloud\/wp-content\/uploads\/sites\/4\/2020\/11\/laden5b.png\" alt=\"\" class=\"wp-image-706\" srcset=\"\/docs-mcloud\/wp-content\/uploads\/sites\/4\/2020\/11\/laden5b.png 362w, \/docs-mcloud\/wp-content\/uploads\/sites\/4\/2020\/11\/laden5b-300x118.png 300w\" sizes=\"auto, (max-width: 362px) 100vw, 362px\" \/><\/a><\/figure>\n\n\n\n<h3 class=\"wp-block-heading\">An Benutzer\/Gruppe verschicken<\/h3>\n\n\n\n<p>Gespeicherte Dateien k\u00f6nnen an andere Benutzer verschickt werden. Die Datei wird in der Inbox des angegebenen Adressaten abgelegt. <\/p>\n\n\n\n<h3 class=\"wp-block-heading\">Datei umbenennen \/ l\u00f6schen<\/h3>\n\n\n\n<p>\u00dcber das Stift-Symbol kann die Datei umbenannt, \u00fcber das Kreuzsymbol  gel\u00f6scht werden.<\/p>\n\n\n\n<h2 class=\"wp-block-heading\">Gespeicherte Dateien verwenden<\/h2>\n\n\n\n<p>Gespeicherte Zielgruppen- , Spalten- und Zeilendefinitionen werden am Anfang des Codeplans in den Ordnern <em>Eigene Zielgruppen<\/em> oder<em> Eigene Strukturen<\/em> unterhalb der tempor\u00e4ren Zielgruppen angezeigt.<\/p>\n\n\n\n<div class=\"wp-block-columns is-layout-flex wp-container-core-columns-is-layout-9d6595d7 wp-block-columns-is-layout-flex\">\n<div class=\"wp-block-column is-layout-flow wp-block-column-is-layout-flow\">\n<figure class=\"wp-block-image size-large\"><a href=\"\/docs-mcloud\/wp-content\/uploads\/sites\/4\/2020\/11\/laden4.png\"><img loading=\"lazy\" decoding=\"async\" width=\"260\" height=\"171\" src=\"\/docs-mcloud\/wp-content\/uploads\/sites\/4\/2020\/11\/laden4.png\" alt=\"\" class=\"wp-image-707\"\/><\/a><\/figure>\n<\/div>\n\n\n\n<div class=\"wp-block-column is-layout-flow wp-block-column-is-layout-flow\">\n<figure class=\"wp-block-image size-large\"><a href=\"\/docs-mcloud\/wp-content\/uploads\/sites\/4\/2020\/12\/laden_medienplaene.png\"><img loading=\"lazy\" decoding=\"async\" width=\"269\" height=\"131\" src=\"\/docs-mcloud\/wp-content\/uploads\/sites\/4\/2020\/12\/laden_medienplaene.png\" alt=\"\" class=\"wp-image-1947\"\/><\/a><\/figure>\n<\/div>\n<\/div>\n\n\n\n<p>Im Ordner<em> Tempor\u00e4re Zielgruppen<\/em> werden aktuell gebildete, aber nicht abgespeicherte Zielgruppen angezeigt.<\/p>\n\n\n\n<p>Im tempor\u00e4ren Verzeichnis <em>Medienpl\u00e4ne<\/em> stehen aktuell gebildete, aber nicht abgespeicherte Streupl\u00e4ne zur Verf\u00fcgung.<\/p>\n\n\n\n<p>Tempor\u00e4re Verzeichnisse stehen nur bis zum Schlie\u00dfen der Anwendung zur Verf\u00fcgung.<\/p>\n\n\n\n<h3 class=\"wp-block-heading\">Laden von Dateien in anderen Studien \/ Jahrg\u00e4ngen<\/h3>\n\n\n\n<p>Abgespeicherte Medienlisten sind in anderen <em>Studien<\/em> verwendbar.<\/p>\n\n\n\n<p>Abgespeicherte Strukturen aus dem Codeplan sind in anderen <em>Jahrg\u00e4ngen <\/em>der<strong> <\/strong><em>gleichen Studie<\/em> ladbar. <\/p>\n\n\n\n<p>So k\u00f6nnen Sie einmal abgespeicherte Dateien nach jeder neuen Ver\u00f6ffentlichung laden, um sich einen \u00dcberblick \u00fcber die f\u00fcr Sie wichtigen Merkmale \/ Medien zu verschaffen.<\/p>\n","protected":false},"excerpt":{"rendered":"<p>Gesamte Auswertungen werden \u00fcber das Icon in der Symbolleiste gespeichert und geladen. Spalten und Zeilen einer Tabelle speichern Sie \u00fcber das Feld Tabellierung bzw. Medientitel (in Rangreihe und Streuplan) im Tabellenkopf. Medienlisten speichern Sie in der Rangreihe oder im Streuplan \u00fcber einen rechten Mausklick auf den Tabellenkopf. Es \u00f6ffnet sich jeweils ein Dialogfenster, in dem [&hellip;]<\/p>\n","protected":false},"author":1,"featured_media":0,"parent":13,"menu_order":8,"comment_status":"closed","ping_status":"closed","template":"","meta":{"_acf_changed":false,"inline_featured_image":false,"footnotes":""},"class_list":["post-648","page","type-page","status-publish","hentry"],"acf":[],"_links":{"self":[{"href":"\/docs-mcloud\/wp-json\/wp\/v2\/pages\/648","targetHints":{"allow":["GET"]}}],"collection":[{"href":"\/docs-mcloud\/wp-json\/wp\/v2\/pages"}],"about":[{"href":"\/docs-mcloud\/wp-json\/wp\/v2\/types\/page"}],"author":[{"embeddable":true,"href":"\/docs-mcloud\/wp-json\/wp\/v2\/users\/1"}],"replies":[{"embeddable":true,"href":"\/docs-mcloud\/wp-json\/wp\/v2\/comments?post=648"}],"version-history":[{"count":29,"href":"\/docs-mcloud\/wp-json\/wp\/v2\/pages\/648\/revisions"}],"predecessor-version":[{"id":2589,"href":"\/docs-mcloud\/wp-json\/wp\/v2\/pages\/648\/revisions\/2589"}],"up":[{"embeddable":true,"href":"\/docs-mcloud\/wp-json\/wp\/v2\/pages\/13"}],"wp:attachment":[{"href":"\/docs-mcloud\/wp-json\/wp\/v2\/media?parent=648"}],"curies":[{"name":"wp","href":"https:\/\/api.w.org\/{rel}","templated":true}]}}