{"id":617,"date":"2020-10-14T06:24:53","date_gmt":"2020-10-14T06:24:53","guid":{"rendered":"\/docs-mcloud\/hilfe\/das-arbeitsblatt\/medien\/"},"modified":"2023-08-31T10:00:30","modified_gmt":"2023-08-31T10:00:30","slug":"medien","status":"publish","type":"page","link":"\/docs-mcloud\/hilfe\/programmoberflaeche\/medien\/","title":{"rendered":"Medien"},"content":{"rendered":"\n<p>Medienwerte wie Werbetr\u00e4ger- (WTK) und Werbemittelkontaktchancen (WMK) werden aus dem Ordner \u201eMedien\u201c in die Tabelle eingef\u00fcgt.<\/p>\n\n\n\n<p>\u00dcber das Info-Icon k\u00f6nnen Sie Informationen zum Medium aufrufen. F\u00fcr Printmedien wird z.B. angegeben, in welcher Tarifkombination der Einzeltitel enthalten ist, oder bei Titelkombinationen, \u00fcber welche Einzeltitel die markierte Kombi gebildet wird.<\/p>\n\n\n\n<figure class=\"wp-block-image size-large\"><a href=\"\/docs-mcloud\/wp-content\/uploads\/sites\/4\/2020\/11\/a_medien1.png\"><img loading=\"lazy\" decoding=\"async\" width=\"343\" height=\"206\" src=\"\/docs-mcloud\/wp-content\/uploads\/sites\/4\/2020\/11\/a_medien1.png\" alt=\"\" class=\"wp-image-692\" srcset=\"\/docs-mcloud\/wp-content\/uploads\/sites\/4\/2020\/11\/a_medien1.png 343w, \/docs-mcloud\/wp-content\/uploads\/sites\/4\/2020\/11\/a_medien1-300x180.png 300w\" sizes=\"auto, (max-width: 343px) 100vw, 343px\" \/><\/a><\/figure>\n\n\n\n<p>Die Kombizusammensetzung wird \u00fcber die Angaben im aktuellen Datensatz ermittelt. \u00c4ndert sich im Laufe der Zeit die Zusammensetzung einer Tarifkombination bei gleicher Bezeichnung, wird immer die Zusammensetzung mit Stand der jeweiligen Studie ausgewiesen, nicht die aktuelle Zusammensetzung.<\/p>\n\n\n\n<figure class=\"wp-block-image size-large\"><a href=\"\/docs-mcloud\/wp-content\/uploads\/sites\/4\/2020\/11\/a_medien2.png\"><img loading=\"lazy\" decoding=\"async\" width=\"403\" height=\"132\" src=\"\/docs-mcloud\/wp-content\/uploads\/sites\/4\/2020\/11\/a_medien2.png\" alt=\"\" class=\"wp-image-693\" srcset=\"\/docs-mcloud\/wp-content\/uploads\/sites\/4\/2020\/11\/a_medien2.png 403w, \/docs-mcloud\/wp-content\/uploads\/sites\/4\/2020\/11\/a_medien2-300x98.png 300w\" sizes=\"auto, (max-width: 403px) 100vw, 403px\" \/><\/a><\/figure>\n","protected":false},"excerpt":{"rendered":"<p>Medienwerte wie Werbetr\u00e4ger- (WTK) und Werbemittelkontaktchancen (WMK) werden aus dem Ordner \u201eMedien\u201c in die Tabelle eingef\u00fcgt. \u00dcber das Info-Icon k\u00f6nnen Sie Informationen zum Medium aufrufen. F\u00fcr Printmedien wird z.B. angegeben, in welcher Tarifkombination der Einzeltitel enthalten ist, oder bei Titelkombinationen, \u00fcber welche Einzeltitel die markierte Kombi gebildet wird. Die Kombizusammensetzung wird \u00fcber die Angaben im [&hellip;]<\/p>\n","protected":false},"author":7,"featured_media":0,"parent":13,"menu_order":4,"comment_status":"closed","ping_status":"closed","template":"","meta":{"_acf_changed":false,"inline_featured_image":false,"footnotes":""},"class_list":["post-617","page","type-page","status-publish","hentry"],"acf":[],"_links":{"self":[{"href":"\/docs-mcloud\/wp-json\/wp\/v2\/pages\/617","targetHints":{"allow":["GET"]}}],"collection":[{"href":"\/docs-mcloud\/wp-json\/wp\/v2\/pages"}],"about":[{"href":"\/docs-mcloud\/wp-json\/wp\/v2\/types\/page"}],"author":[{"embeddable":true,"href":"\/docs-mcloud\/wp-json\/wp\/v2\/users\/7"}],"replies":[{"embeddable":true,"href":"\/docs-mcloud\/wp-json\/wp\/v2\/comments?post=617"}],"version-history":[{"count":12,"href":"\/docs-mcloud\/wp-json\/wp\/v2\/pages\/617\/revisions"}],"predecessor-version":[{"id":1938,"href":"\/docs-mcloud\/wp-json\/wp\/v2\/pages\/617\/revisions\/1938"}],"up":[{"embeddable":true,"href":"\/docs-mcloud\/wp-json\/wp\/v2\/pages\/13"}],"wp:attachment":[{"href":"\/docs-mcloud\/wp-json\/wp\/v2\/media?parent=617"}],"curies":[{"name":"wp","href":"https:\/\/api.w.org\/{rel}","templated":true}]}}