{"id":3141,"date":"2026-03-19T22:09:22","date_gmt":"2026-03-19T22:09:22","guid":{"rendered":"\/docs-mcloud\/hilfe\/regio-2\/region-definieren\/regionen-hinzufuegen-entfernen\/region-erstellen\/"},"modified":"2026-03-19T22:17:40","modified_gmt":"2026-03-19T22:17:40","slug":"region-erstellen","status":"publish","type":"page","link":"\/docs-mcloud\/hilfe\/regio-2\/region-definieren\/region-erstellen\/","title":{"rendered":"Region erstellen"},"content":{"rendered":"\n<h2 class=\"wp-block-heading\">Gebietsauswahl (via manuelle Eingabe)<\/h2>\n\n\n\n<p>\u00dcber das Pulldown-Men\u00fc <em>Farbe <\/em>k\u00f6nnen unterschiedliche Farben zum Markieren einer Region gew\u00e4hlt werden. Die Farbauswahl muss vor dem Hereinziehen des Gebiets getroffen werden.<\/p>\n\n\n\n<figure class=\"wp-block-image size-full\"><img loading=\"lazy\" decoding=\"async\" width=\"751\" height=\"626\" src=\"\/docs-mcloud\/wp-content\/uploads\/sites\/4\/2026\/01\/image-4.png\" alt=\"\" class=\"wp-image-2910\" srcset=\"\/docs-mcloud\/wp-content\/uploads\/sites\/4\/2026\/01\/image-4.png 751w, \/docs-mcloud\/wp-content\/uploads\/sites\/4\/2026\/01\/image-4-300x250.png 300w\" sizes=\"auto, (max-width: 751px) 100vw, 751px\" \/><\/figure>\n\n\n\n<p>W\u00e4hlen Sie im Selektionsbaum <em>Gebiete <\/em>die gew\u00fcnschten Gebiete aus und ziehen Sie diese per Drag &amp; Drop auf die Karte.<\/p>\n\n\n\n<h2 class=\"wp-block-heading\">Region hinzuf\u00fcgen<\/h2>\n\n\n\n<p>Gebiete werden in die Karte eingef\u00fcgt. Dies geschieht per:<\/p>\n\n\n\n<ul class=\"wp-block-list\">\n<li>Drag &amp; Drop aus dem Selektionsbaum<\/li>\n\n\n\n<li>oder per Maus-Klick direkt auf der Karte<\/li>\n<\/ul>\n\n\n\n<p>Beim Maus-Klick auf die Karte muss der Toggle-Button <em>Region hinzuf\u00fcgen<\/em> aktiv sein.<\/p>\n\n\n\n<figure class=\"wp-block-image size-large\"><a href=\"\/docs-mcloud\/wp-content\/uploads\/sites\/4\/2020\/11\/regio-gebiete-hinzufuegen.png\"><img loading=\"lazy\" decoding=\"async\" width=\"449\" height=\"27\" src=\"\/docs-mcloud\/wp-content\/uploads\/sites\/4\/2020\/11\/regio-gebiete-hinzufuegen.png\" alt=\"\" class=\"wp-image-902\" srcset=\"\/docs-mcloud\/wp-content\/uploads\/sites\/4\/2020\/11\/regio-gebiete-hinzufuegen.png 449w, \/docs-mcloud\/wp-content\/uploads\/sites\/4\/2020\/11\/regio-gebiete-hinzufuegen-300x18.png 300w\" sizes=\"auto, (max-width: 449px) 100vw, 449px\" \/><\/a><\/figure>\n\n\n\n<h2 class=\"wp-block-heading\">Region entfernen<\/h2>\n\n\n\n<p>Gebiete werden aus der in die Karte entfernt. Dies geschieht ebenfalls per:<\/p>\n\n\n\n<ul class=\"wp-block-list\">\n<li>Drag &amp; Drop aus dem Selektionsbaum<\/li>\n\n\n\n<li>oder per Maus-Klick direkt auf der Karte<\/li>\n<\/ul>\n\n\n\n<p>Beim Maus-Klick auf die Karte muss der Toggle-Button <em>Region entfernen<\/em> aktiv sein.<\/p>\n\n\n\n<figure class=\"wp-block-image size-large\"><a href=\"\/docs-mcloud\/wp-content\/uploads\/sites\/4\/2020\/11\/regio-gebiete-entfernen.png\"><img loading=\"lazy\" decoding=\"async\" width=\"443\" height=\"26\" src=\"\/docs-mcloud\/wp-content\/uploads\/sites\/4\/2020\/11\/regio-gebiete-entfernen.png\" alt=\"\" class=\"wp-image-907\" srcset=\"\/docs-mcloud\/wp-content\/uploads\/sites\/4\/2020\/11\/regio-gebiete-entfernen.png 443w, \/docs-mcloud\/wp-content\/uploads\/sites\/4\/2020\/11\/regio-gebiete-entfernen-300x18.png 300w\" sizes=\"auto, (max-width: 443px) 100vw, 443px\" \/><\/a><\/figure>\n\n\n\n<h2 class=\"wp-block-heading\">Auswahl zur\u00fccksetzen<\/h2>\n\n\n\n<p>\u00dcber den Button <em>Zur\u00fccksetzen<\/em> wird die gesamte Auswahl gel\u00f6scht.<\/p>\n\n\n\n<figure class=\"wp-block-image size-large\"><a href=\"\/docs-mcloud\/wp-content\/uploads\/sites\/4\/2020\/11\/regio-gebiete-zuruecksetzen.png\"><img loading=\"lazy\" decoding=\"async\" width=\"443\" height=\"26\" src=\"\/docs-mcloud\/wp-content\/uploads\/sites\/4\/2020\/11\/regio-gebiete-zuruecksetzen.png\" alt=\"\" class=\"wp-image-913\" srcset=\"\/docs-mcloud\/wp-content\/uploads\/sites\/4\/2020\/11\/regio-gebiete-zuruecksetzen.png 443w, \/docs-mcloud\/wp-content\/uploads\/sites\/4\/2020\/11\/regio-gebiete-zuruecksetzen-300x18.png 300w\" sizes=\"auto, (max-width: 443px) 100vw, 443px\" \/><\/a><\/figure>\n\n\n\n<h2 class=\"wp-block-heading\">Zoom<\/h2>\n\n\n\n<p>\u00dcber + und &#8211; oder \u00fcber das Mausrad kann der Kartenausschnitt vergr\u00f6\u00dfert oder verkleinert werden, sodass Gebietseinheiten bis auf Gemeindeebene selektiert werden k\u00f6nnen.<\/p>\n\n\n\n<h2 class=\"wp-block-heading\">Region benennen<\/h2>\n\n\n\n<p>\u00dcber Klick auf das Stift-Icon k\u00f6nnen Sie f\u00fcr die Region einen Namen vergeben. Der Name wird in alle anderen Auswertungsmodule \u00fcbernommen.<\/p>\n\n\n\n<figure class=\"wp-block-image size-large\"><a href=\"\/docs-mcloud\/wp-content\/uploads\/sites\/4\/2020\/11\/regio-gebiete-benennen.png\"><img loading=\"lazy\" decoding=\"async\" width=\"539\" height=\"49\" src=\"\/docs-mcloud\/wp-content\/uploads\/sites\/4\/2020\/11\/regio-gebiete-benennen.png\" alt=\"\" class=\"wp-image-920\" srcset=\"\/docs-mcloud\/wp-content\/uploads\/sites\/4\/2020\/11\/regio-gebiete-benennen.png 539w, \/docs-mcloud\/wp-content\/uploads\/sites\/4\/2020\/11\/regio-gebiete-benennen-300x27.png 300w\" sizes=\"auto, (max-width: 539px) 100vw, 539px\" \/><\/a><\/figure>\n\n\n\n<h2 class=\"wp-block-heading\">Excel Export<\/h2>\n\n\n\n<p>\u00dcber das XLS-Icon wird die Region mit den Angaben AGS (Amtlicher Gemeindeschl\u00fcssel \/ GKZ) Einwohner und Haushalte nach Excel ausgegeben.<\/p>\n\n\n\n<figure class=\"wp-block-image size-large\"><a href=\"\/docs-mcloud\/wp-content\/uploads\/sites\/4\/2020\/11\/regio-gebiete-export.png\"><img loading=\"lazy\" decoding=\"async\" width=\"539\" height=\"49\" src=\"\/docs-mcloud\/wp-content\/uploads\/sites\/4\/2020\/11\/regio-gebiete-export.png\" alt=\"\" class=\"wp-image-931\" srcset=\"\/docs-mcloud\/wp-content\/uploads\/sites\/4\/2020\/11\/regio-gebiete-export.png 539w, \/docs-mcloud\/wp-content\/uploads\/sites\/4\/2020\/11\/regio-gebiete-export-300x27.png 300w\" sizes=\"auto, (max-width: 539px) 100vw, 539px\" \/><\/a><\/figure>\n\n\n\n<p>Die selektierte Region wird f\u00fcr alle Auswertungsmodule ber\u00fccksichtigt: Sie wird mit dem in einem anderen Auswertungsmodul definierten Zielgruppenfilter verkn\u00fcpft. Das Potenzial der Zielgruppe in der Region wird rechts in der Zeile Zielgruppe angezeigt.<\/p>\n\n\n\n<figure class=\"wp-block-image size-large\"><a href=\"\/docs-mcloud\/wp-content\/uploads\/sites\/4\/2020\/11\/regio-gebiete-zielgruppe.png\"><img loading=\"lazy\" decoding=\"async\" width=\"802\" height=\"56\" src=\"\/docs-mcloud\/wp-content\/uploads\/sites\/4\/2020\/11\/regio-gebiete-zielgruppe.png\" alt=\"\" class=\"wp-image-982\" srcset=\"\/docs-mcloud\/wp-content\/uploads\/sites\/4\/2020\/11\/regio-gebiete-zielgruppe.png 802w, \/docs-mcloud\/wp-content\/uploads\/sites\/4\/2020\/11\/regio-gebiete-zielgruppe-300x21.png 300w, \/docs-mcloud\/wp-content\/uploads\/sites\/4\/2020\/11\/regio-gebiete-zielgruppe-768x54.png 768w\" sizes=\"auto, (max-width: 802px) 100vw, 802px\" \/><\/a><\/figure>\n\n\n\n<p>Zur Definition des Gebiets werden Nielsengebiete sowie weitere regionale Definitionen angeboten.<\/p>\n\n\n\n<div class=\"wp-block-columns is-layout-flex wp-container-core-columns-is-layout-9d6595d7 wp-block-columns-is-layout-flex\">\n<div class=\"wp-block-column is-layout-flow wp-block-column-is-layout-flow\">\n<figure class=\"wp-block-image size-full\"><img loading=\"lazy\" decoding=\"async\" width=\"276\" height=\"325\" src=\"\/docs-mcloud\/wp-content\/uploads\/sites\/4\/2026\/01\/image-5.png\" alt=\"\" class=\"wp-image-2911\" srcset=\"\/docs-mcloud\/wp-content\/uploads\/sites\/4\/2026\/01\/image-5.png 276w, \/docs-mcloud\/wp-content\/uploads\/sites\/4\/2026\/01\/image-5-255x300.png 255w\" sizes=\"auto, (max-width: 276px) 100vw, 276px\" \/><\/figure>\n<\/div>\n\n\n\n<div class=\"wp-block-column is-layout-flow wp-block-column-is-layout-flow\">\n<p><strong>Bundesl\u00e4nder \/ Nielsengebiete<\/strong><\/p>\n\n\n\n<p>Die kleinste Einheit in der Auswahl ist die Gemeinde<\/p>\n<\/div>\n<\/div>\n","protected":false},"excerpt":{"rendered":"<p>Gebietsauswahl (via manuelle Eingabe) \u00dcber das Pulldown-Men\u00fc Farbe k\u00f6nnen unterschiedliche Farben zum Markieren einer Region gew\u00e4hlt werden. Die Farbauswahl muss vor dem Hereinziehen des Gebiets getroffen werden. W\u00e4hlen Sie im Selektionsbaum Gebiete die gew\u00fcnschten Gebiete aus und ziehen Sie diese per Drag &amp; Drop auf die Karte. Region hinzuf\u00fcgen Gebiete werden in die Karte eingef\u00fcgt. [&hellip;]<\/p>\n","protected":false},"author":11,"featured_media":0,"parent":2904,"menu_order":0,"comment_status":"closed","ping_status":"closed","template":"","meta":{"_acf_changed":false,"inline_featured_image":false,"footnotes":""},"class_list":["post-3141","page","type-page","status-publish","hentry"],"acf":[],"_links":{"self":[{"href":"\/docs-mcloud\/wp-json\/wp\/v2\/pages\/3141","targetHints":{"allow":["GET"]}}],"collection":[{"href":"\/docs-mcloud\/wp-json\/wp\/v2\/pages"}],"about":[{"href":"\/docs-mcloud\/wp-json\/wp\/v2\/types\/page"}],"author":[{"embeddable":true,"href":"\/docs-mcloud\/wp-json\/wp\/v2\/users\/11"}],"replies":[{"embeddable":true,"href":"\/docs-mcloud\/wp-json\/wp\/v2\/comments?post=3141"}],"version-history":[{"count":3,"href":"\/docs-mcloud\/wp-json\/wp\/v2\/pages\/3141\/revisions"}],"predecessor-version":[{"id":3148,"href":"\/docs-mcloud\/wp-json\/wp\/v2\/pages\/3141\/revisions\/3148"}],"up":[{"embeddable":true,"href":"\/docs-mcloud\/wp-json\/wp\/v2\/pages\/2904"}],"wp:attachment":[{"href":"\/docs-mcloud\/wp-json\/wp\/v2\/media?parent=3141"}],"curies":[{"name":"wp","href":"https:\/\/api.w.org\/{rel}","templated":true}]}}