{"id":3125,"date":"2026-03-19T21:58:56","date_gmt":"2026-03-19T21:58:56","guid":{"rendered":"\/docs-mcloud\/hilfe\/regio-2\/medien-definieren\/medien-hinzufuegen\/medien-importieren\/"},"modified":"2026-03-19T22:00:58","modified_gmt":"2026-03-19T22:00:58","slug":"medien-importieren","status":"publish","type":"page","link":"\/docs-mcloud\/hilfe\/regio-2\/medien-definieren\/medien-hinzufuegen\/medien-importieren\/","title":{"rendered":"Medien importieren"},"content":{"rendered":"\n<h2 class=\"wp-block-heading\">Import<\/h2>\n\n\n\n<p>Das Fenster&nbsp;<em>Medien Importieren<\/em>&nbsp;hilft beim Hochladen von bestimmten Einzelstellen oder Netzwerken, die sich in einer externen Datei befinden.<\/p>\n\n\n\n<p>Bei&nbsp;<em>Datei hochladen<\/em>&nbsp;wird eine .txt oder .csv-Datei ben\u00f6tigt. Ein Spaltenlabel f\u00fcr QIDs oder BIDs wird nicht ben\u00f6tigt, da das System automatisch die zu importierenden Werte mit den vorhandenen QIDs oder BIDs abgleicht und zuordnet.<\/p>\n\n\n\n<p>Des Weiteren besteht die M\u00f6glichkeit einer manuellen Erfassung von QIDs oder BIDs, die im Eingabefeld aus einer Zwischenablage oder externen Datei kopiert und eingef\u00fcgt werden k\u00f6nnen.<\/p>\n\n\n\n<figure class=\"wp-block-image\"><img loading=\"lazy\" decoding=\"async\" width=\"394\" height=\"302\" src=\"\/docs-mcloud\/wp-content\/uploads\/sites\/4\/2026\/03\/image-19.png\" alt=\"\" class=\"wp-image-3103\" srcset=\"\/docs-mcloud\/wp-content\/uploads\/sites\/4\/2026\/03\/image-19.png 394w, \/docs-mcloud\/wp-content\/uploads\/sites\/4\/2026\/03\/image-19-300x230.png 300w\" sizes=\"auto, (max-width: 394px) 100vw, 394px\" \/><\/figure>\n\n\n\n<p>Wird das Ziel&nbsp;<em>Streuplan<\/em>&nbsp;gew\u00e4hlt erscheinen f\u00fcr den Medienimport weitere Optionen.<\/p>\n\n\n\n<p>Es k\u00f6nnen \u00fcber&nbsp;<em>Neuer Plan<\/em>&nbsp;beliebig viele Pl\u00e4ne vorab erstellt werden, die auf Basis des Imports gef\u00fcllt werden. Dabei ist die Belegung generalisierend oder f\u00fcr jeden Plan einzeln ausw\u00e4hlbar.<\/p>\n\n\n\n<figure class=\"wp-block-image\"><img loading=\"lazy\" decoding=\"async\" width=\"381\" height=\"233\" src=\"\/docs-mcloud\/wp-content\/uploads\/sites\/4\/2026\/03\/image-21.png\" alt=\"\" class=\"wp-image-3118\" srcset=\"\/docs-mcloud\/wp-content\/uploads\/sites\/4\/2026\/03\/image-21.png 381w, \/docs-mcloud\/wp-content\/uploads\/sites\/4\/2026\/03\/image-21-300x183.png 300w\" sizes=\"auto, (max-width: 381px) 100vw, 381px\" \/><\/figure>\n\n\n\n<p>Sofern die Option&nbsp;<em>Duplikate erlauben<\/em>&nbsp;aktiv ist, kann beim ersten Medienimport entschieden werden, ob Stellen, die mehrfach in einer Import-Datei vorkommen, aufaddiert werden (<em>Mehrfachbelegung<\/em>) oder jeweils eine eigene Belegung\/Frequenz (<em>Einzelbelegung<\/em>) erhalten.<\/p>\n\n\n\n<p>Existiert bereits ein Streuplan und es soll in einem neuen Plan die gleiche oder eine andere Import-Datei verwendet werden, werden die Optionen um die Ber\u00fccksichtigung bereits existierender Pl\u00e4ne erweitert. Zudem kann entschieden werden, ob beim Feld&nbsp;<em>Plan belegen<\/em>&nbsp;durch die neue\/weitere Import-Datei auch die Belegungen der bereits existierenden Pl\u00e4ne ver\u00e4ndert werden oder nicht.<\/p>\n\n\n\n<figure class=\"wp-block-image\"><img loading=\"lazy\" decoding=\"async\" width=\"387\" height=\"298\" src=\"\/docs-mcloud\/wp-content\/uploads\/sites\/4\/2026\/03\/image-22.png\" alt=\"\" class=\"wp-image-3119\" srcset=\"\/docs-mcloud\/wp-content\/uploads\/sites\/4\/2026\/03\/image-22.png 387w, \/docs-mcloud\/wp-content\/uploads\/sites\/4\/2026\/03\/image-22-300x231.png 300w\" sizes=\"auto, (max-width: 387px) 100vw, 387px\" \/><\/figure>\n\n\n\n<p><strong>Mehrfachbelegung + Additiv<\/strong><br>Die Belegung der Stelle\/des Netzwerks wird auf die Anzahl gesetzt, wie oft sie importiert wurde und erh\u00e4lt zus\u00e4tzlich den Belegungswert, falls die Stelle\/das Netzwerk bereits in einem Plan existiert.<\/p>\n\n\n\n<p>Beispiel: Wenn vorher eine 3 als Belegung f\u00fcr eine Stelle\/ein Netzwerk gesetzt war und man nun den Belegungswert 8 importiert, wird die Belegung der Stelle\/des Netzwerkes auf 11 gesetzt und die vorherige 3 \u00fcberschrieben.&nbsp;<\/p>\n\n\n\n<p><strong>Mehrfachbelegung + \u00dcberschreiben<\/strong><br>Wenn der Wert bereits in der Tabelle existiert, statt die neue Belegung dazu zu addieren wird sie einfach auf die Anzahl der importierten Einheiten gesetzt.<\/p>\n\n\n\n<p>Beispiel: Wenn vorher eine 3 als Belegung f\u00fcr eine Stelle\/ein Netzwerk gesetzt war und man nun den Belegungswert 8 importiert, wird die Belegung der Stelle\/des Netzwerkes auf 8 gesetzt und die vorherige 3 \u00fcberschrieben.<\/p>\n\n\n\n<p><strong>Einzelbelegung + \u00dcberschreiben<\/strong><br>Jedes Duplikat wird als eigene Zeile mit einer einzelnen Belegung eingef\u00fcgt. Dabei wird ignoriert, ob bereits die Stelle\/das Netzwerk in einem existierenden Plan enthalten ist.<\/p>\n","protected":false},"excerpt":{"rendered":"<p>Import Das Fenster&nbsp;Medien Importieren&nbsp;hilft beim Hochladen von bestimmten Einzelstellen oder Netzwerken, die sich in einer externen Datei befinden. Bei&nbsp;Datei hochladen&nbsp;wird eine .txt oder .csv-Datei ben\u00f6tigt. Ein Spaltenlabel f\u00fcr QIDs oder BIDs wird nicht ben\u00f6tigt, da das System automatisch die zu importierenden Werte mit den vorhandenen QIDs oder BIDs abgleicht und zuordnet. Des Weiteren besteht die [&hellip;]<\/p>\n","protected":false},"author":11,"featured_media":0,"parent":2967,"menu_order":1,"comment_status":"closed","ping_status":"closed","template":"","meta":{"_acf_changed":false,"inline_featured_image":false,"footnotes":""},"class_list":["post-3125","page","type-page","status-publish","hentry"],"acf":[],"_links":{"self":[{"href":"\/docs-mcloud\/wp-json\/wp\/v2\/pages\/3125","targetHints":{"allow":["GET"]}}],"collection":[{"href":"\/docs-mcloud\/wp-json\/wp\/v2\/pages"}],"about":[{"href":"\/docs-mcloud\/wp-json\/wp\/v2\/types\/page"}],"author":[{"embeddable":true,"href":"\/docs-mcloud\/wp-json\/wp\/v2\/users\/11"}],"replies":[{"embeddable":true,"href":"\/docs-mcloud\/wp-json\/wp\/v2\/comments?post=3125"}],"version-history":[{"count":2,"href":"\/docs-mcloud\/wp-json\/wp\/v2\/pages\/3125\/revisions"}],"predecessor-version":[{"id":3129,"href":"\/docs-mcloud\/wp-json\/wp\/v2\/pages\/3125\/revisions\/3129"}],"up":[{"embeddable":true,"href":"\/docs-mcloud\/wp-json\/wp\/v2\/pages\/2967"}],"wp:attachment":[{"href":"\/docs-mcloud\/wp-json\/wp\/v2\/media?parent=3125"}],"curies":[{"name":"wp","href":"https:\/\/api.w.org\/{rel}","templated":true}]}}