{"id":2906,"date":"2026-03-19T21:13:48","date_gmt":"2026-03-19T21:13:48","guid":{"rendered":"\/docs-mcloud\/?page_id=2906"},"modified":"2026-05-04T19:48:30","modified_gmt":"2026-05-04T19:48:30","slug":"umkreis-standorte-festlegen","status":"publish","type":"page","link":"\/docs-mcloud\/hilfe\/regio-2\/umkreis-standorte-festlegen\/","title":{"rendered":"Umkreis + Standorte festlegen"},"content":{"rendered":"\n<h2 class=\"wp-block-heading\">Standorte bearbeiten<\/h2>\n\n\n\n<div class=\"wp-block-columns is-layout-flex wp-container-core-columns-is-layout-9d6595d7 wp-block-columns-is-layout-flex\">\n<div class=\"wp-block-column is-layout-flow wp-block-column-is-layout-flow\">\n<figure class=\"wp-block-image size-full\"><img loading=\"lazy\" decoding=\"async\" width=\"228\" height=\"84\" src=\"\/docs-mcloud\/wp-content\/uploads\/sites\/4\/2026\/03\/image-9.png\" alt=\"\" class=\"wp-image-3088\" \/><\/figure>\n<\/div>\n\n\n\n<div class=\"wp-block-column is-layout-flow wp-block-column-is-layout-flow\">\n<p>Auf der Karte kann \u00fcber das Kontextmen\u00fc der rechten Maustaste eine Standortmarke gesetzt werden.<\/p>\n<\/div>\n<\/div>\n\n\n\n<div class=\"wp-block-columns is-layout-flex wp-container-core-columns-is-layout-9d6595d7 wp-block-columns-is-layout-flex\">\n<div class=\"wp-block-column is-layout-flow wp-block-column-is-layout-flow\">\n<figure class=\"wp-block-image size-full\"><img loading=\"lazy\" decoding=\"async\" width=\"226\" height=\"161\" src=\"\/docs-mcloud\/wp-content\/uploads\/sites\/4\/2026\/03\/image-14.png\" alt=\"\" class=\"wp-image-3093\" \/><\/figure>\n<\/div>\n\n\n\n<div class=\"wp-block-column is-layout-flow wp-block-column-is-layout-flow\">\n<p>Die Standortmarke kann auf der Karte bewegt oder \u00fcber die Option im Mausmen\u00fc auf der Karte fixiert werden.<br>Der Standortname wird \u00fcber ein Textfenster eingegeben. Bezeichnung und Farbe k\u00f6nnen nachtr\u00e4glich ge\u00e4ndert werden.<br>Standorte werden automatisch f\u00fcr den Benutzer gespeichert und gelten Studien-\u00fcbergreifend.<br>Sie bleiben solange auf der Karte, bis sie vom Anwender gel\u00f6scht werden.<\/p>\n<\/div>\n<\/div>\n\n\n\n<p>\u00dcber die Optionsleiste k\u00f6nnen zudem definierte Standorte betrachtet werden. Mit der Suchmaske kann nach Standortlabels gesucht werden. Dabei bezieht sich die Suche auf folgende Standortoptionen, die bei Bedarf ein- und ausgeblendet werden k\u00f6nnen :<\/p>\n\n\n\n<figure class=\"wp-block-image size-full\"><img loading=\"lazy\" decoding=\"async\" width=\"174\" height=\"104\" src=\"\/docs-mcloud\/wp-content\/uploads\/sites\/4\/2026\/03\/image-13.png\" alt=\"\" class=\"wp-image-3092\" \/><\/figure>\n\n\n\n<p><strong>Plan Standorte<\/strong><br>Bei Eingabe von Streupl\u00e4nen werden die Standorte der einzelnen Stellen in der Karte mit F\u00e4hnchen markiert. <\/p>\n\n\n\n<p><strong>Eigene Standorte<\/strong><br>Hier kann gezielt zwischen individuellen Standorten geswitcht werden. Dabei wird durch die getroffene Auswahl der aktuelle Kartenausschnitt auf den dort gew\u00e4hlten Standort zentriert.<\/p>\n\n\n\n<h2 class=\"wp-block-heading\">Standorte importieren<\/h2>\n\n\n\n<p>Wenn z.B. eine Standortliste (Baum\u00e4rkte oder Einzelhandelsfilialen) mit PLZ vorliegt, besteht die M\u00f6glichkeit, neben Gebiete via PLZ einzuf\u00e4rben auch Standorte als eigene Standorte zu importieren. Daf\u00fcr brauch es direkt Geo-Koordinaten.<\/p>\n\n\n\n<p>Eine geeignete Seite ist z.B. <a href=\"https:\/\/www.gpskoordinaten.de\/\">https:\/\/www.gpskoordinaten.de\/<\/a>, um GPS Koordinaten zu codieren.<\/p>\n\n\n\n<figure class=\"wp-block-image size-large\"><img loading=\"lazy\" decoding=\"async\" width=\"1024\" height=\"573\" src=\"\/docs-mcloud\/wp-content\/uploads\/sites\/4\/2026\/05\/image-14-1024x573.png\" alt=\"\" class=\"wp-image-3287\" srcset=\"\/docs-mcloud\/wp-content\/uploads\/sites\/4\/2026\/05\/image-14-1024x573.png 1024w, \/docs-mcloud\/wp-content\/uploads\/sites\/4\/2026\/05\/image-14-300x168.png 300w, \/docs-mcloud\/wp-content\/uploads\/sites\/4\/2026\/05\/image-14-768x430.png 768w, \/docs-mcloud\/wp-content\/uploads\/sites\/4\/2026\/05\/image-14.png 1043w\" sizes=\"auto, (max-width: 1024px) 100vw, 1024px\" \/><\/figure>\n\n\n\n<p>Hier findet man eine Beispieldatei f\u00fcr den Import: <a href=\"https:\/\/gitlab.com\/-\/project\/48565803\/uploads\/69e82884d57ac1caa5cb41e7d4d41e88\/location-import.txt\">location-import.txt<\/a><\/p>\n\n\n\n<p>Das Muster besteht aus PLZ + Lat,Long + HTML-Farbcode (optional)<\/p>\n\n\n\n<figure class=\"wp-block-image size-full\"><img loading=\"lazy\" decoding=\"async\" width=\"516\" height=\"369\" src=\"\/docs-mcloud\/wp-content\/uploads\/sites\/4\/2026\/05\/image-15.png\" alt=\"\" class=\"wp-image-3288\" srcset=\"\/docs-mcloud\/wp-content\/uploads\/sites\/4\/2026\/05\/image-15.png 516w, \/docs-mcloud\/wp-content\/uploads\/sites\/4\/2026\/05\/image-15-300x215.png 300w\" sizes=\"auto, (max-width: 516px) 100vw, 516px\" \/><\/figure>\n\n\n\n<p>Sofern eine Koordinate sich nicht innerhalb von Deutschland befindet, wird die fehlerhafte Zeile rot ausgegeben.<\/p>\n\n\n\n<h2 class=\"wp-block-heading\">Umkreis definieren<\/h2>\n\n\n\n<p>Neben der Verwendung eines definierten Verbreitungsgebiets aus dem Selektionsbaum besteht die M\u00f6glichkeit, ein Gebiet \u00fcber das Zeichnen eines Kreises zu definieren.<\/p>\n\n\n\n<div class=\"wp-block-columns is-layout-flex wp-container-core-columns-is-layout-9d6595d7 wp-block-columns-is-layout-flex\">\n<div class=\"wp-block-column is-layout-flow wp-block-column-is-layout-flow\">\n<figure class=\"wp-block-image size-full\"><img loading=\"lazy\" decoding=\"async\" width=\"228\" height=\"84\" src=\"\/docs-mcloud\/wp-content\/uploads\/sites\/4\/2026\/03\/image-9.png\" alt=\"\" class=\"wp-image-3088\" \/><\/figure>\n<\/div>\n\n\n\n<div class=\"wp-block-column is-layout-flow wp-block-column-is-layout-flow\">\n<figure class=\"wp-block-image size-full\"><img loading=\"lazy\" decoding=\"async\" width=\"245\" height=\"155\" src=\"\/docs-mcloud\/wp-content\/uploads\/sites\/4\/2026\/03\/image-10.png\" alt=\"\" class=\"wp-image-3089\" \/><\/figure>\n<\/div>\n<\/div>\n\n\n\n<p><strong>Manuell<\/strong><br>Abh\u00e4ngig vom Modus Regionen hinzuf\u00fcgen oder Regionen entfernen l\u00e4sst sich von dem Punkt beim \u00d6ffnen des Kontextmenus ein Kreis ziehen.<\/p>\n\n\n\n<figure class=\"wp-block-image size-large\"><a href=\"\/docs-mcloud\/wp-content\/uploads\/sites\/4\/2020\/11\/regio-gebiete-umkreis-definieren.png\"><img loading=\"lazy\" decoding=\"async\" width=\"459\" height=\"380\" src=\"\/docs-mcloud\/wp-content\/uploads\/sites\/4\/2020\/11\/regio-gebiete-umkreis-definieren.png\" alt=\"\" class=\"wp-image-970\" srcset=\"\/docs-mcloud\/wp-content\/uploads\/sites\/4\/2020\/11\/regio-gebiete-umkreis-definieren.png 459w, \/docs-mcloud\/wp-content\/uploads\/sites\/4\/2020\/11\/regio-gebiete-umkreis-definieren-300x248.png 300w\" sizes=\"auto, (max-width: 459px) 100vw, 459px\" \/><\/a><\/figure>\n\n\n\n<p>Der Radius des Kreises wird im Kreismittelpunkt angezeigt. Bei einem nachfolgenden Linksklick werden alle Gemeinden, deren Mittelpunkt sich innerhalb des gezeichneten Kreises befindet zu der aktuellen Auswahl hinzugef\u00fcgt bzw. entfernt.<br><br><strong>Nach Vorgabe<\/strong><br>Des Weiteren kann \u00fcber eine Eingabemaske der individuelle Radius durch <em>Kilometer<\/em> und <em>Meter<\/em> festgelegt werden.<\/p>\n\n\n\n<figure class=\"wp-block-image size-full\"><img loading=\"lazy\" decoding=\"async\" width=\"306\" height=\"139\" src=\"\/docs-mcloud\/wp-content\/uploads\/sites\/4\/2026\/03\/image-11.png\" alt=\"\" class=\"wp-image-3090\" srcset=\"\/docs-mcloud\/wp-content\/uploads\/sites\/4\/2026\/03\/image-11.png 306w, \/docs-mcloud\/wp-content\/uploads\/sites\/4\/2026\/03\/image-11-300x136.png 300w\" sizes=\"auto, (max-width: 306px) 100vw, 306px\" \/><\/figure>\n\n\n\n<figure class=\"wp-block-image size-full\"><img loading=\"lazy\" decoding=\"async\" width=\"307\" height=\"137\" src=\"\/docs-mcloud\/wp-content\/uploads\/sites\/4\/2026\/03\/image-12.png\" alt=\"\" class=\"wp-image-3091\" srcset=\"\/docs-mcloud\/wp-content\/uploads\/sites\/4\/2026\/03\/image-12.png 307w, \/docs-mcloud\/wp-content\/uploads\/sites\/4\/2026\/03\/image-12-300x134.png 300w\" sizes=\"auto, (max-width: 307px) 100vw, 307px\" \/><\/figure>\n\n\n\n<p><\/p>\n","protected":false},"excerpt":{"rendered":"<p>Standorte bearbeiten Auf der Karte kann \u00fcber das Kontextmen\u00fc der rechten Maustaste eine Standortmarke gesetzt werden. Die Standortmarke kann auf der Karte bewegt oder \u00fcber die Option im Mausmen\u00fc auf der Karte fixiert werden.Der Standortname wird \u00fcber ein Textfenster eingegeben. Bezeichnung und Farbe k\u00f6nnen nachtr\u00e4glich ge\u00e4ndert werden.Standorte werden automatisch f\u00fcr den Benutzer gespeichert und gelten [&hellip;]<\/p>\n","protected":false},"author":11,"featured_media":0,"parent":2899,"menu_order":1,"comment_status":"closed","ping_status":"closed","template":"","meta":{"_acf_changed":false,"inline_featured_image":false,"footnotes":""},"class_list":["post-2906","page","type-page","status-publish","hentry"],"acf":[],"_links":{"self":[{"href":"\/docs-mcloud\/wp-json\/wp\/v2\/pages\/2906","targetHints":{"allow":["GET"]}}],"collection":[{"href":"\/docs-mcloud\/wp-json\/wp\/v2\/pages"}],"about":[{"href":"\/docs-mcloud\/wp-json\/wp\/v2\/types\/page"}],"author":[{"embeddable":true,"href":"\/docs-mcloud\/wp-json\/wp\/v2\/users\/11"}],"replies":[{"embeddable":true,"href":"\/docs-mcloud\/wp-json\/wp\/v2\/comments?post=2906"}],"version-history":[{"count":3,"href":"\/docs-mcloud\/wp-json\/wp\/v2\/pages\/2906\/revisions"}],"predecessor-version":[{"id":3289,"href":"\/docs-mcloud\/wp-json\/wp\/v2\/pages\/2906\/revisions\/3289"}],"up":[{"embeddable":true,"href":"\/docs-mcloud\/wp-json\/wp\/v2\/pages\/2899"}],"wp:attachment":[{"href":"\/docs-mcloud\/wp-json\/wp\/v2\/media?parent=2906"}],"curies":[{"name":"wp","href":"https:\/\/api.w.org\/{rel}","templated":true}]}}