{"id":2821,"date":"2026-01-13T12:55:00","date_gmt":"2026-01-13T12:55:50","guid":{"rendered":"\/docs-mcloud\/?page_id=2821"},"modified":"2026-02-10T20:37:04","modified_gmt":"2026-02-10T20:37:04","slug":"projekte","status":"publish","type":"page","link":"\/docs-mcloud\/hilfe\/projekte\/","title":{"rendered":"Projekte"},"content":{"rendered":"\n<figure class=\"wp-block-image size-full is-resized is-style-default\"><img loading=\"lazy\" decoding=\"async\" width=\"250\" height=\"265\" src=\"\/docs-mcloud\/wp-content\/uploads\/sites\/4\/2026\/01\/Projekte_uebersicht.png\" alt=\"\" class=\"wp-image-2823\" style=\"width:263px;height:auto\" \/><\/figure>\n\n\n\n<h2 class=\"wp-block-heading\">Projekte speichern (unter)<\/h2>\n\n\n\n<p>Unter Projekt speichern werden <strong>aktiv<\/strong> alle Zust\u00e4nde\/Anpassungen, u.a. auch die tempor\u00e4ren Zielgruppen im Zielgruppenmodul, in den jeweiligen Modulen in MDS-Cloud im bereits ausgew\u00e4hlten Speicherort gesichert.<\/p>\n\n\n\n<p>Der Speicherort kann <strong>aktiv<\/strong> \u00fcber &#8222;Projekt speichern unter&#8220; angepasst werden.<\/p>\n\n\n\n<h2 class=\"wp-block-heading\">Projekte laden<\/h2>\n\n\n\n<p>Das gespeicherte Projekt wird mit den jeweilen Anpassungen in den Modulen in die Oberfl\u00e4che geladen. So kann beim Wechsel in ein anderes Modul direkt mit den Analysen fortgesetzt werden oder diese individuell erweitert werden.<\/p>\n\n\n\n<h2 class=\"wp-block-heading\">Automatisierung<\/h2>\n\n\n\n<p>Zwei weitere Schalter (Action-Switches) erm\u00f6glichen eine effiziente Benutzerf\u00fchrung im Z\u00e4hltool:<\/p>\n\n\n\n<p><em>Automatisch speichern<\/em><\/p>\n\n\n\n<p>Alle 3 Minuten wird <strong>passiv<\/strong> ein Auto-Save generiert bzw. der letzte Auto-Save \u00fcberschrieben. Wenn aktiv ein weiterer Auto-Save erstellt werden soll, muss dies \u00fcber &#8222;Projekt speichern unter&#8220; erfolgen.<\/p>\n\n\n\n<figure class=\"wp-block-image size-full\"><img loading=\"lazy\" decoding=\"async\" width=\"772\" height=\"144\" src=\"\/docs-mcloud\/wp-content\/uploads\/sites\/4\/2026\/01\/Autosave.png\" alt=\"\" class=\"wp-image-2830\" srcset=\"\/docs-mcloud\/wp-content\/uploads\/sites\/4\/2026\/01\/Autosave.png 772w, \/docs-mcloud\/wp-content\/uploads\/sites\/4\/2026\/01\/Autosave-300x56.png 300w, \/docs-mcloud\/wp-content\/uploads\/sites\/4\/2026\/01\/Autosave-768x143.png 768w\" sizes=\"auto, (max-width: 772px) 100vw, 772px\" \/><\/figure>\n\n\n\n<p><em>Letztes Projekt laden<\/em><\/p>\n\n\n\n<p>Beim Logout wird das letzte bearbeitete Projekt im System erkannt und bei neuem Login kann mit diesem <strong>direkt<\/strong> Projekt fortgefahren werden.<\/p>\n","protected":false},"excerpt":{"rendered":"<p>Projekte speichern (unter) Unter Projekt speichern werden aktiv alle Zust\u00e4nde\/Anpassungen, u.a. auch die tempor\u00e4ren Zielgruppen im Zielgruppenmodul, in den jeweiligen Modulen in MDS-Cloud im bereits ausgew\u00e4hlten Speicherort gesichert. Der Speicherort kann aktiv \u00fcber &#8222;Projekt speichern unter&#8220; angepasst werden. Projekte laden Das gespeicherte Projekt wird mit den jeweilen Anpassungen in den Modulen in die Oberfl\u00e4che geladen. [&hellip;]<\/p>\n","protected":false},"author":11,"featured_media":0,"parent":5,"menu_order":1,"comment_status":"closed","ping_status":"closed","template":"","meta":{"_acf_changed":false,"inline_featured_image":false,"footnotes":""},"class_list":["post-2821","page","type-page","status-publish","hentry"],"acf":[],"_links":{"self":[{"href":"\/docs-mcloud\/wp-json\/wp\/v2\/pages\/2821","targetHints":{"allow":["GET"]}}],"collection":[{"href":"\/docs-mcloud\/wp-json\/wp\/v2\/pages"}],"about":[{"href":"\/docs-mcloud\/wp-json\/wp\/v2\/types\/page"}],"author":[{"embeddable":true,"href":"\/docs-mcloud\/wp-json\/wp\/v2\/users\/11"}],"replies":[{"embeddable":true,"href":"\/docs-mcloud\/wp-json\/wp\/v2\/comments?post=2821"}],"version-history":[{"count":5,"href":"\/docs-mcloud\/wp-json\/wp\/v2\/pages\/2821\/revisions"}],"predecessor-version":[{"id":2956,"href":"\/docs-mcloud\/wp-json\/wp\/v2\/pages\/2821\/revisions\/2956"}],"up":[{"embeddable":true,"href":"\/docs-mcloud\/wp-json\/wp\/v2\/pages\/5"}],"wp:attachment":[{"href":"\/docs-mcloud\/wp-json\/wp\/v2\/media?parent=2821"}],"curies":[{"name":"wp","href":"https:\/\/api.w.org\/{rel}","templated":true}]}}