{"id":2755,"date":"2026-01-12T15:53:54","date_gmt":"2026-01-12T15:53:54","guid":{"rendered":"\/docs-mcloud\/?page_id=2755"},"modified":"2026-02-23T11:24:51","modified_gmt":"2026-02-23T11:24:51","slug":"blog","status":"publish","type":"page","link":"\/docs-mcloud\/blog\/","title":{"rendered":"Blog"},"content":{"rendered":"\n<h2 class=\"wp-block-heading\" id=\"hotlinetopics\">Hotline Topics &#8211; Entdecken was andere bewegt<\/h2>\n\n\n\n<div class=\"wp-block-columns is-layout-flex wp-container-core-columns-is-layout-9d6595d7 wp-block-columns-is-layout-flex\">\n<div class=\"wp-block-column is-layout-flow wp-block-column-is-layout-flow\" style=\"flex-basis:33.33%\">\n<figure class=\"wp-block-image size-large\"><img loading=\"lazy\" decoding=\"async\" width=\"1024\" height=\"683\" src=\"\/docs-mcloud\/wp-content\/uploads\/sites\/4\/2026\/01\/Hotline-Topics-Bild-1024x683.png\" alt=\"\" class=\"wp-image-2767\" srcset=\"\/docs-mcloud\/wp-content\/uploads\/sites\/4\/2026\/01\/Hotline-Topics-Bild-1024x683.png 1024w, \/docs-mcloud\/wp-content\/uploads\/sites\/4\/2026\/01\/Hotline-Topics-Bild-300x200.png 300w, \/docs-mcloud\/wp-content\/uploads\/sites\/4\/2026\/01\/Hotline-Topics-Bild-768x512.png 768w, \/docs-mcloud\/wp-content\/uploads\/sites\/4\/2026\/01\/Hotline-Topics-Bild.png 1536w\" sizes=\"auto, (max-width: 1024px) 100vw, 1024px\" \/><\/figure>\n<\/div>\n\n\n\n<div class=\"wp-block-column is-layout-flow wp-block-column-is-layout-flow\" style=\"flex-basis:66.66%\">\n<p>Welche Fragen besch\u00e4ftigen die MDS-Cloud-Community? In unseren Hotline-Gespr\u00e4chen sto\u00dfen wir auf spannende Themen und hilfreiche Tipps, die wir hier mit Ihnen teilen. <\/p>\n\n\n\n<p>Lassen Sie sich inspirieren und finden Antworten, die auch f\u00fcr Sie wertvoll sein k\u00f6nnen.<\/p>\n<\/div>\n<\/div>\n\n\n\n<div class=\"wp-block-query is-layout-flow wp-block-query-is-layout-flow\"><ul class=\"wp-block-post-template is-layout-flow wp-block-post-template-is-layout-flow\"><li class=\"wp-block-post post-3239 post type-post status-publish format-standard hentry category-hotline-topics\">\n<h2 class=\"wp-block-post-title\"><a href=\"\/docs-mcloud\/2026\/04\/27\/14-in-der-planung-mit-segmenten-jonglieren\/\" target=\"_self\" >#14 In der Planung mit Segmenten jonglieren<\/a><\/h2>\n\n<div class=\"wp-block-post-date\"><time datetime=\"2026-04-27T14:05:40+00:00\">27. April 2026<\/time><\/div>\n\n\n\n<div class=\"wp-block-post-excerpt\"><p class=\"wp-block-post-excerpt__excerpt\">Planer kennen das Problem: Was tun, wenn ein Plan auf eine Kernzielgruppe zu planen ist, dieser Plan aber anschlie\u00dfend auf Basis einer erweiterten Zielgruppe sinnvoll erg\u00e4nzt werden soll? Oder, noch&hellip;<\/p><p class=\"wp-block-post-excerpt__more-text\"><a class=\"wp-block-post-excerpt__more-link\" href=\"\/docs-mcloud\/2026\/04\/27\/14-in-der-planung-mit-segmenten-jonglieren\/\">Weiterlesen &gt;<\/a><\/p><\/div>\n\n\n<hr class=\"wp-block-separator has-css-opacity\" \/>\n\n<\/li><li class=\"wp-block-post post-3197 post type-post status-publish format-standard hentry category-hotline-topics\">\n<h2 class=\"wp-block-post-title\"><a href=\"\/docs-mcloud\/2026\/04\/20\/13-mit-karten-den-weg-weisen\/\" target=\"_self\" >#13 Mit Karten den Weg weisen<\/a><\/h2>\n\n<div class=\"wp-block-post-date\"><time datetime=\"2026-04-20T10:38:45+00:00\">20. April 2026<\/time><\/div>\n\n\n\n<div class=\"wp-block-post-excerpt\"><p class=\"wp-block-post-excerpt__excerpt\">Regio, so hei\u00dft das Kartenmodul in MDS-Cloud. In den regionalen Studien der ma Tageszeitung und der Out of Home kommt es zum Einsatz, weil es eine effiziente Planung erm\u00f6glicht.\u00a0 Aber&hellip;<\/p><p class=\"wp-block-post-excerpt__more-text\"><a class=\"wp-block-post-excerpt__more-link\" href=\"\/docs-mcloud\/2026\/04\/20\/13-mit-karten-den-weg-weisen\/\">Weiterlesen &gt;<\/a><\/p><\/div>\n\n\n<hr class=\"wp-block-separator has-css-opacity\" \/>\n\n<\/li><li class=\"wp-block-post post-3174 post type-post status-publish format-standard hentry category-hotline-topics\">\n<h2 class=\"wp-block-post-title\"><a href=\"\/docs-mcloud\/2026\/04\/13\/12-filtern-statt-kaffeesatz-lesen\/\" target=\"_self\" >#12 Filter(n) statt Kaffeesatz lesen<\/a><\/h2>\n\n<div class=\"wp-block-post-date\"><time datetime=\"2026-04-13T07:58:13+00:00\">13. April 2026<\/time><\/div>\n\n\n\n<div class=\"wp-block-post-excerpt\"><p class=\"wp-block-post-excerpt__excerpt\">Nach dem Umgang mit numerischen Merkmalen (s. #10 und #11) steht bei einem neuen Anwendungsfall erneut die Zielgruppe im Fokus. Die spezifische Fallauswahl wird jedoch nicht erst \u00fcber mathematische Verkn\u00fcpfungen&hellip;<\/p><p class=\"wp-block-post-excerpt__more-text\"><a class=\"wp-block-post-excerpt__more-link\" href=\"\/docs-mcloud\/2026\/04\/13\/12-filtern-statt-kaffeesatz-lesen\/\">Weiterlesen &gt;<\/a><\/p><\/div>\n\n\n<hr class=\"wp-block-separator has-css-opacity\" \/>\n\n<\/li><\/ul><\/div>\n\n\n\n<div class=\"wp-block-buttons is-layout-flex wp-block-buttons-is-layout-flex\">\n<div class=\"wp-block-button is-style-outline is-style-outline--1\"><a class=\"wp-block-button__link wp-element-button\" href=\"https:\/\/m-cloud.de\/docs-mcloud\/category\/hotline-topics\/\">zu vorherigen Hotline Topics<\/a><\/div>\n<\/div>\n\n\n\n<h2 class=\"wp-block-heading\" id=\"news\">News &#8211; Immer einen Schritt voraus<\/h2>\n\n\n\n<div class=\"wp-block-columns is-layout-flex wp-container-core-columns-is-layout-9d6595d7 wp-block-columns-is-layout-flex\">\n<div class=\"wp-block-column is-layout-flow wp-block-column-is-layout-flow\" style=\"flex-basis:66.66%\">\n<p>Erfahren Sie die neuesten Updates, Trends und Entwicklungen rund um MDS-Cloud. <\/p>\n\n\n\n<p>Bleiben Sie informiert und verpassen Sie keine wichtigen Neuerungen.<\/p>\n<\/div>\n\n\n\n<div class=\"wp-block-column is-layout-flow wp-block-column-is-layout-flow\" style=\"flex-basis:33.33%\">\n<figure class=\"wp-block-image size-full\"><img loading=\"lazy\" decoding=\"async\" width=\"700\" height=\"536\" src=\"\/docs-mcloud\/wp-content\/uploads\/sites\/4\/2026\/01\/Slider_Leistungsportfolio_04.jpg\" alt=\"\" class=\"wp-image-2817\" srcset=\"\/docs-mcloud\/wp-content\/uploads\/sites\/4\/2026\/01\/Slider_Leistungsportfolio_04.jpg 700w, \/docs-mcloud\/wp-content\/uploads\/sites\/4\/2026\/01\/Slider_Leistungsportfolio_04-300x230.jpg 300w\" sizes=\"auto, (max-width: 700px) 100vw, 700px\" \/><\/figure>\n<\/div>\n<\/div>\n\n\n\n<div class=\"wp-block-query is-layout-flow wp-block-query-is-layout-flow\"><ul class=\"wp-block-post-template is-layout-flow wp-block-post-template-is-layout-flow\"><li class=\"wp-block-post post-3230 post type-post status-publish format-standard hentry category-changelog category-news\">\n<h2 class=\"wp-block-post-title\"><a href=\"\/docs-mcloud\/2026\/04\/24\/targeting-anpassbare-skalen\/\" target=\"_self\" >Targeting: Anpassbare Skalen<\/a><\/h2>\n\n<div class=\"wp-block-post-date\"><time datetime=\"2026-04-24T10:16:32+00:00\">24. April 2026<\/time><\/div>\n\n\n\n<div class=\"wp-block-post-excerpt\"><p class=\"wp-block-post-excerpt__excerpt\">Die Skalen der Targeting-Oberfl\u00e4che lassen sich individuell anpassen. Auch das Raster l\u00e4sst sich ein- und ausblenden.<\/p><p class=\"wp-block-post-excerpt__more-text\"><a class=\"wp-block-post-excerpt__more-link\" href=\"\/docs-mcloud\/2026\/04\/24\/targeting-anpassbare-skalen\/\">Weiterlesen &gt;<\/a><\/p><\/div>\n\n\n<hr class=\"wp-block-separator has-css-opacity\" \/>\n\n<\/li><li class=\"wp-block-post post-3202 post type-post status-publish format-standard hentry category-changelog category-news\">\n<h2 class=\"wp-block-post-title\"><a href=\"\/docs-mcloud\/2026\/04\/24\/zielgruppenexport-visualisierung\/\" target=\"_self\" >Zielgruppen: Erweiterte Export-Funktion und Darstellung<\/a><\/h2>\n\n<div class=\"wp-block-post-date\"><time datetime=\"2026-04-24T06:11:56+00:00\">24. April 2026<\/time><\/div>\n\n\n\n<div class=\"wp-block-post-excerpt\"><p class=\"wp-block-post-excerpt__excerpt\">Alle sichtbaren Zielgruppen im Modul Zielgruppe sind \u00fcber den direkten Excel-Export exportierbar. Das Layout enth\u00e4lt alle wesentlichen Informationen, die es auch im Webinterface gibt.<\/p><p class=\"wp-block-post-excerpt__more-text\"><a class=\"wp-block-post-excerpt__more-link\" href=\"\/docs-mcloud\/2026\/04\/24\/zielgruppenexport-visualisierung\/\">Weiterlesen &gt;<\/a><\/p><\/div>\n\n\n<hr class=\"wp-block-separator has-css-opacity\" \/>\n\n<\/li><li class=\"wp-block-post post-3206 post type-post status-publish format-standard hentry category-changelog category-news\">\n<h2 class=\"wp-block-post-title\"><a href=\"\/docs-mcloud\/2026\/04\/24\/datenueberfuehrung-in-powerpoint\/\" target=\"_self\" >Daten\u00fcberf\u00fchrung in PowerPoint<\/a><\/h2>\n\n<div class=\"wp-block-post-date\"><time datetime=\"2026-04-24T06:02:03+00:00\">24. April 2026<\/time><\/div>\n\n\n\n<div class=\"wp-block-post-excerpt\"><p class=\"wp-block-post-excerpt__excerpt\">F\u00fcr das Chartmodul, das Targeting und das Dashboard bestehen Exportm\u00f6glichkeiten auch im PowerPoint-Format. Die Dateinahmen der Export-Datei sind individuell festzulegen. Speziell f\u00fcr das Dashboard k\u00f6nnen die erstellten Kacheln wahlweise als&hellip;<\/p><p class=\"wp-block-post-excerpt__more-text\"><a class=\"wp-block-post-excerpt__more-link\" href=\"\/docs-mcloud\/2026\/04\/24\/datenueberfuehrung-in-powerpoint\/\">Weiterlesen &gt;<\/a><\/p><\/div>\n\n\n<hr class=\"wp-block-separator has-css-opacity\" \/>\n\n<\/li><\/ul><\/div>\n\n\n\n<div class=\"wp-block-buttons is-layout-flex wp-block-buttons-is-layout-flex\">\n<div class=\"wp-block-button is-style-outline is-style-outline--2\"><a class=\"wp-block-button__link wp-element-button\" href=\"\/docs-mcloud\/category\/news\/\">zu vorherigen News<\/a><\/div>\n<\/div>\n\n\n\n<p><\/p>\n","protected":false},"excerpt":{"rendered":"<p>Hotline Topics &#8211; Entdecken was andere bewegt Welche Fragen besch\u00e4ftigen die MDS-Cloud-Community? In unseren Hotline-Gespr\u00e4chen sto\u00dfen wir auf spannende Themen und hilfreiche Tipps, die wir hier mit Ihnen teilen. Lassen Sie sich inspirieren und finden Antworten, die auch f\u00fcr Sie wertvoll sein k\u00f6nnen. News &#8211; Immer einen Schritt voraus Erfahren Sie die neuesten Updates, Trends [&hellip;]<\/p>\n","protected":false},"author":6,"featured_media":0,"parent":0,"menu_order":1,"comment_status":"closed","ping_status":"closed","template":"","meta":{"_acf_changed":false,"inline_featured_image":false,"footnotes":""},"class_list":["post-2755","page","type-page","status-publish","hentry"],"acf":[],"_links":{"self":[{"href":"\/docs-mcloud\/wp-json\/wp\/v2\/pages\/2755","targetHints":{"allow":["GET"]}}],"collection":[{"href":"\/docs-mcloud\/wp-json\/wp\/v2\/pages"}],"about":[{"href":"\/docs-mcloud\/wp-json\/wp\/v2\/types\/page"}],"author":[{"embeddable":true,"href":"\/docs-mcloud\/wp-json\/wp\/v2\/users\/6"}],"replies":[{"embeddable":true,"href":"\/docs-mcloud\/wp-json\/wp\/v2\/comments?post=2755"}],"version-history":[{"count":5,"href":"\/docs-mcloud\/wp-json\/wp\/v2\/pages\/2755\/revisions"}],"predecessor-version":[{"id":3030,"href":"\/docs-mcloud\/wp-json\/wp\/v2\/pages\/2755\/revisions\/3030"}],"wp:attachment":[{"href":"\/docs-mcloud\/wp-json\/wp\/v2\/media?parent=2755"}],"curies":[{"name":"wp","href":"https:\/\/api.w.org\/{rel}","templated":true}]}}