{"id":2314,"date":"2021-04-23T10:54:09","date_gmt":"2021-04-23T10:54:09","guid":{"rendered":"\/docs-mcloud\/?page_id=2314"},"modified":"2023-08-31T10:00:30","modified_gmt":"2023-08-31T10:00:30","slug":"dateiversand","status":"publish","type":"page","link":"\/docs-mcloud\/hilfe\/programmoberflaeche\/dateiversand\/","title":{"rendered":"Dateiversand"},"content":{"rendered":"\n<p>Um Teamarbeit zu erleichtern stehen zwei Varianten des Dateiversandes an Teammitglieder zur Verf\u00fcgung: Der Versand an einen Benutzer sowie die <em>\u00f6ffentliche Halde<\/em>.<\/p>\n\n\n\n<h2 class=\"wp-block-heading\">Versand an einen Benutzer<\/h2>\n\n\n\n<p>Mit dieser Variante verschicken Sie eine abgespeicherte Datei an ein bestimmtes Teammitglied. W\u00e4hlen Sie zun\u00e4chst <a href=\"\/docs-mcloud\/hilfe\/programmoberflaeche\/laden-und-speichern\/\">Laden oder Speichern<\/a> aus dem Men\u00fc aus.<\/p>\n\n\n\n<div class=\"wp-block-columns is-layout-flex wp-container-core-columns-is-layout-9d6595d7 wp-block-columns-is-layout-flex\">\n<div class=\"wp-block-column is-layout-flow wp-block-column-is-layout-flow\">\n<figure class=\"wp-block-image size-large\"><a href=\"\/docs-mcloud\/wp-content\/uploads\/sites\/4\/2021\/04\/Dateiversand1.png\"><img loading=\"lazy\" decoding=\"async\" width=\"337\" height=\"35\" src=\"\/docs-mcloud\/wp-content\/uploads\/sites\/4\/2021\/04\/Dateiversand1.png\" alt=\"\" class=\"wp-image-2317\" srcset=\"\/docs-mcloud\/wp-content\/uploads\/sites\/4\/2021\/04\/Dateiversand1.png 337w, \/docs-mcloud\/wp-content\/uploads\/sites\/4\/2021\/04\/Dateiversand1-300x31.png 300w\" sizes=\"auto, (max-width: 337px) 100vw, 337px\" \/><\/a><\/figure>\n<\/div>\n\n\n\n<div class=\"wp-block-column is-layout-flow wp-block-column-is-layout-flow\">\n<p>Hovern Sie anschlie\u00dfend \u00fcber die zu versendende Datei, um die Option <em>An Benutzer\/Gruppe verschicken<\/em> einzublenden und auszuw\u00e4hlen.<\/p>\n<\/div>\n<\/div>\n\n\n\n<div class=\"wp-block-columns is-layout-flex wp-container-core-columns-is-layout-9d6595d7 wp-block-columns-is-layout-flex\">\n<div class=\"wp-block-column is-layout-flow wp-block-column-is-layout-flow\">\n<figure class=\"wp-block-image size-large\"><a href=\"\/docs-mcloud\/wp-content\/uploads\/sites\/4\/2021\/04\/Dateiversand2.png\"><img loading=\"lazy\" decoding=\"async\" width=\"280\" height=\"126\" src=\"\/docs-mcloud\/wp-content\/uploads\/sites\/4\/2021\/04\/Dateiversand2.png\" alt=\"\" class=\"wp-image-2318\" \/><\/a><\/figure>\n<\/div>\n\n\n\n<div class=\"wp-block-column is-layout-flow wp-block-column-is-layout-flow\">\n<p>Geben Sie den Benutzernamen Ihres Teammitgliedes ein und best\u00e4tigen Sie Ihre Eingabe. Die Datei wird in der <a href=\"\/docs-mcloud\/hilfe\/programmoberflaeche\/laden-und-speichern\/#Inbox\">Inbox<\/a> des Adressaten abgelegt.<\/p>\n<\/div>\n<\/div>\n\n\n\n<h2 class=\"wp-block-heading\">\u00d6ffentliche Halde<\/h2>\n\n\n\n<p>Verschieben oder kopieren Sie eine gespeicherte Datei in den Ordner <a href=\"\/docs-mcloud\/hilfe\/programmoberflaeche\/laden-und-speichern\/#\u00f6ffentlicheHalde\">\u00f6ffentliche Halde<\/a>, um diese allen Benutzern Ihres Unternehmens zur Verf\u00fcgung zu stellen.<\/p>\n","protected":false},"excerpt":{"rendered":"<p>Um Teamarbeit zu erleichtern stehen zwei Varianten des Dateiversandes an Teammitglieder zur Verf\u00fcgung: Der Versand an einen Benutzer sowie die \u00f6ffentliche Halde. Versand an einen Benutzer Mit dieser Variante verschicken Sie eine abgespeicherte Datei an ein bestimmtes Teammitglied. W\u00e4hlen Sie zun\u00e4chst Laden oder Speichern aus dem Men\u00fc aus. Hovern Sie anschlie\u00dfend \u00fcber die zu versendende [&hellip;]<\/p>\n","protected":false},"author":7,"featured_media":0,"parent":13,"menu_order":9,"comment_status":"closed","ping_status":"closed","template":"","meta":{"_acf_changed":false,"inline_featured_image":false,"footnotes":""},"class_list":["post-2314","page","type-page","status-publish","hentry"],"acf":[],"_links":{"self":[{"href":"\/docs-mcloud\/wp-json\/wp\/v2\/pages\/2314","targetHints":{"allow":["GET"]}}],"collection":[{"href":"\/docs-mcloud\/wp-json\/wp\/v2\/pages"}],"about":[{"href":"\/docs-mcloud\/wp-json\/wp\/v2\/types\/page"}],"author":[{"embeddable":true,"href":"\/docs-mcloud\/wp-json\/wp\/v2\/users\/7"}],"replies":[{"embeddable":true,"href":"\/docs-mcloud\/wp-json\/wp\/v2\/comments?post=2314"}],"version-history":[{"count":5,"href":"\/docs-mcloud\/wp-json\/wp\/v2\/pages\/2314\/revisions"}],"predecessor-version":[{"id":2327,"href":"\/docs-mcloud\/wp-json\/wp\/v2\/pages\/2314\/revisions\/2327"}],"up":[{"embeddable":true,"href":"\/docs-mcloud\/wp-json\/wp\/v2\/pages\/13"}],"wp:attachment":[{"href":"\/docs-mcloud\/wp-json\/wp\/v2\/media?parent=2314"}],"curies":[{"name":"wp","href":"https:\/\/api.w.org\/{rel}","templated":true}]}}