{"id":1966,"date":"2020-12-11T07:17:00","date_gmt":"2020-12-11T07:17:32","guid":{"rendered":"\/docs-mcloud\/hilfe\/rangreihe\/medien-2\/"},"modified":"2023-08-31T10:00:30","modified_gmt":"2023-08-31T10:00:30","slug":"kombinationen","status":"publish","type":"page","link":"\/docs-mcloud\/hilfe\/rangreihe\/kombinationen\/","title":{"rendered":"Rabatt- und Vario-Kombinationen"},"content":{"rendered":"\n<h2 class=\"wp-block-heading\">Rabattkombinationen<\/h2>\n\n\n\n<figure class=\"wp-block-image size-large\"><a href=\"\/docs-mcloud\/wp-content\/uploads\/sites\/4\/2020\/12\/Medien-discount_head.png\"><img loading=\"lazy\" decoding=\"async\" width=\"801\" height=\"332\" src=\"\/docs-mcloud\/wp-content\/uploads\/sites\/4\/2020\/12\/Medien-discount_head.png\" alt=\"\" class=\"wp-image-1482\" srcset=\"\/docs-mcloud\/wp-content\/uploads\/sites\/4\/2020\/12\/Medien-discount_head.png 801w, \/docs-mcloud\/wp-content\/uploads\/sites\/4\/2020\/12\/Medien-discount_head-300x124.png 300w, \/docs-mcloud\/wp-content\/uploads\/sites\/4\/2020\/12\/Medien-discount_head-768x318.png 768w\" sizes=\"auto, (max-width: 801px) 100vw, 801px\" \/><\/a><figcaption>Maus \u00fcber dem + Symbol<\/figcaption><\/figure>\n\n\n\n<p>Das <img loading=\"lazy\" decoding=\"async\" width=\"18\" height=\"17\" class=\"wp-image-1977\" style=\"width: 18px\" src=\"\/docs-mcloud\/wp-content\/uploads\/sites\/4\/2020\/12\/plus.png\" alt=\"\"> Symbol im Tabellenkopf stellt alle m\u00f6glichen Rabattkombinationen dar, die anhand der aktuellen Medienliste gebildet werden k\u00f6nnen. <\/p>\n\n\n\n<p>Ein Klick auf auf das Symbol f\u00fcgt die aufgef\u00fchrten Kombinationen der Medienliste hinzu.<\/p>\n\n\n\n<figure class=\"wp-block-image size-large\"><a href=\"\/docs-mcloud\/wp-content\/uploads\/sites\/4\/2020\/12\/Medien-discount_media.png\"><img loading=\"lazy\" decoding=\"async\" width=\"797\" height=\"355\" src=\"\/docs-mcloud\/wp-content\/uploads\/sites\/4\/2020\/12\/Medien-discount_media.png\" alt=\"\" class=\"wp-image-1489\" srcset=\"\/docs-mcloud\/wp-content\/uploads\/sites\/4\/2020\/12\/Medien-discount_media.png 797w, \/docs-mcloud\/wp-content\/uploads\/sites\/4\/2020\/12\/Medien-discount_media-300x134.png 300w, \/docs-mcloud\/wp-content\/uploads\/sites\/4\/2020\/12\/Medien-discount_media-768x342.png 768w\" sizes=\"auto, (max-width: 797px) 100vw, 797px\" \/><\/a><figcaption>Maus \u00fcber dem i Symbol<\/figcaption><\/figure>\n\n\n\n<p>Das <img loading=\"lazy\" decoding=\"async\" width=\"17\" height=\"18\" class=\"wp-image-1978\" style=\"width: 17px\" src=\"\/docs-mcloud\/wp-content\/uploads\/sites\/4\/2020\/12\/i.png\" alt=\"\"> Symbol zeigt alle Kombinationen an, in dem der Einzeltitel enthalten ist &#8211; oder bei Titelkombinationen &#8211; \u00fcber welche Einzeltitel die Tarifkombination gebildet ist. <\/p>\n\n\n\n<p>Die Kombizusammensetzung wird \u00fcber die Angaben im aktuellen Datensatz ermittelt.<\/p>\n\n\n\n<h2 class=\"wp-block-heading\">Vario-Kombinationen bilden<\/h2>\n\n\n\n<p>Sie haben die M\u00f6glichkeit, eigene Medien-Kombinationen f\u00fcr beliebige Titel einer Gattung zu bilden. <\/p>\n\n\n\n<p>Markieren Sie die Titel, die zu einer Kombination zusammen gefasst werden sollen. Wenn Sie \u00fcber die rechte Maustaste die Auswahl <em>Vario-Kombi erstellen<\/em> w\u00e4hlen, wird eine Eingabemaske aufgerufen, in der Sie die standardm\u00e4\u00dfig vorgegebene Bezeichnung Vario-Kombi \u00e4ndern k\u00f6nnen. <\/p>\n\n\n\n<figure class=\"wp-block-image size-large\"><a href=\"\/docs-mcloud\/wp-content\/uploads\/sites\/4\/2020\/12\/Variokombi.png\"><img loading=\"lazy\" decoding=\"async\" width=\"594\" height=\"202\" src=\"\/docs-mcloud\/wp-content\/uploads\/sites\/4\/2020\/12\/Variokombi.png\" alt=\"\" class=\"wp-image-2001\" srcset=\"\/docs-mcloud\/wp-content\/uploads\/sites\/4\/2020\/12\/Variokombi.png 594w, \/docs-mcloud\/wp-content\/uploads\/sites\/4\/2020\/12\/Variokombi-300x102.png 300w\" sizes=\"auto, (max-width: 594px) 100vw, 594px\" \/><\/a><\/figure>\n\n\n\n<p>Die neu gebildete Kombination kann in der Rangreihe wie ein normaler Titel gez\u00e4hlt werden. Kosten und Auflagen f\u00fcr die neu gebildete Kombination werden aus den Tarifen und Auflagen der Einzeltitel errechnet. <\/p>\n","protected":false},"excerpt":{"rendered":"<p>Rabattkombinationen Das Symbol im Tabellenkopf stellt alle m\u00f6glichen Rabattkombinationen dar, die anhand der aktuellen Medienliste gebildet werden k\u00f6nnen. Ein Klick auf auf das Symbol f\u00fcgt die aufgef\u00fchrten Kombinationen der Medienliste hinzu. Das Symbol zeigt alle Kombinationen an, in dem der Einzeltitel enthalten ist &#8211; oder bei Titelkombinationen &#8211; \u00fcber welche Einzeltitel die Tarifkombination gebildet ist. [&hellip;]<\/p>\n","protected":false},"author":7,"featured_media":0,"parent":659,"menu_order":3,"comment_status":"closed","ping_status":"closed","template":"","meta":{"_acf_changed":false,"inline_featured_image":false,"footnotes":""},"class_list":["post-1966","page","type-page","status-publish","hentry"],"acf":[],"_links":{"self":[{"href":"\/docs-mcloud\/wp-json\/wp\/v2\/pages\/1966","targetHints":{"allow":["GET"]}}],"collection":[{"href":"\/docs-mcloud\/wp-json\/wp\/v2\/pages"}],"about":[{"href":"\/docs-mcloud\/wp-json\/wp\/v2\/types\/page"}],"author":[{"embeddable":true,"href":"\/docs-mcloud\/wp-json\/wp\/v2\/users\/7"}],"replies":[{"embeddable":true,"href":"\/docs-mcloud\/wp-json\/wp\/v2\/comments?post=1966"}],"version-history":[{"count":5,"href":"\/docs-mcloud\/wp-json\/wp\/v2\/pages\/1966\/revisions"}],"predecessor-version":[{"id":2002,"href":"\/docs-mcloud\/wp-json\/wp\/v2\/pages\/1966\/revisions\/2002"}],"up":[{"embeddable":true,"href":"\/docs-mcloud\/wp-json\/wp\/v2\/pages\/659"}],"wp:attachment":[{"href":"\/docs-mcloud\/wp-json\/wp\/v2\/media?parent=1966"}],"curies":[{"name":"wp","href":"https:\/\/api.w.org\/{rel}","templated":true}]}}