{"id":1902,"date":"2020-12-09T09:23:29","date_gmt":"2020-12-09T09:23:29","guid":{"rendered":"\/docs-mcloud\/hilfe\/tabellierung\/storyfinder\/"},"modified":"2023-08-31T10:00:30","modified_gmt":"2023-08-31T10:00:30","slug":"storyfinder","status":"publish","type":"page","link":"\/docs-mcloud\/hilfe\/tabellierung\/storyfinder\/","title":{"rendered":"Storyfinder"},"content":{"rendered":"\n<p>Die Funktion Storyfinder bietet die M\u00f6glichkeit, eine Z\u00e4hlung \u00fcber alle Merkmale der ausgew\u00e4hlten Studie zu erstellen. Die Ausgabe der Tabelle erfolgt direkt nach Excel. Filter und Spaltenk\u00f6pfe sind beliebig w\u00e4hlbar.<\/p>\n\n\n\n<p>Soll die Z\u00e4hlung f\u00fcr mehrere Zielgruppen gleichzeitig erstellt werden, definieren Sie zun\u00e4chst den Tabellenkopf und legen gegebenenfalls die Sortierung fest.<\/p>\n\n\n\n<p>\u00dcber die Auswahl Storyfinder in der Symbolleiste \u00f6ffnen Sie das folgende Auswahlfenster:<\/p>\n\n\n\n<figure class=\"wp-block-image size-large\"><a href=\"\/docs-mcloud\/wp-content\/uploads\/sites\/4\/2020\/12\/storyfinder.png\"><img loading=\"lazy\" decoding=\"async\" width=\"692\" height=\"533\" src=\"\/docs-mcloud\/wp-content\/uploads\/sites\/4\/2020\/12\/storyfinder.png\" alt=\"\" class=\"wp-image-1905\" srcset=\"\/docs-mcloud\/wp-content\/uploads\/sites\/4\/2020\/12\/storyfinder.png 692w, \/docs-mcloud\/wp-content\/uploads\/sites\/4\/2020\/12\/storyfinder-300x231.png 300w\" sizes=\"auto, (max-width: 692px) 100vw, 692px\" \/><\/a><\/figure>\n\n\n\n<p>Wenn die Option <strong>Tabellenkopf<\/strong> ausgew\u00e4hlt ist, wird die Z\u00e4hlung \u00fcber den vorher definierten Tabellenkopf erzeugt. Andernfalls erfolgt die Auswertung nur \u00fcber die Basisspalte.<\/p>\n\n\n\n<p>\u00dcber die Option <strong>Codes ausgeben<\/strong> werden die internen Codeplanspalten in einer Extraspalte in der Tabelle mit ausgegeben.<\/p>\n\n\n\n<p>Neben <strong>Alle<\/strong> und \/ oder <strong>Codeplan \/ Medien<\/strong> kann jeder Bereich gesondert per Klick f\u00fcr die Z\u00e4hlung vorgesehen werden.<\/p>\n","protected":false},"excerpt":{"rendered":"<p>Die Funktion Storyfinder bietet die M\u00f6glichkeit, eine Z\u00e4hlung \u00fcber alle Merkmale der ausgew\u00e4hlten Studie zu erstellen. Die Ausgabe der Tabelle erfolgt direkt nach Excel. Filter und Spaltenk\u00f6pfe sind beliebig w\u00e4hlbar. Soll die Z\u00e4hlung f\u00fcr mehrere Zielgruppen gleichzeitig erstellt werden, definieren Sie zun\u00e4chst den Tabellenkopf und legen gegebenenfalls die Sortierung fest. \u00dcber die Auswahl Storyfinder in [&hellip;]<\/p>\n","protected":false},"author":7,"featured_media":0,"parent":656,"menu_order":10,"comment_status":"closed","ping_status":"closed","template":"","meta":{"_acf_changed":false,"inline_featured_image":false,"footnotes":""},"class_list":["post-1902","page","type-page","status-publish","hentry"],"acf":[],"_links":{"self":[{"href":"\/docs-mcloud\/wp-json\/wp\/v2\/pages\/1902","targetHints":{"allow":["GET"]}}],"collection":[{"href":"\/docs-mcloud\/wp-json\/wp\/v2\/pages"}],"about":[{"href":"\/docs-mcloud\/wp-json\/wp\/v2\/types\/page"}],"author":[{"embeddable":true,"href":"\/docs-mcloud\/wp-json\/wp\/v2\/users\/7"}],"replies":[{"embeddable":true,"href":"\/docs-mcloud\/wp-json\/wp\/v2\/comments?post=1902"}],"version-history":[{"count":2,"href":"\/docs-mcloud\/wp-json\/wp\/v2\/pages\/1902\/revisions"}],"predecessor-version":[{"id":1906,"href":"\/docs-mcloud\/wp-json\/wp\/v2\/pages\/1902\/revisions\/1906"}],"up":[{"embeddable":true,"href":"\/docs-mcloud\/wp-json\/wp\/v2\/pages\/656"}],"wp:attachment":[{"href":"\/docs-mcloud\/wp-json\/wp\/v2\/media?parent=1902"}],"curies":[{"name":"wp","href":"https:\/\/api.w.org\/{rel}","templated":true}]}}