{"id":1790,"date":"2020-12-04T11:13:50","date_gmt":"2020-12-04T11:13:50","guid":{"rendered":"\/docs-mcloud\/hilfe\/tabellierung\/tabellenlayout\/spalten-gruppieren\/"},"modified":"2023-08-31T10:00:30","modified_gmt":"2023-08-31T10:00:30","slug":"spalten-gruppieren","status":"publish","type":"page","link":"\/docs-mcloud\/hilfe\/tabellierung\/tabellenlayout\/spalten-gruppieren\/","title":{"rendered":"Spalten gruppieren"},"content":{"rendered":"\n<p>In der Standarddarstellung werden Merkmale in den Spalten des Tabellenkopfes auf zwei Ebenen beschrieben: die Merkmals\u00fcberschrift wird in der oberen Zeile, die Auspr\u00e4gungen in der zweiten Zeile des Tabellenkopfes ausgewiesen. Die Anpassung der dargestellten \u00dcberschriften erfolgt analog der <a href=\"\/docs-mcloud\/hilfe\/tabellierung\/tabellenlayout\/zeilen-gruppieren\/\">Gruppierung von Zeilen<\/a>.<\/p>\n\n\n\n<div class=\"wp-block-media-text alignwide is-stacked-on-mobile\"><figure class=\"wp-block-media-text__media\"><a href=\"\/docs-mcloud\/wp-content\/uploads\/sites\/4\/2020\/12\/tabellenlayout14-.png\"><img loading=\"lazy\" decoding=\"async\" width=\"416\" height=\"114\" src=\"\/docs-mcloud\/wp-content\/uploads\/sites\/4\/2020\/12\/tabellenlayout14-.png\" alt=\"\" class=\"wp-image-1792\" srcset=\"\/docs-mcloud\/wp-content\/uploads\/sites\/4\/2020\/12\/tabellenlayout14-.png 416w, \/docs-mcloud\/wp-content\/uploads\/sites\/4\/2020\/12\/tabellenlayout14--300x82.png 300w\" sizes=\"auto, (max-width: 416px) 100vw, 416px\" \/><\/a><\/figure><div class=\"wp-block-media-text__content\">\n<p>Die im Layout festgelegte Anzahl \u00dcberschriften wird ber\u00fccksichtigt.<\/p>\n<\/div><\/div>\n\n\n\n<figure class=\"wp-block-image size-large\"><a href=\"\/docs-mcloud\/wp-content\/uploads\/sites\/4\/2020\/12\/tabellenlayout15.png\"><img loading=\"lazy\" decoding=\"async\" width=\"822\" height=\"283\" src=\"\/docs-mcloud\/wp-content\/uploads\/sites\/4\/2020\/12\/tabellenlayout15.png\" alt=\"\" class=\"wp-image-1794\" srcset=\"\/docs-mcloud\/wp-content\/uploads\/sites\/4\/2020\/12\/tabellenlayout15.png 822w, \/docs-mcloud\/wp-content\/uploads\/sites\/4\/2020\/12\/tabellenlayout15-300x103.png 300w, \/docs-mcloud\/wp-content\/uploads\/sites\/4\/2020\/12\/tabellenlayout15-768x264.png 768w\" sizes=\"auto, (max-width: 822px) 100vw, 822px\" \/><\/a><figcaption>Standarddarstellung Spalten gruppieren: Ja &#8211; Gruppierte Spalten mit zwei \u00dcberschriften<\/figcaption><\/figure>\n\n\n\n<figure class=\"wp-block-image size-large\"><a href=\"\/docs-mcloud\/wp-content\/uploads\/sites\/4\/2020\/12\/tabellenlayout16.png\"><img loading=\"lazy\" decoding=\"async\" width=\"819\" height=\"212\" src=\"\/docs-mcloud\/wp-content\/uploads\/sites\/4\/2020\/12\/tabellenlayout16.png\" alt=\"\" class=\"wp-image-1795\" srcset=\"\/docs-mcloud\/wp-content\/uploads\/sites\/4\/2020\/12\/tabellenlayout16.png 819w, \/docs-mcloud\/wp-content\/uploads\/sites\/4\/2020\/12\/tabellenlayout16-300x78.png 300w, \/docs-mcloud\/wp-content\/uploads\/sites\/4\/2020\/12\/tabellenlayout16-768x199.png 768w\" sizes=\"auto, (max-width: 819px) 100vw, 819px\" \/><\/a><figcaption>Spalten gruppieren: Nein, integrierte \u00dcberschriften<\/figcaption><\/figure>\n","protected":false},"excerpt":{"rendered":"<p>In der Standarddarstellung werden Merkmale in den Spalten des Tabellenkopfes auf zwei Ebenen beschrieben: die Merkmals\u00fcberschrift wird in der oberen Zeile, die Auspr\u00e4gungen in der zweiten Zeile des Tabellenkopfes ausgewiesen. Die Anpassung der dargestellten \u00dcberschriften erfolgt analog der Gruppierung von Zeilen. Die im Layout festgelegte Anzahl \u00dcberschriften wird ber\u00fccksichtigt.<\/p>\n","protected":false},"author":7,"featured_media":0,"parent":1676,"menu_order":2,"comment_status":"closed","ping_status":"closed","template":"","meta":{"_acf_changed":false,"inline_featured_image":false,"footnotes":""},"class_list":["post-1790","page","type-page","status-publish","hentry"],"acf":[],"_links":{"self":[{"href":"\/docs-mcloud\/wp-json\/wp\/v2\/pages\/1790","targetHints":{"allow":["GET"]}}],"collection":[{"href":"\/docs-mcloud\/wp-json\/wp\/v2\/pages"}],"about":[{"href":"\/docs-mcloud\/wp-json\/wp\/v2\/types\/page"}],"author":[{"embeddable":true,"href":"\/docs-mcloud\/wp-json\/wp\/v2\/users\/7"}],"replies":[{"embeddable":true,"href":"\/docs-mcloud\/wp-json\/wp\/v2\/comments?post=1790"}],"version-history":[{"count":2,"href":"\/docs-mcloud\/wp-json\/wp\/v2\/pages\/1790\/revisions"}],"predecessor-version":[{"id":1796,"href":"\/docs-mcloud\/wp-json\/wp\/v2\/pages\/1790\/revisions\/1796"}],"up":[{"embeddable":true,"href":"\/docs-mcloud\/wp-json\/wp\/v2\/pages\/1676"}],"wp:attachment":[{"href":"\/docs-mcloud\/wp-json\/wp\/v2\/media?parent=1790"}],"curies":[{"name":"wp","href":"https:\/\/api.w.org\/{rel}","templated":true}]}}