{"id":1545,"date":"2020-12-04T05:57:06","date_gmt":"2020-12-04T05:57:06","guid":{"rendered":"\/docs-mcloud\/hilfe\/tabellierung\/auswertung-bearbeiten\/zielgruppen-in-zeilen-und-spalten-editieren\/"},"modified":"2023-08-31T10:00:30","modified_gmt":"2023-08-31T10:00:30","slug":"zielgruppen-in-zeilen-und-spalten-editieren","status":"publish","type":"page","link":"\/docs-mcloud\/hilfe\/tabellierung\/auswertung-bearbeiten\/zielgruppen-in-zeilen-und-spalten-editieren\/","title":{"rendered":"Zielgruppen in Zeilen und Spalten editieren"},"content":{"rendered":"\n<p>Um eine Zielgruppe in der Tabelle zu modifizieren, w\u00e4hlen Sie Bearbeiten aus dem Men\u00fc der rechten Maustaste. Im Editier-Modus wird die Zielgruppe ausf\u00fchrlich mit allen Verkn\u00fcpfungsoperatoren angezeigt. F\u00fcr jede Teilzielgruppe wird das Potenzial dokumentiert.<\/p>\n\n\n\n<p>Einzelne Teilzielgruppen k\u00f6nnen entfernt oder aus dem Codeplan per Drag &amp; Drop hinzugef\u00fcgt werden.<\/p>\n\n\n\n<div class=\"wp-block-columns is-layout-flex wp-container-core-columns-is-layout-9d6595d7 wp-block-columns-is-layout-flex\">\n<div class=\"wp-block-column is-layout-flow wp-block-column-is-layout-flow\">\n<figure class=\"wp-block-image size-large\"><a href=\"\/docs-mcloud\/wp-content\/uploads\/sites\/4\/2020\/12\/AuswertungBearbeiten4.png\"><img loading=\"lazy\" decoding=\"async\" width=\"370\" height=\"251\" src=\"\/docs-mcloud\/wp-content\/uploads\/sites\/4\/2020\/12\/AuswertungBearbeiten4.png\" alt=\"\" class=\"wp-image-1575\" srcset=\"\/docs-mcloud\/wp-content\/uploads\/sites\/4\/2020\/12\/AuswertungBearbeiten4.png 370w, \/docs-mcloud\/wp-content\/uploads\/sites\/4\/2020\/12\/AuswertungBearbeiten4-300x204.png 300w\" sizes=\"auto, (max-width: 370px) 100vw, 370px\" \/><\/a><figcaption>Tabellenansicht: Frauen im Alter von 40 &#8211; 59<\/figcaption><\/figure>\n<\/div>\n\n\n\n<div class=\"wp-block-column is-layout-flow wp-block-column-is-layout-flow\">\n<figure class=\"wp-block-image size-large\"><a href=\"\/docs-mcloud\/wp-content\/uploads\/sites\/4\/2020\/12\/AuswertungBearbeiten5.png\"><img loading=\"lazy\" decoding=\"async\" width=\"504\" height=\"308\" src=\"\/docs-mcloud\/wp-content\/uploads\/sites\/4\/2020\/12\/AuswertungBearbeiten5.png\" alt=\"\" class=\"wp-image-1577\" srcset=\"\/docs-mcloud\/wp-content\/uploads\/sites\/4\/2020\/12\/AuswertungBearbeiten5.png 504w, \/docs-mcloud\/wp-content\/uploads\/sites\/4\/2020\/12\/AuswertungBearbeiten5-300x183.png 300w\" sizes=\"auto, (max-width: 504px) 100vw, 504px\" \/><\/a><figcaption>Editier-Modus: Frauen im Alter von 40 &#8211; 59<\/figcaption><\/figure>\n<\/div>\n<\/div>\n\n\n\n<p>Weitere Informationen zur Bearbeitung von Zielgruppen finden Sie im Kapitel <a href=\"\/docs-gik-b4p\/hilfe\/zielgruppe\/\" data-type=\"page\">Zielgruppe<\/a>.<\/p>\n","protected":false},"excerpt":{"rendered":"<p>Um eine Zielgruppe in der Tabelle zu modifizieren, w\u00e4hlen Sie Bearbeiten aus dem Men\u00fc der rechten Maustaste. Im Editier-Modus wird die Zielgruppe ausf\u00fchrlich mit allen Verkn\u00fcpfungsoperatoren angezeigt. F\u00fcr jede Teilzielgruppe wird das Potenzial dokumentiert. Einzelne Teilzielgruppen k\u00f6nnen entfernt oder aus dem Codeplan per Drag &amp; Drop hinzugef\u00fcgt werden. Weitere Informationen zur Bearbeitung von Zielgruppen finden [&hellip;]<\/p>\n","protected":false},"author":7,"featured_media":0,"parent":1518,"menu_order":1,"comment_status":"closed","ping_status":"closed","template":"","meta":{"_acf_changed":false,"inline_featured_image":false,"footnotes":""},"class_list":["post-1545","page","type-page","status-publish","hentry"],"acf":[],"_links":{"self":[{"href":"\/docs-mcloud\/wp-json\/wp\/v2\/pages\/1545","targetHints":{"allow":["GET"]}}],"collection":[{"href":"\/docs-mcloud\/wp-json\/wp\/v2\/pages"}],"about":[{"href":"\/docs-mcloud\/wp-json\/wp\/v2\/types\/page"}],"author":[{"embeddable":true,"href":"\/docs-mcloud\/wp-json\/wp\/v2\/users\/7"}],"replies":[{"embeddable":true,"href":"\/docs-mcloud\/wp-json\/wp\/v2\/comments?post=1545"}],"version-history":[{"count":4,"href":"\/docs-mcloud\/wp-json\/wp\/v2\/pages\/1545\/revisions"}],"predecessor-version":[{"id":2188,"href":"\/docs-mcloud\/wp-json\/wp\/v2\/pages\/1545\/revisions\/2188"}],"up":[{"embeddable":true,"href":"\/docs-mcloud\/wp-json\/wp\/v2\/pages\/1518"}],"wp:attachment":[{"href":"\/docs-mcloud\/wp-json\/wp\/v2\/media?parent=1545"}],"curies":[{"name":"wp","href":"https:\/\/api.w.org\/{rel}","templated":true}]}}