{"id":1052,"date":"2020-12-02T08:43:51","date_gmt":"2020-12-02T08:43:51","guid":{"rendered":"\/docs-mcloud\/hilfe\/rangreihe\/auflagen\/"},"modified":"2023-12-12T13:12:22","modified_gmt":"2023-12-12T13:12:22","slug":"auflagen","status":"publish","type":"page","link":"\/docs-mcloud\/hilfe\/rangreihe\/auflagen\/","title":{"rendered":"Auflagen"},"content":{"rendered":"\n<p>In der Rangreihe k\u00f6nnen mehrere <a href=\"#Auflagen-Leistungswerte\">Auflagen-Leistungswerte<\/a> und Jahrg\u00e4nge der Quartalsauflagen gleichzeitig gez\u00e4hlt werden. <\/p>\n\n\n\n<p>Sobald der Leistungswert <em>Auflagen<\/em> oder <em>ePaper Auflage<\/em> in die Rangreihe gezogen wird, \u00f6ffnet sich eine Auswahlmaske, in der festgelegt wird, welche Auflagenkategorien in der Rangreihe angezeigt werden sollen.<\/p>\n\n\n\n<figure class=\"wp-block-image size-large\"><a href=\"\/docs-mcloud\/wp-content\/uploads\/sites\/4\/2020\/12\/Circulation-Dialog.png\"><img loading=\"lazy\" decoding=\"async\" width=\"958\" height=\"792\" src=\"\/docs-mcloud\/wp-content\/uploads\/sites\/4\/2020\/12\/Circulation-Dialog.png\" alt=\"\" class=\"wp-image-1357\" srcset=\"\/docs-mcloud\/wp-content\/uploads\/sites\/4\/2020\/12\/Circulation-Dialog.png 958w, \/docs-mcloud\/wp-content\/uploads\/sites\/4\/2020\/12\/Circulation-Dialog-300x248.png 300w, \/docs-mcloud\/wp-content\/uploads\/sites\/4\/2020\/12\/Circulation-Dialog-768x635.png 768w\" sizes=\"auto, (max-width: 958px) 100vw, 958px\" \/><\/a><figcaption class=\"wp-element-caption\">Auflagen-Dialog nach einer Drag &amp; Drop Operation mit dem Leistungswert Auflagen<\/figcaption><\/figure>\n\n\n\n<h2 class=\"wp-block-heading\" id=\"Auflagen-Leistungswerte\">Auflagen: Leistungswerte<\/h2>\n\n\n\n<ul class=\"wp-block-list\"><\/ul>\n\n\n\n<figure class=\"wp-block-table\"><table class=\"has-fixed-layout\"><thead><tr><th>Name des Leistungswertes<\/th><th>Zusammensetzung (IVW-Daten)<\/th><\/tr><\/thead><tbody><tr><td>Verbreitete&nbsp;Auflage<\/td><td>Verbreitung<\/td><\/tr><tr><td>Verkaufte&nbsp;Auflage<\/td><td>Verkauf<\/td><\/tr><tr><td>Abo\u00a0+\u00a0Einzelverkauf<\/td><td>AboGesamt&nbsp;<br>+&nbsp;Einzelverkauf<\/td><\/tr><tr><td>Einzelverkauf<\/td><td>Einzelverkauf<\/td><\/tr><tr><td>Abo-Exemplare<\/td><td>AboGesamt<\/td><\/tr><tr><td>Sonstige+Lesezirkel<\/td><td>SonstVerkauf<br>+&nbsp;Lesezirkel<\/td><\/tr><tr><td>Verkauf&nbsp;Inland<\/td><td>Verkauf&nbsp;<br>&#8211;&nbsp;davonVerkaufAusland<\/td><\/tr><tr><td>Inlands-Verkauf<\/td><td>Verkauf&nbsp;<br>&#8211;&nbsp;davonVerkaufAusland<br>&#8211;&nbsp;SonstVerkauf<\/td><\/tr><tr><td>EV&nbsp;+&nbsp;Abo&nbsp;Inland<\/td><td>AboGesamt&nbsp;<br>+&nbsp;Einzelverkauf<br>&#8211;&nbsp;EinzelverkaufAusland&nbsp;<br>&#8211;&nbsp;davonAboGesamtAusland<\/td><\/tr><tr><td>Verkaufte&nbsp;Auflage&nbsp;Ausland<\/td><td>davonVerkaufAusland<\/td><\/tr><tr><td>Druckauflage<\/td><td>Druckauflage<\/td><\/tr><tr><td>Sonstige&nbsp;Verk\u00e4ufe&nbsp;<\/td><td>SonstVerkauf<\/td><\/tr><tr><td>Lesezirkel<\/td><td>Lesezirkel<\/td><\/tr><tr><td>Bordexemplare<\/td><td>Bordexemplare<\/td><\/tr><\/tbody><\/table><\/figure>\n\n\n\n<h2 class=\"wp-block-heading\">Gruppieren<\/h2>\n\n\n\n<p>Ist die Option ausgew\u00e4hlt, so werden die Auflagen-Leistungswerte gruppiert ausgewiesen.<\/p>\n\n\n\n<figure class=\"wp-block-image size-large\"><a href=\"\/docs-mcloud\/wp-content\/uploads\/sites\/4\/2020\/12\/Circulation-no_grouping.png\"><img loading=\"lazy\" decoding=\"async\" width=\"692\" height=\"306\" src=\"\/docs-mcloud\/wp-content\/uploads\/sites\/4\/2020\/12\/Circulation-no_grouping.png\" alt=\"\" class=\"wp-image-1365\" srcset=\"\/docs-mcloud\/wp-content\/uploads\/sites\/4\/2020\/12\/Circulation-no_grouping.png 692w, \/docs-mcloud\/wp-content\/uploads\/sites\/4\/2020\/12\/Circulation-no_grouping-300x133.png 300w\" sizes=\"auto, (max-width: 692px) 100vw, 692px\" \/><\/a><figcaption class=\"wp-element-caption\">Zwei Auflagenkategorien ohne Gruppierung <span class=\"has-inline-color has-vivid-red-color\">(1)<\/span> zugef\u00fcgt<\/figcaption><\/figure>\n\n\n\n<figure class=\"wp-block-image size-large\"><a href=\"\/docs-mcloud\/wp-content\/uploads\/sites\/4\/2020\/12\/Circulation-grouping.png\"><img loading=\"lazy\" decoding=\"async\" width=\"658\" height=\"294\" src=\"\/docs-mcloud\/wp-content\/uploads\/sites\/4\/2020\/12\/Circulation-grouping.png\" alt=\"\" class=\"wp-image-1366\" srcset=\"\/docs-mcloud\/wp-content\/uploads\/sites\/4\/2020\/12\/Circulation-grouping.png 658w, \/docs-mcloud\/wp-content\/uploads\/sites\/4\/2020\/12\/Circulation-grouping-300x134.png 300w\" sizes=\"auto, (max-width: 658px) 100vw, 658px\" \/><\/a><figcaption class=\"wp-element-caption\">Zwei Auflagenkategorien mit Gruppierung <span class=\"has-inline-color has-vivid-red-color\">(1)<\/span> zugef\u00fcgt<\/figcaption><\/figure>\n\n\n\n<h2 class=\"wp-block-heading\">Auflagen in einem gespeicherten Layout-Profile<\/h2>\n\n\n\n<p>Die im Auflagen-Dialog vorgenommen Einstellungen werden bei der Auswahl eines Layout-Profils im Leistungswert <em>Auflage<\/em> \u00fcbernommen. Der Leistungswert <em>Auflage<\/em> stellt im Profil somit einen Platzhalter dar.<\/p>\n\n\n\n<figure class=\"wp-block-image size-large\"><a href=\"\/docs-mcloud\/wp-content\/uploads\/sites\/4\/2020\/12\/Circulation-Layout.png\"><img loading=\"lazy\" decoding=\"async\" width=\"754\" height=\"471\" src=\"\/docs-mcloud\/wp-content\/uploads\/sites\/4\/2020\/12\/Circulation-Layout.png\" alt=\"\" class=\"wp-image-1388\" srcset=\"\/docs-mcloud\/wp-content\/uploads\/sites\/4\/2020\/12\/Circulation-Layout.png 754w, \/docs-mcloud\/wp-content\/uploads\/sites\/4\/2020\/12\/Circulation-Layout-300x187.png 300w\" sizes=\"auto, (max-width: 754px) 100vw, 754px\" \/><\/a><figcaption class=\"wp-element-caption\">Layout-Dialog mit gew\u00e4hlten Auflagen-Paltzhalter<\/figcaption><\/figure>\n\n\n\n<h2 class=\"wp-block-heading\">Auflagen f\u00fcr Zeitungen nach Erscheinungsweise<\/h2>\n\n\n\n<p>F\u00fcr Zeitungen k\u00f6nnen die IVW-Quartalsauflagen nach Erscheinungsweise ausgew\u00e4hlt werden. <\/p>\n\n\n\n<p>Wenn ein Auflagen-Leistungswert in die Rangreihe eingef\u00fcgt wird, erscheint in der oberen Statuszeile ein weiteres Pull-Down-Men\u00fc zur Auswahl eines Erscheinungsintervalls.<\/p>\n\n\n\n<figure class=\"wp-block-image size-large\"><a href=\"\/docs-mcloud\/wp-content\/uploads\/sites\/4\/2020\/12\/Circulation-Newspaper.png\"><img loading=\"lazy\" decoding=\"async\" width=\"885\" height=\"316\" src=\"\/docs-mcloud\/wp-content\/uploads\/sites\/4\/2020\/12\/Circulation-Newspaper.png\" alt=\"\" class=\"wp-image-1394\" srcset=\"\/docs-mcloud\/wp-content\/uploads\/sites\/4\/2020\/12\/Circulation-Newspaper.png 885w, \/docs-mcloud\/wp-content\/uploads\/sites\/4\/2020\/12\/Circulation-Newspaper-300x107.png 300w, \/docs-mcloud\/wp-content\/uploads\/sites\/4\/2020\/12\/Circulation-Newspaper-768x274.png 768w\" sizes=\"auto, (max-width: 885px) 100vw, 885px\" \/><\/a><\/figure>\n\n\n\n<p>Ist die Option<em> Relevanteste Auflage<\/em> aktiviert, so werden die Auflagenzahlen f\u00fcr den gr\u00f6\u00dften erhobenen Zeitraum je Titel ausgewiesen.<\/p>\n\n\n\n<p>Ansonsten werden die Auflagenzahlen des gew\u00e4hlten Zeitraums wie z.B. Mo-Fr f\u00fcr alle Titel ausgewiesen.<\/p>\n\n\n\n<figure class=\"wp-block-image size-large\"><a href=\"\/docs-mcloud\/wp-content\/uploads\/sites\/4\/2020\/12\/Circulation-Newspaper_freq.png\"><img loading=\"lazy\" decoding=\"async\" width=\"894\" height=\"333\" src=\"\/docs-mcloud\/wp-content\/uploads\/sites\/4\/2020\/12\/Circulation-Newspaper_freq.png\" alt=\"\" class=\"wp-image-1397\" srcset=\"\/docs-mcloud\/wp-content\/uploads\/sites\/4\/2020\/12\/Circulation-Newspaper_freq.png 894w, \/docs-mcloud\/wp-content\/uploads\/sites\/4\/2020\/12\/Circulation-Newspaper_freq-300x112.png 300w, \/docs-mcloud\/wp-content\/uploads\/sites\/4\/2020\/12\/Circulation-Newspaper_freq-768x286.png 768w\" sizes=\"auto, (max-width: 894px) 100vw, 894px\" \/><\/a><figcaption class=\"wp-element-caption\">Der verwendete Auflagenzeitraum kann \u00fcber die Spalte <em>Frequenz der Auflage<\/em> angezeigt werden.<\/figcaption><\/figure>\n\n\n\n<p><\/p>\n","protected":false},"excerpt":{"rendered":"<p>In der Rangreihe k\u00f6nnen mehrere Auflagen-Leistungswerte und Jahrg\u00e4nge der Quartalsauflagen gleichzeitig gez\u00e4hlt werden. Sobald der Leistungswert Auflagen oder ePaper Auflage in die Rangreihe gezogen wird, \u00f6ffnet sich eine Auswahlmaske, in der festgelegt wird, welche Auflagenkategorien in der Rangreihe angezeigt werden sollen. Auflagen: Leistungswerte Name des Leistungswertes Zusammensetzung (IVW-Daten) Verbreitete&nbsp;Auflage Verbreitung Verkaufte&nbsp;Auflage Verkauf Abo\u00a0+\u00a0Einzelverkauf AboGesamt&nbsp;+&nbsp;Einzelverkauf Einzelverkauf [&hellip;]<\/p>\n","protected":false},"author":4,"featured_media":0,"parent":659,"menu_order":1,"comment_status":"closed","ping_status":"closed","template":"","meta":{"_acf_changed":false,"inline_featured_image":false,"footnotes":""},"class_list":["post-1052","page","type-page","status-publish","hentry"],"acf":[],"_links":{"self":[{"href":"\/docs-mcloud\/wp-json\/wp\/v2\/pages\/1052","targetHints":{"allow":["GET"]}}],"collection":[{"href":"\/docs-mcloud\/wp-json\/wp\/v2\/pages"}],"about":[{"href":"\/docs-mcloud\/wp-json\/wp\/v2\/types\/page"}],"author":[{"embeddable":true,"href":"\/docs-mcloud\/wp-json\/wp\/v2\/users\/4"}],"replies":[{"embeddable":true,"href":"\/docs-mcloud\/wp-json\/wp\/v2\/comments?post=1052"}],"version-history":[{"count":4,"href":"\/docs-mcloud\/wp-json\/wp\/v2\/pages\/1052\/revisions"}],"predecessor-version":[{"id":2638,"href":"\/docs-mcloud\/wp-json\/wp\/v2\/pages\/1052\/revisions\/2638"}],"up":[{"embeddable":true,"href":"\/docs-mcloud\/wp-json\/wp\/v2\/pages\/659"}],"wp:attachment":[{"href":"\/docs-mcloud\/wp-json\/wp\/v2\/media?parent=1052"}],"curies":[{"name":"wp","href":"https:\/\/api.w.org\/{rel}","templated":true}]}}