{"id":890,"date":"2021-04-23T08:01:50","date_gmt":"2021-04-23T08:01:14","guid":{"rendered":"\/docs-gik-b4p\/faq\/"},"modified":"2023-09-05T03:53:02","modified_gmt":"2023-09-05T03:53:02","slug":"faq","status":"publish","type":"page","link":"\/docs-gik-b4p\/faq\/","title":{"rendered":"FAQ"},"content":{"rendered":"\n<div class=\"wp-block-pb-accordion-item c-accordion__item js-accordion-item no-js\" data-initially-open=\"false\" data-click-to-close=\"true\" data-auto-close=\"true\" data-scroll=\"false\" data-scroll-offset=\"0\"><h2 id=\"at-8900\" class=\"c-accordion__title js-accordion-controller\" role=\"button\">Meine gespeicherten Zielgruppen und Strukturen sind verschwunden. Wo finde ich sie wieder?<\/h2><div id=\"ac-8900\" class=\"c-accordion__content\">\n<p>Es wurde ein neuer Jahrgang oder eine neue Welle der Studie bereitgestellt, in der Sie z\u00e4hlen. Ihre abgespeicherten Zielgruppen und Strukturen befinden sich standardm\u00e4\u00dfig in dem Ordner des Studienjahrgangs und der Welle der Studie, in der Sie die Zielgruppe oder Struktur abgespeichert haben. Wechseln Sie Ihr Standard-Verzeichnis auf den Ordner, in welchem Ihre Zielgruppen und Strukturen abgespeichert sind, um sie wieder angezeigt zu bekommen oder kopieren \/ verschieben Sie die gespeicherten Dateien in das aktuelle Standard-Verzeichnis. Weitere Informationen zum Thema Laden und Speichern finden Sie <a href=\"\/docs-gik-b4p\/hilfe\/die-programmoberflaeche\/laden-und-speichern\/\">hier<\/a>.<\/p>\n<\/div><\/div>\n\n\n\n<div class=\"wp-block-pb-accordion-item c-accordion__item js-accordion-item no-js\" data-initially-open=\"false\" data-click-to-close=\"true\" data-auto-close=\"true\" data-scroll=\"false\" data-scroll-offset=\"0\"><h2 id=\"at-8901\" class=\"c-accordion__title js-accordion-controller\" role=\"button\">Wieso werden mir trotz gro\u00dfer Zielgruppe nur sehr wenig F\u00e4lle angezeigt?  <\/h2><div id=\"ac-8901\" class=\"c-accordion__content\">\n<p>\u00dcberpr\u00fcfen Sie, ob es sich bei dem Merkmal um eine numerische Variable handelt. Diese erkennen Sie an einer in grau dargestellten Zeile unterhalb des Merkmals. Per Klick auf das Stift-Symbol stehen Ihnen verschiedene Darstellungsm\u00f6glichkeiten numerischer Werte zur Verf\u00fcgung. Weitere Informationen zum Thema numerische Werte finden Sie <a href=\"\/docs-gik-b4p\/hilfe\/numerische-werte\/\">hier<\/a>.<\/p>\n<\/div><\/div>\n","protected":false},"excerpt":{"rendered":"","protected":false},"author":8,"featured_media":0,"parent":0,"menu_order":2,"comment_status":"closed","ping_status":"closed","template":"","meta":{"_acf_changed":false,"inline_featured_image":false,"footnotes":""},"class_list":["post-890","page","type-page","status-publish","hentry"],"acf":[],"_links":{"self":[{"href":"\/docs-gik-b4p\/wp-json\/wp\/v2\/pages\/890","targetHints":{"allow":["GET"]}}],"collection":[{"href":"\/docs-gik-b4p\/wp-json\/wp\/v2\/pages"}],"about":[{"href":"\/docs-gik-b4p\/wp-json\/wp\/v2\/types\/page"}],"author":[{"embeddable":true,"href":"\/docs-gik-b4p\/wp-json\/wp\/v2\/users\/8"}],"replies":[{"embeddable":true,"href":"\/docs-gik-b4p\/wp-json\/wp\/v2\/comments?post=890"}],"version-history":[{"count":4,"href":"\/docs-gik-b4p\/wp-json\/wp\/v2\/pages\/890\/revisions"}],"predecessor-version":[{"id":921,"href":"\/docs-gik-b4p\/wp-json\/wp\/v2\/pages\/890\/revisions\/921"}],"wp:attachment":[{"href":"\/docs-gik-b4p\/wp-json\/wp\/v2\/media?parent=890"}],"curies":[{"name":"wp","href":"https:\/\/api.w.org\/{rel}","templated":true}]}}