{"id":805,"date":"2020-12-15T07:10:48","date_gmt":"2020-12-15T07:10:48","guid":{"rendered":"\/docs-gik-b4p\/hilfe\/die-programmoberflaeche\/referenzgruppenpanel\/"},"modified":"2020-12-15T07:14:40","modified_gmt":"2020-12-15T07:14:40","slug":"referenzgruppenpanel","status":"publish","type":"page","link":"\/docs-gik-b4p\/hilfe\/die-programmoberflaeche\/referenzgruppenpanel\/","title":{"rendered":"Referenzgruppenpanel"},"content":{"rendered":"\n<p>Im <a href=\"\/docs-gik-b4p\/hilfe\/targeting\/\">Targeting<\/a> steht oberhalb des <a href=\"\/docs-gik-b4p\/hilfe\/die-programmoberflaeche\/zielgruppenpanel\/\">Zielgruppenpanels<\/a> das Referenzgruppenpanel zur Verf\u00fcgung.<\/p>\n\n\n\n<figure class=\"wp-block-image size-large\"><a href=\"\/docs-gik-b4p\/wp-content\/uploads\/sites\/3\/2020\/12\/Referenzgruppenpanel.png\"><img loading=\"lazy\" decoding=\"async\" width=\"422\" height=\"137\" src=\"\/docs-gik-b4p\/wp-content\/uploads\/sites\/3\/2020\/12\/Referenzgruppenpanel.png\" alt=\"\" class=\"wp-image-807\" srcset=\"\/docs-gik-b4p\/wp-content\/uploads\/sites\/3\/2020\/12\/Referenzgruppenpanel.png 422w, \/docs-gik-b4p\/wp-content\/uploads\/sites\/3\/2020\/12\/Referenzgruppenpanel-300x97.png 300w\" sizes=\"auto, (max-width: 422px) 100vw, 422px\" \/><\/a><\/figure>\n\n\n\n<p>Das Referenzgruppenpanel verh\u00e4lt sich analog zum Zielgruppenpanel. Auch hier k\u00f6nnen Eintr\u00e4ge auf Codeplan oder Medien per Drag &amp; Drop auf das Panel gezogen werden.<\/p>\n","protected":false},"excerpt":{"rendered":"<p>Im Targeting steht oberhalb des Zielgruppenpanels das Referenzgruppenpanel zur Verf\u00fcgung. Das Referenzgruppenpanel verh\u00e4lt sich analog zum Zielgruppenpanel. Auch hier k\u00f6nnen Eintr\u00e4ge auf Codeplan oder Medien per Drag &amp; Drop auf das Panel gezogen werden.<\/p>\n","protected":false},"author":8,"featured_media":0,"parent":28,"menu_order":1,"comment_status":"closed","ping_status":"closed","template":"","meta":{"_acf_changed":false,"inline_featured_image":false,"footnotes":""},"class_list":["post-805","page","type-page","status-publish","hentry"],"acf":[],"_links":{"self":[{"href":"\/docs-gik-b4p\/wp-json\/wp\/v2\/pages\/805","targetHints":{"allow":["GET"]}}],"collection":[{"href":"\/docs-gik-b4p\/wp-json\/wp\/v2\/pages"}],"about":[{"href":"\/docs-gik-b4p\/wp-json\/wp\/v2\/types\/page"}],"author":[{"embeddable":true,"href":"\/docs-gik-b4p\/wp-json\/wp\/v2\/users\/8"}],"replies":[{"embeddable":true,"href":"\/docs-gik-b4p\/wp-json\/wp\/v2\/comments?post=805"}],"version-history":[{"count":2,"href":"\/docs-gik-b4p\/wp-json\/wp\/v2\/pages\/805\/revisions"}],"predecessor-version":[{"id":808,"href":"\/docs-gik-b4p\/wp-json\/wp\/v2\/pages\/805\/revisions\/808"}],"up":[{"embeddable":true,"href":"\/docs-gik-b4p\/wp-json\/wp\/v2\/pages\/28"}],"wp:attachment":[{"href":"\/docs-gik-b4p\/wp-json\/wp\/v2\/media?parent=805"}],"curies":[{"name":"wp","href":"https:\/\/api.w.org\/{rel}","templated":true}]}}