{"id":6,"date":"2020-09-28T11:32:50","date_gmt":"2020-09-28T11:32:51","guid":{"rendered":"https:\/\/m-cloud.online\/cms\/gik\/?page_id=6"},"modified":"2026-01-14T15:41:03","modified_gmt":"2026-01-14T15:41:03","slug":"hilfe","status":"publish","type":"page","link":"\/docs-gik-b4p\/","title":{"rendered":"Willkommen bei MDS-Cloud!"},"content":{"rendered":"\n<p>Diese Online Hilfe soll Ihnen einen schnellen Einstieg in MDS-Cloud erm\u00f6glichen. Bei Fragen oder Anregungen k\u00f6nnen Sie uns auch gerne pers\u00f6nlich kontaktieren &#8211; unsere Kontaktdaten finden Sie auf der Seite <a href=\"\/docs-gik-b4p\/support\/\" data-type=\"page\">Support<\/a>.<\/p>\n\n\n\n<h2 class=\"wp-block-heading\">Die Programmoberfl\u00e4che auf einen Blick<\/h2>\n\n\n\n<div class=\"wp-block-group\"><div class=\"wp-block-group__inner-container is-layout-constrained wp-block-group-is-layout-constrained\">\n<figure class=\"wp-block-image size-large\"><a href=\"\/docs-gik-b4p\/wp-content\/uploads\/sites\/3\/2020\/12\/Programmoberflaeche_Ueberblick.png\"><img loading=\"lazy\" decoding=\"async\" width=\"1024\" height=\"452\" src=\"\/docs-gik-b4p\/wp-content\/uploads\/sites\/3\/2020\/12\/Programmoberflaeche_Ueberblick-1024x452.png\" alt=\"\" class=\"wp-image-797\" srcset=\"\/docs-gik-b4p\/wp-content\/uploads\/sites\/3\/2020\/12\/Programmoberflaeche_Ueberblick-1024x452.png 1024w, \/docs-gik-b4p\/wp-content\/uploads\/sites\/3\/2020\/12\/Programmoberflaeche_Ueberblick-300x132.png 300w, \/docs-gik-b4p\/wp-content\/uploads\/sites\/3\/2020\/12\/Programmoberflaeche_Ueberblick-768x339.png 768w, \/docs-gik-b4p\/wp-content\/uploads\/sites\/3\/2020\/12\/Programmoberflaeche_Ueberblick.png 1418w\" sizes=\"auto, (max-width: 1024px) 100vw, 1024px\" \/><\/a><\/figure>\n\n\n\n<figure class=\"wp-block-table is-style-regular\"><table><tbody><tr><td>1<\/td><td><strong>Reiter<\/strong><br>Es stehen Ihnen drei Module zur Verf\u00fcgung, die \u00fcber den jeweiligen Reiter aufgerufen werden k\u00f6nnen.<br><br>Die Funktionen des Moduls werden ausf\u00fchrlich im jeweiligen Abschnitt erkl\u00e4rt.<br><br>Siehe <a href=\"\/docs-gik-b4p\/hilfe\/zielgruppe\/\" data-type=\"page\">Zielgruppe<\/a>, <a href=\"\/docs-gik-b4p\/hilfe\/tabellierung\/\" data-type=\"page\">Tabellierung<\/a>, <a href=\"\/docs-gik-b4p\/hilfe\/targeting\/\" data-type=\"page\">Targeting<\/a>.<\/td><\/tr><tr><td>2<\/td><td><strong>\u00dcbergeordnete Funktionen<br><\/strong>Hier finden Sie Funktionen, die das gesamte Programm betreffen. Siehe <a href=\"\/docs-gik-b4p\/hilfe\/allgemeine-einstellungen\/\" data-type=\"page\">Allgemeine Einstellungen<\/a>.<\/td><\/tr><tr><td>3<\/td><td><strong>Men\u00fc<\/strong><br>Je nach Modul stehen Ihnen im Men\u00fc verschiedene \u00fcbergeordnete Optionen zur Verf\u00fcgung. Beispielsweise k\u00f6nnen Sie hier den Arbeitsbereich eines Moduls speichern oder exportieren.<\/td><\/tr><tr><td>4<\/td><td><strong>Infobar<\/strong><br>\u00dcber die Infobar steuern Sie den Inhalt Ihres Arbeitsbereichs. Auch hier stehen Ihnen je nach gew\u00e4hltem Modul unterschiedliche Optionen zur Verf\u00fcgung.<\/td><\/tr><tr><td>5<\/td><td><strong>Zielgruppenpanel<\/strong><br>Eintr\u00e4ge aus dem Datenpanel k\u00f6nnen per Drag &amp; Drop auf das Zielgruppenpanel gezogen werden, um die Zielgruppe festzulegen. Siehe <a href=\"\/docs-gik-b4p\/hilfe\/zielgruppe\/\" data-type=\"page\">Zielgruppe<\/a>.<br><br>Auf der rechten Seiten wird die Anzahl der F\u00e4lle angezeigt. \u00dcber das  <img decoding=\"async\" class=\"wp-image-1071\" style=\"width: 20px\" src=\"\/docs-mcloud\/wp-content\/uploads\/sites\/4\/2020\/12\/switch_up_down.svg\" alt=\"\">Icon kann zwischen Tsd. und Mio. gewechselt werden. Zur\u00fccksetzen auf Gesamt \u00fcber <img decoding=\"async\" class=\"wp-image-1000\" style=\"width: 20px\" src=\"\/docs-mcloud\/wp-content\/uploads\/sites\/4\/2020\/11\/close.svg\" alt=\"\">.<\/td><\/tr><tr><td>6<\/td><td><strong>Datenpanel<\/strong><br>Hier finden Sie <a href=\"\/docs-gik-b4p\/hilfe\/die-programmoberflaeche\/codeplan\/\" data-type=\"page\">Codeplan<\/a> und <a href=\"\/docs-gik-b4p\/hilfe\/die-programmoberflaeche\/medien\/\">Medien<\/a> der Studie, \u00fcbersichtlich gruppiert.<br><br>Eintr\u00e4ge aus dem Datenpanel k\u00f6nnen per Drag &amp; Drop in den Arbeitsbereich und das Zielgruppenpanel gezogen werden.<br><br>Mit Hilfe des <a href=\"\/docs-gik-b4p\/hilfe\/die-programmoberflaeche\/finder\/\" data-type=\"page\">Finders<\/a> lassen sich Eintr\u00e4ge aus Codeplan und Medien anhand eines Suchbegriffs einfach auffinden.<\/td><\/tr><tr><td>7<\/td><td><strong>Arbeitsbereich<\/strong><br>Im Arbeitsbereich erstellen Sie Ihre Auswertungen.<br><br>Eintr\u00e4ge aus dem Datenpanel k\u00f6nnen per Drag &amp; Drop in den Arbeitsbereich gezogen werden.<\/td><\/tr><\/tbody><\/table><\/figure>\n<\/div><\/div>\n","protected":false},"excerpt":{"rendered":"<p>Diese Online Hilfe soll Ihnen einen schnellen Einstieg in MDS-Cloud erm\u00f6glichen. Bei Fragen oder Anregungen k\u00f6nnen Sie uns auch gerne pers\u00f6nlich kontaktieren &#8211; unsere Kontaktdaten finden Sie auf der Seite Support. Die Programmoberfl\u00e4che auf einen Blick 1 ReiterEs stehen Ihnen drei Module zur Verf\u00fcgung, die \u00fcber den jeweiligen Reiter aufgerufen werden k\u00f6nnen. Die Funktionen des [&hellip;]<\/p>\n","protected":false},"author":1,"featured_media":0,"parent":0,"menu_order":0,"comment_status":"closed","ping_status":"closed","template":"","meta":{"_acf_changed":false,"inline_featured_image":false,"footnotes":""},"class_list":["post-6","page","type-page","status-publish","hentry"],"acf":[],"_links":{"self":[{"href":"\/docs-gik-b4p\/wp-json\/wp\/v2\/pages\/6","targetHints":{"allow":["GET"]}}],"collection":[{"href":"\/docs-gik-b4p\/wp-json\/wp\/v2\/pages"}],"about":[{"href":"\/docs-gik-b4p\/wp-json\/wp\/v2\/types\/page"}],"author":[{"embeddable":true,"href":"\/docs-gik-b4p\/wp-json\/wp\/v2\/users\/1"}],"replies":[{"embeddable":true,"href":"\/docs-gik-b4p\/wp-json\/wp\/v2\/comments?post=6"}],"version-history":[{"count":5,"href":"\/docs-gik-b4p\/wp-json\/wp\/v2\/pages\/6\/revisions"}],"predecessor-version":[{"id":949,"href":"\/docs-gik-b4p\/wp-json\/wp\/v2\/pages\/6\/revisions\/949"}],"wp:attachment":[{"href":"\/docs-gik-b4p\/wp-json\/wp\/v2\/media?parent=6"}],"curies":[{"name":"wp","href":"https:\/\/api.w.org\/{rel}","templated":true}]}}