{"id":33,"date":"2020-09-28T12:04:31","date_gmt":"2020-09-28T12:04:31","guid":{"rendered":"\/docs-gik-b4p\/charts\/"},"modified":"2023-11-09T14:59:54","modified_gmt":"2023-11-09T14:59:54","slug":"charts","status":"publish","type":"page","link":"\/docs-gik-b4p\/hilfe\/die-programmoberflaeche\/charts\/","title":{"rendered":"Charts"},"content":{"rendered":"\n<p>Mit dem Chart-Feature lassen sich Ergebnistabellen in wenigen Schritten grafisch darstellen. Die Grafiken k\u00f6nnen auf vielf\u00e4ltige Weise formatiert und an die jeweiligen Anforderungen angepasst werden. Der Aufruf des Features erfolgt \u00fcber den Button <em>Chart <\/em>in der Symbolleiste.<\/p>\n\n\n\n<figure class=\"wp-block-image size-large\"><a href=\"\/docs-gik-b4p\/wp-content\/uploads\/sites\/3\/2020\/10\/Chart_Button_Symbolleiste-3.png\"><img loading=\"lazy\" decoding=\"async\" width=\"683\" height=\"58\" src=\"\/docs-gik-b4p\/wp-content\/uploads\/sites\/3\/2020\/10\/Chart_Button_Symbolleiste-3.png\" alt=\"\" class=\"wp-image-666\" srcset=\"\/docs-gik-b4p\/wp-content\/uploads\/sites\/3\/2020\/10\/Chart_Button_Symbolleiste-3.png 683w, \/docs-gik-b4p\/wp-content\/uploads\/sites\/3\/2020\/10\/Chart_Button_Symbolleiste-3-300x25.png 300w\" sizes=\"auto, (max-width: 683px) 100vw, 683px\" \/><\/a><\/figure>\n\n\n\n<div style=\"height:50px\" aria-hidden=\"true\" class=\"wp-block-spacer\"><\/div>\n\n\n\n<p>Alle Charts k\u00f6nnen nach Excel ausgegeben und dort weiter bearbeitet oder als Bitmap in verschiedenen Formaten exportiert werden.<\/p>\n\n\n\n<figure class=\"wp-block-image size-full\"><img loading=\"lazy\" decoding=\"async\" width=\"280\" height=\"95\" src=\"\/docs-gik-b4p\/wp-content\/uploads\/sites\/3\/2020\/10\/Charts_Export-1-e1699541962720.png\" alt=\"\" class=\"wp-image-561\" \/><\/figure>\n","protected":false},"excerpt":{"rendered":"<p>Mit dem Chart-Feature lassen sich Ergebnistabellen in wenigen Schritten grafisch darstellen. Die Grafiken k\u00f6nnen auf vielf\u00e4ltige Weise formatiert und an die jeweiligen Anforderungen angepasst werden. Der Aufruf des Features erfolgt \u00fcber den Button Chart in der Symbolleiste. Alle Charts k\u00f6nnen nach Excel ausgegeben und dort weiter bearbeitet oder als Bitmap in verschiedenen Formaten exportiert werden.<\/p>\n","protected":false},"author":1,"featured_media":0,"parent":28,"menu_order":9,"comment_status":"closed","ping_status":"closed","template":"","meta":{"_acf_changed":false,"inline_featured_image":false,"footnotes":""},"class_list":["post-33","page","type-page","status-publish","hentry"],"acf":[],"_links":{"self":[{"href":"\/docs-gik-b4p\/wp-json\/wp\/v2\/pages\/33","targetHints":{"allow":["GET"]}}],"collection":[{"href":"\/docs-gik-b4p\/wp-json\/wp\/v2\/pages"}],"about":[{"href":"\/docs-gik-b4p\/wp-json\/wp\/v2\/types\/page"}],"author":[{"embeddable":true,"href":"\/docs-gik-b4p\/wp-json\/wp\/v2\/users\/1"}],"replies":[{"embeddable":true,"href":"\/docs-gik-b4p\/wp-json\/wp\/v2\/comments?post=33"}],"version-history":[{"count":4,"href":"\/docs-gik-b4p\/wp-json\/wp\/v2\/pages\/33\/revisions"}],"predecessor-version":[{"id":945,"href":"\/docs-gik-b4p\/wp-json\/wp\/v2\/pages\/33\/revisions\/945"}],"up":[{"embeddable":true,"href":"\/docs-gik-b4p\/wp-json\/wp\/v2\/pages\/28"}],"wp:attachment":[{"href":"\/docs-gik-b4p\/wp-json\/wp\/v2\/media?parent=33"}],"curies":[{"name":"wp","href":"https:\/\/api.w.org\/{rel}","templated":true}]}}