{"id":31,"date":"2020-09-28T12:04:50","date_gmt":"2020-09-28T12:04:31","guid":{"rendered":"\/docs-gik-b4p\/zielgruppendefinition\/"},"modified":"2020-12-15T08:38:34","modified_gmt":"2020-12-15T08:38:34","slug":"zielgruppe","status":"publish","type":"page","link":"\/docs-gik-b4p\/hilfe\/zielgruppe\/","title":{"rendered":"Zielgruppe"},"content":{"rendered":"\n<p>Das Modul <em>Zielgruppe <\/em>ist f\u00fcr die Erstellung komplexer Zielgruppendefinitionen vorgesehen, die direkt in der Tabelle nur aufwendig erstellt werden k\u00f6nnen.<\/p>\n\n\n\n<p>Die hier definierten Zielgruppen stehen automatisch im Ordner <em>Tempor\u00e4re Zielgruppen<\/em> im Codeplan f\u00fcr alle Auswertungen zur Verf\u00fcgung.<\/p>\n\n\n\n<figure class=\"wp-block-image size-large\"><a href=\"\/docs-gik-b4p\/wp-content\/uploads\/sites\/3\/2020\/10\/ZG1.png\"><img loading=\"lazy\" decoding=\"async\" width=\"840\" height=\"406\" src=\"\/docs-gik-b4p\/wp-content\/uploads\/sites\/3\/2020\/10\/ZG1.png\" alt=\"\" class=\"wp-image-361\" srcset=\"\/docs-gik-b4p\/wp-content\/uploads\/sites\/3\/2020\/10\/ZG1.png 840w, \/docs-gik-b4p\/wp-content\/uploads\/sites\/3\/2020\/10\/ZG1-300x145.png 300w, \/docs-gik-b4p\/wp-content\/uploads\/sites\/3\/2020\/10\/ZG1-768x371.png 768w\" sizes=\"auto, (max-width: 840px) 100vw, 840px\" \/><\/a><\/figure>\n\n\n\n<p>Per Drag &amp; Drop ziehen Sie Ihre Zielgruppe direkt aus dem Codeplan der Studie auf den Arbeitsbereich. Das Potenzial wird sofort angezeigt, bei verkn\u00fcpften Zielgruppen das Potenzial der Gesamtzielgruppe, wie auch das jeder Teilzielgruppe.<\/p>\n\n\n\n<figure class=\"wp-block-image size-large\"><a href=\"\/docs-gik-b4p\/wp-content\/uploads\/sites\/3\/2020\/10\/ZG2.png\"><img loading=\"lazy\" decoding=\"async\" width=\"808\" height=\"270\" src=\"\/docs-gik-b4p\/wp-content\/uploads\/sites\/3\/2020\/10\/ZG2.png\" alt=\"\" class=\"wp-image-362\" srcset=\"\/docs-gik-b4p\/wp-content\/uploads\/sites\/3\/2020\/10\/ZG2.png 808w, \/docs-gik-b4p\/wp-content\/uploads\/sites\/3\/2020\/10\/ZG2-300x100.png 300w, \/docs-gik-b4p\/wp-content\/uploads\/sites\/3\/2020\/10\/ZG2-768x257.png 768w\" sizes=\"auto, (max-width: 808px) 100vw, 808px\" \/><\/a><\/figure>\n\n\n\n<p>Die Zielgruppe wird als Box, bestehend aus Titelzeile und Definitionsbereich, dargestellt.<\/p>\n\n\n\n<p>Per Doppelklick auf die Zielgruppen\u00fcberschrift wird sie als Filterzielgruppe in alle Auswertungen geladen.<\/p>\n","protected":false},"excerpt":{"rendered":"<p>Das Modul Zielgruppe ist f\u00fcr die Erstellung komplexer Zielgruppendefinitionen vorgesehen, die direkt in der Tabelle nur aufwendig erstellt werden k\u00f6nnen. Die hier definierten Zielgruppen stehen automatisch im Ordner Tempor\u00e4re Zielgruppen im Codeplan f\u00fcr alle Auswertungen zur Verf\u00fcgung. Per Drag &amp; Drop ziehen Sie Ihre Zielgruppe direkt aus dem Codeplan der Studie auf den Arbeitsbereich. Das [&hellip;]<\/p>\n","protected":false},"author":1,"featured_media":0,"parent":6,"menu_order":2,"comment_status":"closed","ping_status":"closed","template":"","meta":{"_acf_changed":false,"inline_featured_image":false,"footnotes":""},"class_list":["post-31","page","type-page","status-publish","hentry"],"acf":[],"_links":{"self":[{"href":"\/docs-gik-b4p\/wp-json\/wp\/v2\/pages\/31","targetHints":{"allow":["GET"]}}],"collection":[{"href":"\/docs-gik-b4p\/wp-json\/wp\/v2\/pages"}],"about":[{"href":"\/docs-gik-b4p\/wp-json\/wp\/v2\/types\/page"}],"author":[{"embeddable":true,"href":"\/docs-gik-b4p\/wp-json\/wp\/v2\/users\/1"}],"replies":[{"embeddable":true,"href":"\/docs-gik-b4p\/wp-json\/wp\/v2\/comments?post=31"}],"version-history":[{"count":5,"href":"\/docs-gik-b4p\/wp-json\/wp\/v2\/pages\/31\/revisions"}],"predecessor-version":[{"id":861,"href":"\/docs-gik-b4p\/wp-json\/wp\/v2\/pages\/31\/revisions\/861"}],"up":[{"embeddable":true,"href":"\/docs-gik-b4p\/wp-json\/wp\/v2\/pages\/6"}],"wp:attachment":[{"href":"\/docs-gik-b4p\/wp-json\/wp\/v2\/media?parent=31"}],"curies":[{"name":"wp","href":"https:\/\/api.w.org\/{rel}","templated":true}]}}