{"id":28,"date":"2020-09-28T11:58:21","date_gmt":"2020-09-28T11:58:21","guid":{"rendered":"\/docs-gik-b4p\/die-programmoberflaeche\/"},"modified":"2023-09-05T04:20:29","modified_gmt":"2023-09-05T04:20:29","slug":"die-programmoberflaeche","status":"publish","type":"page","link":"\/docs-gik-b4p\/hilfe\/die-programmoberflaeche\/","title":{"rendered":"Die Programmoberfl\u00e4che"},"content":{"rendered":"\n<p>Nach dem Einloggen starten Sie direkt im Modul Tabellierung. Das Modul Zielgruppe ist f\u00fcr die Erstellung komplexer Zielgruppen vorgesehen, \u00fcber Targeting k\u00f6nnen die Zielgruppen der Auswertungstabelle visualisiert werden.<\/p>\n\n\n\n<div class=\"wp-block-group\"><div class=\"wp-block-group__inner-container is-layout-constrained wp-block-group-is-layout-constrained\">\n<div class=\"wp-block-group\"><div class=\"wp-block-group__inner-container is-layout-constrained wp-block-group-is-layout-constrained\">\n<figure class=\"wp-block-image size-large\"><a href=\"\/docs-gik-b4p\/wp-content\/uploads\/sites\/3\/2020\/09\/arbeitsblatt.png\"><img loading=\"lazy\" decoding=\"async\" width=\"1024\" height=\"401\" src=\"\/docs-gik-b4p\/wp-content\/uploads\/sites\/3\/2020\/09\/arbeitsblatt-1024x401.png\" alt=\"\" class=\"wp-image-53\" srcset=\"\/docs-gik-b4p\/wp-content\/uploads\/sites\/3\/2020\/09\/arbeitsblatt-1024x401.png 1024w, \/docs-gik-b4p\/wp-content\/uploads\/sites\/3\/2020\/09\/arbeitsblatt-300x118.png 300w, \/docs-gik-b4p\/wp-content\/uploads\/sites\/3\/2020\/09\/arbeitsblatt-768x301.png 768w, \/docs-gik-b4p\/wp-content\/uploads\/sites\/3\/2020\/09\/arbeitsblatt.png 1136w\" sizes=\"auto, (max-width: 1024px) 100vw, 1024px\" \/><\/a><\/figure>\n\n\n\n<p>Die Programmoberfl\u00e4che ist in zwei Bereiche aufgeteilt: Der linke Bereich enth\u00e4lt<\/p>\n\n\n\n<ul class=\"wp-block-list\">\n<li><a href=\"\/docs-gik-b4p\/hilfe\/die-programmoberflaeche\/finder\/\" data-type=\"page\" data-id=\"20\">Finder<\/a><\/li>\n\n\n\n<li><a href=\"\/docs-gik-b4p\/hilfe\/die-programmoberflaeche\/codeplan\/\" data-type=\"page\" data-id=\"21\">Codeplan<\/a><\/li>\n\n\n\n<li><a href=\"\/docs-gik-b4p\/hilfe\/die-programmoberflaeche\/medien\/\" data-type=\"page\" data-id=\"22\">Medien<\/a><\/li>\n<\/ul>\n\n\n\n<p>Im rechten oberen Teilbereich werden Informationen zur momentan aktiven Filterzielgruppe angezeigt. Darunter ist der Tabellenk\u00f6rper angeordnet.<\/p>\n<\/div><\/div>\n<\/div><\/div>\n","protected":false},"excerpt":{"rendered":"<p>Nach dem Einloggen starten Sie direkt im Modul Tabellierung. Das Modul Zielgruppe ist f\u00fcr die Erstellung komplexer Zielgruppen vorgesehen, \u00fcber Targeting k\u00f6nnen die Zielgruppen der Auswertungstabelle visualisiert werden. Die Programmoberfl\u00e4che ist in zwei Bereiche aufgeteilt: Der linke Bereich enth\u00e4lt Im rechten oberen Teilbereich werden Informationen zur momentan aktiven Filterzielgruppe angezeigt. Darunter ist der Tabellenk\u00f6rper angeordnet.<\/p>\n","protected":false},"author":1,"featured_media":0,"parent":6,"menu_order":0,"comment_status":"closed","ping_status":"closed","template":"","meta":{"_acf_changed":false,"inline_featured_image":false,"footnotes":""},"class_list":["post-28","page","type-page","status-publish","hentry"],"acf":[],"_links":{"self":[{"href":"\/docs-gik-b4p\/wp-json\/wp\/v2\/pages\/28","targetHints":{"allow":["GET"]}}],"collection":[{"href":"\/docs-gik-b4p\/wp-json\/wp\/v2\/pages"}],"about":[{"href":"\/docs-gik-b4p\/wp-json\/wp\/v2\/types\/page"}],"author":[{"embeddable":true,"href":"\/docs-gik-b4p\/wp-json\/wp\/v2\/users\/1"}],"replies":[{"embeddable":true,"href":"\/docs-gik-b4p\/wp-json\/wp\/v2\/comments?post=28"}],"version-history":[{"count":4,"href":"\/docs-gik-b4p\/wp-json\/wp\/v2\/pages\/28\/revisions"}],"predecessor-version":[{"id":937,"href":"\/docs-gik-b4p\/wp-json\/wp\/v2\/pages\/28\/revisions\/937"}],"up":[{"embeddable":true,"href":"\/docs-gik-b4p\/wp-json\/wp\/v2\/pages\/6"}],"wp:attachment":[{"href":"\/docs-gik-b4p\/wp-json\/wp\/v2\/media?parent=28"}],"curies":[{"name":"wp","href":"https:\/\/api.w.org\/{rel}","templated":true}]}}