{"id":227,"date":"2020-10-08T08:31:31","date_gmt":"2020-10-08T08:31:31","guid":{"rendered":"\/docs-gik-b4p\/hilfe\/zielgruppendefinition\/die-zielgruppenbox\/nicht\/"},"modified":"2020-12-14T08:45:28","modified_gmt":"2020-12-14T08:45:28","slug":"nicht","status":"publish","type":"page","link":"\/docs-gik-b4p\/hilfe\/zielgruppe\/die-zielgruppenbox\/nicht\/","title":{"rendered":"Nicht"},"content":{"rendered":"\n<p>Mit dem Nicht-Operator wird die Komplement\u00e4r-Menge einer Zielgruppe definiert.<\/p>\n\n\n\n<figure class=\"wp-block-image size-large\"><a href=\"\/docs-gik-b4p\/wp-content\/uploads\/sites\/3\/2020\/10\/ZGBox5.png\"><img loading=\"lazy\" decoding=\"async\" width=\"515\" height=\"289\" src=\"\/docs-gik-b4p\/wp-content\/uploads\/sites\/3\/2020\/10\/ZGBox5.png\" alt=\"\" class=\"wp-image-377\" srcset=\"\/docs-gik-b4p\/wp-content\/uploads\/sites\/3\/2020\/10\/ZGBox5.png 515w, \/docs-gik-b4p\/wp-content\/uploads\/sites\/3\/2020\/10\/ZGBox5-300x168.png 300w\" sizes=\"auto, (max-width: 515px) 100vw, 515px\" \/><\/a><figcaption>Beispiel: Die Zielgruppe NICHT M\u00e4nner entspricht der Zielgruppe Frauen.<\/figcaption><\/figure>\n\n\n\n<figure class=\"wp-block-image size-large\"><a href=\"\/docs-gik-b4p\/wp-content\/uploads\/sites\/3\/2020\/10\/ZGBox6.png\"><img loading=\"lazy\" decoding=\"async\" width=\"503\" height=\"284\" src=\"\/docs-gik-b4p\/wp-content\/uploads\/sites\/3\/2020\/10\/ZGBox6.png\" alt=\"\" class=\"wp-image-380\" srcset=\"\/docs-gik-b4p\/wp-content\/uploads\/sites\/3\/2020\/10\/ZGBox6.png 503w, \/docs-gik-b4p\/wp-content\/uploads\/sites\/3\/2020\/10\/ZGBox6-300x169.png 300w\" sizes=\"auto, (max-width: 503px) 100vw, 503px\" \/><\/a><figcaption>Beispiel: M\u00e4nner, die nicht Haupteinkommensbezieher sind<\/figcaption><\/figure>\n\n\n\n<p>Die Verkn\u00fcpfung UND NICHT (eine Zielgruppe und nicht eine zweite Zielgruppe) am Beispiel:<\/p>\n\n\n\n<ul class=\"wp-block-list\"><li>Markieren Sie M\u00e4nner im Codeplan<\/li><li>Markieren Sie Haupteinkommensbezieher im Codeplan<\/li><li>Auf das Arbeitsblatt ziehen, die Zielgruppen werden dabei mit UND verkn\u00fcpft.<\/li><li>Negieren Sie der Zielgruppe Haupteinkommensbezieher<\/li><\/ul>\n","protected":false},"excerpt":{"rendered":"<p>Mit dem Nicht-Operator wird die Komplement\u00e4r-Menge einer Zielgruppe definiert. Die Verkn\u00fcpfung UND NICHT (eine Zielgruppe und nicht eine zweite Zielgruppe) am Beispiel: Markieren Sie M\u00e4nner im Codeplan Markieren Sie Haupteinkommensbezieher im Codeplan Auf das Arbeitsblatt ziehen, die Zielgruppen werden dabei mit UND verkn\u00fcpft. Negieren Sie der Zielgruppe Haupteinkommensbezieher<\/p>\n","protected":false},"author":1,"featured_media":0,"parent":159,"menu_order":1,"comment_status":"closed","ping_status":"closed","template":"","meta":{"_acf_changed":false,"inline_featured_image":false,"footnotes":""},"class_list":["post-227","page","type-page","status-publish","hentry"],"acf":[],"_links":{"self":[{"href":"\/docs-gik-b4p\/wp-json\/wp\/v2\/pages\/227","targetHints":{"allow":["GET"]}}],"collection":[{"href":"\/docs-gik-b4p\/wp-json\/wp\/v2\/pages"}],"about":[{"href":"\/docs-gik-b4p\/wp-json\/wp\/v2\/types\/page"}],"author":[{"embeddable":true,"href":"\/docs-gik-b4p\/wp-json\/wp\/v2\/users\/1"}],"replies":[{"embeddable":true,"href":"\/docs-gik-b4p\/wp-json\/wp\/v2\/comments?post=227"}],"version-history":[{"count":5,"href":"\/docs-gik-b4p\/wp-json\/wp\/v2\/pages\/227\/revisions"}],"predecessor-version":[{"id":781,"href":"\/docs-gik-b4p\/wp-json\/wp\/v2\/pages\/227\/revisions\/781"}],"up":[{"embeddable":true,"href":"\/docs-gik-b4p\/wp-json\/wp\/v2\/pages\/159"}],"wp:attachment":[{"href":"\/docs-gik-b4p\/wp-json\/wp\/v2\/media?parent=227"}],"curies":[{"name":"wp","href":"https:\/\/api.w.org\/{rel}","templated":true}]}}