{"id":215,"date":"2020-10-08T08:20:32","date_gmt":"2020-10-08T08:20:32","guid":{"rendered":"\/docs-gik-b4p\/hilfe\/tabellierung\/auswertung-bearbeiten\/zielgruppen-in-zeilen-und-spalten-editieren\/nicht-zielgruppe\/"},"modified":"2020-10-08T08:24:49","modified_gmt":"2020-10-08T08:24:49","slug":"nicht-zielgruppe","status":"publish","type":"page","link":"\/docs-gik-b4p\/hilfe\/tabellierung\/auswertung-bearbeiten\/zielgruppen-in-zeilen-und-spalten-editieren\/nicht-zielgruppe\/","title":{"rendered":"Nicht (-Zielgruppe)"},"content":{"rendered":"\n<p>\u00dcber die Auswahl im Men\u00fc der rechten Maustaste kann der Nicht-Operator gew\u00e4hlt werden, um die Komplement\u00e4r-Menge einer Zielgruppe zu definieren.<\/p>\n\n\n\n<div class=\"wp-block-columns is-layout-flex wp-container-core-columns-is-layout-9d6595d7 wp-block-columns-is-layout-flex\">\n<div class=\"wp-block-column is-layout-flow wp-block-column-is-layout-flow\">\n<figure class=\"wp-block-image size-large\"><a href=\"\/docs-gik-b4p\/wp-content\/uploads\/sites\/3\/2020\/10\/AuswertungBearbeiten23.png\"><img loading=\"lazy\" decoding=\"async\" width=\"416\" height=\"307\" src=\"\/docs-gik-b4p\/wp-content\/uploads\/sites\/3\/2020\/10\/AuswertungBearbeiten23.png\" alt=\"\" class=\"wp-image-217\" srcset=\"\/docs-gik-b4p\/wp-content\/uploads\/sites\/3\/2020\/10\/AuswertungBearbeiten23.png 416w, \/docs-gik-b4p\/wp-content\/uploads\/sites\/3\/2020\/10\/AuswertungBearbeiten23-300x221.png 300w\" sizes=\"auto, (max-width: 416px) 100vw, 416px\" \/><\/a><\/figure>\n<\/div>\n\n\n\n<div class=\"wp-block-column is-layout-flow wp-block-column-is-layout-flow\">\n<figure class=\"wp-block-image size-large\"><a href=\"\/docs-gik-b4p\/wp-content\/uploads\/sites\/3\/2020\/10\/AuswertungBearbeiten11.png\"><img loading=\"lazy\" decoding=\"async\" width=\"428\" height=\"256\" src=\"\/docs-gik-b4p\/wp-content\/uploads\/sites\/3\/2020\/10\/AuswertungBearbeiten11.png\" alt=\"\" class=\"wp-image-218\" srcset=\"\/docs-gik-b4p\/wp-content\/uploads\/sites\/3\/2020\/10\/AuswertungBearbeiten11.png 428w, \/docs-gik-b4p\/wp-content\/uploads\/sites\/3\/2020\/10\/AuswertungBearbeiten11-300x179.png 300w\" sizes=\"auto, (max-width: 428px) 100vw, 428px\" \/><\/a><\/figure>\n<\/div>\n<\/div>\n","protected":false},"excerpt":{"rendered":"<p>\u00dcber die Auswahl im Men\u00fc der rechten Maustaste kann der Nicht-Operator gew\u00e4hlt werden, um die Komplement\u00e4r-Menge einer Zielgruppe zu definieren.<\/p>\n","protected":false},"author":1,"featured_media":0,"parent":48,"menu_order":2,"comment_status":"closed","ping_status":"closed","template":"","meta":{"_acf_changed":false,"inline_featured_image":false,"footnotes":""},"class_list":["post-215","page","type-page","status-publish","hentry"],"acf":[],"_links":{"self":[{"href":"\/docs-gik-b4p\/wp-json\/wp\/v2\/pages\/215","targetHints":{"allow":["GET"]}}],"collection":[{"href":"\/docs-gik-b4p\/wp-json\/wp\/v2\/pages"}],"about":[{"href":"\/docs-gik-b4p\/wp-json\/wp\/v2\/types\/page"}],"author":[{"embeddable":true,"href":"\/docs-gik-b4p\/wp-json\/wp\/v2\/users\/1"}],"replies":[{"embeddable":true,"href":"\/docs-gik-b4p\/wp-json\/wp\/v2\/comments?post=215"}],"version-history":[{"count":1,"href":"\/docs-gik-b4p\/wp-json\/wp\/v2\/pages\/215\/revisions"}],"predecessor-version":[{"id":219,"href":"\/docs-gik-b4p\/wp-json\/wp\/v2\/pages\/215\/revisions\/219"}],"up":[{"embeddable":true,"href":"\/docs-gik-b4p\/wp-json\/wp\/v2\/pages\/48"}],"wp:attachment":[{"href":"\/docs-gik-b4p\/wp-json\/wp\/v2\/media?parent=215"}],"curies":[{"name":"wp","href":"https:\/\/api.w.org\/{rel}","templated":true}]}}