{"id":161,"date":"2020-10-08T06:11:50","date_gmt":"2020-10-08T06:11:50","guid":{"rendered":"\/docs-gik-b4p\/erstellen-zusammengesetzter-zielgruppen\/"},"modified":"2020-12-15T08:43:37","modified_gmt":"2020-12-15T08:43:37","slug":"erstellen-zusammengesetzter-zielgruppen","status":"publish","type":"page","link":"\/docs-gik-b4p\/hilfe\/zielgruppe\/zusammengesetzte-zielgruppen\/erstellen-zusammengesetzter-zielgruppen\/","title":{"rendered":"Erstellen zusammengesetzter Zielgruppen"},"content":{"rendered":"\n<p>Markieren Sie die gew\u00fcnschten Einzelzielgruppen im Codeplan und ziehen Sie diese mit der Maus auf den Arbeitsbereich. Es k\u00f6nnen sowohl einzelne Eintr\u00e4ge als auch komplette Merkmale auf das Arbeitsblatt gezogen werden. Die Zielgruppe wird als geschachtelte Box dargestellt.<\/p>\n\n\n\n<p>In der Titelzeile einer zusammengesetzten Zielgruppe werden die Bezeichnungen aller Zielgruppen und die Verkn\u00fcpfungsoperatoren \u00fcbernommen.<\/p>\n\n\n\n<p>Ist im <a href=\"\/docs-gik-b4p\/hilfe\/zielgruppendefinition\/layout-der-zielgruppe\/\">Layout <\/a>die Option <em>Merkmale gruppieren<\/em> gew\u00e4hlt (Standardeinstellung), gilt:<\/p>\n\n\n\n<ul class=\"wp-block-list\"><li>Codepunkte eines Merkmals werden mit ODER verbunden<\/li><li>Codepunkte, die zu unterschiedlichen Merkmalen\/ Fragen geh\u00f6ren, werden mit UND verkn\u00fcpft<\/li><\/ul>\n\n\n\n<figure class=\"wp-block-image size-large\"><img loading=\"lazy\" decoding=\"async\" width=\"780\" height=\"189\" src=\"\/docs-gik-b4p\/wp-content\/uploads\/sites\/3\/2020\/10\/ZGzusammen5.png\" alt=\"\" class=\"wp-image-399\" srcset=\"\/docs-gik-b4p\/wp-content\/uploads\/sites\/3\/2020\/10\/ZGzusammen5.png 780w, \/docs-gik-b4p\/wp-content\/uploads\/sites\/3\/2020\/10\/ZGzusammen5-300x73.png 300w, \/docs-gik-b4p\/wp-content\/uploads\/sites\/3\/2020\/10\/ZGzusammen5-768x186.png 768w\" sizes=\"auto, (max-width: 780px) 100vw, 780px\" \/><figcaption>Automatische Verkn\u00fcpfung innerhalb eines Merkmals mit ODER<\/figcaption><\/figure>\n\n\n\n<figure class=\"wp-block-image size-large\"><img loading=\"lazy\" decoding=\"async\" width=\"784\" height=\"316\" src=\"\/docs-gik-b4p\/wp-content\/uploads\/sites\/3\/2020\/10\/ZGzusammen6.png\" alt=\"\" class=\"wp-image-402\" srcset=\"\/docs-gik-b4p\/wp-content\/uploads\/sites\/3\/2020\/10\/ZGzusammen6.png 784w, \/docs-gik-b4p\/wp-content\/uploads\/sites\/3\/2020\/10\/ZGzusammen6-300x121.png 300w, \/docs-gik-b4p\/wp-content\/uploads\/sites\/3\/2020\/10\/ZGzusammen6-768x310.png 768w\" sizes=\"auto, (max-width: 784px) 100vw, 784px\" \/><figcaption>Automatische Verkn\u00fcpfung innerhalb eines Merkmals mit ODER, zwischen unterschiedlichen Merkmalen mit UND<\/figcaption><\/figure>\n\n\n\n<p>Zielgruppenpotenzial und Zielgruppenbeschriftung werden mit jeder Ver\u00e4nderung der Zielgruppe aktualisiert.<\/p>\n\n\n\n<p>Auf Klick der rechten Maustaste \u00f6ffnet sich ein Fenster zur Bearbeitung des Textes.<\/p>\n\n\n\n<p>Weitere Zielgruppen aus dem Codeplan k\u00f6nnen per Drag &amp; Drop jederzeit bestehenden Zielgruppen angef\u00fcgt werden. Bereits vorhandene Eintr\u00e4ge k\u00f6nnen in der Box \u00fcber das Men\u00fc der rechten Maustaste gel\u00f6scht werden.<\/p>\n\n\n\n<h2 class=\"wp-block-heading\">Zusammenfassen mehrerer Zielgruppen-Boxen zu einer Zielgruppe<\/h2>\n\n\n\n<p>Durch Zusammenfassen mehrerer Zielgruppen-Boxen k\u00f6nnen komplexe Zielgruppen erstellt werden.<\/p>\n\n\n\n<p>Dazu im Arbeitsbereich einen Rahmen um die gew\u00fcnschten Zielgruppen ziehen, oder mittels Drag &amp; Drop die Zielgruppen ineinander schachteln.<\/p>\n","protected":false},"excerpt":{"rendered":"<p>Markieren Sie die gew\u00fcnschten Einzelzielgruppen im Codeplan und ziehen Sie diese mit der Maus auf den Arbeitsbereich. Es k\u00f6nnen sowohl einzelne Eintr\u00e4ge als auch komplette Merkmale auf das Arbeitsblatt gezogen werden. Die Zielgruppe wird als geschachtelte Box dargestellt. In der Titelzeile einer zusammengesetzten Zielgruppe werden die Bezeichnungen aller Zielgruppen und die Verkn\u00fcpfungsoperatoren \u00fcbernommen. Ist im [&hellip;]<\/p>\n","protected":false},"author":1,"featured_media":0,"parent":160,"menu_order":0,"comment_status":"closed","ping_status":"closed","template":"","meta":{"_acf_changed":false,"inline_featured_image":false,"footnotes":""},"class_list":["post-161","page","type-page","status-publish","hentry"],"acf":[],"_links":{"self":[{"href":"\/docs-gik-b4p\/wp-json\/wp\/v2\/pages\/161","targetHints":{"allow":["GET"]}}],"collection":[{"href":"\/docs-gik-b4p\/wp-json\/wp\/v2\/pages"}],"about":[{"href":"\/docs-gik-b4p\/wp-json\/wp\/v2\/types\/page"}],"author":[{"embeddable":true,"href":"\/docs-gik-b4p\/wp-json\/wp\/v2\/users\/1"}],"replies":[{"embeddable":true,"href":"\/docs-gik-b4p\/wp-json\/wp\/v2\/comments?post=161"}],"version-history":[{"count":9,"href":"\/docs-gik-b4p\/wp-json\/wp\/v2\/pages\/161\/revisions"}],"predecessor-version":[{"id":864,"href":"\/docs-gik-b4p\/wp-json\/wp\/v2\/pages\/161\/revisions\/864"}],"up":[{"embeddable":true,"href":"\/docs-gik-b4p\/wp-json\/wp\/v2\/pages\/160"}],"wp:attachment":[{"href":"\/docs-gik-b4p\/wp-json\/wp\/v2\/media?parent=161"}],"curies":[{"name":"wp","href":"https:\/\/api.w.org\/{rel}","templated":true}]}}